{"id":8885,"date":"2024-09-30T10:19:40","date_gmt":"2024-09-30T08:19:40","guid":{"rendered":"https:\/\/antykilion.pl\/?post_type=product&#038;p=8885"},"modified":"2024-09-30T10:19:41","modified_gmt":"2024-09-30T08:19:41","slug":"stol-w-stylu-empire-xix-w-okolo-1810-r-obledny","status":"publish","type":"product","link":"https:\/\/antykilion.pl\/en\/product\/stol-w-stylu-empire-xix-w-okolo-1810-r-obledny\/","title":{"rendered":"St\u00f3\u0142 w stylu Empire XIX w oko\u0142o 1810 r ob\u0142\u0119dny !!!"},"content":{"rendered":"","protected":false},"excerpt":{"rendered":"<p>St\u00f3\u0142 w stylu Empire XIX w oko\u0142o 1810 r ob\u0142\u0119dny !!!<\/p>\n<p>St\u00f3\u0142 z okr\u0105g\u0142ym blatem, podstawa tr\u00f3jk\u0105tna, okr\u0105g\u0142a centralna kolumna, rze\u017abione elementy w formie li\u015bci i lwich \u0142ap<\/p>\n<p>Stan. Bardzo dobry, zwyk\u0142e \u015blady u\u017cytkowania,<\/p>\n<p>Materia\u0142: \u2013 czere\u015bnia drzewo czernione i z\u0142ocone<\/p>\n<p>Wymiary: wysoko\u015b\u0107 75 cm, \u015brednica blatu 103 cm<\/p>\n<p>Pochodzenie: Europa \u015arodkowa- Polska<\/p>\n<p>ob\u0142\u0119dny bez 2 zda\u0144 pierwsza klasa !!!<\/p>","protected":false},"featured_media":8886,"comment_status":"closed","ping_status":"closed","template":"","meta":[],"product_cat":[17,33],"product_tag":[],"class_list":{"0":"post-8885","1":"product","2":"type-product","3":"status-publish","4":"has-post-thumbnail","6":"product_cat-meble","7":"product_cat-stoly-stoliki","9":"entry","10":"has-media","12":"first","13":"instock","14":"taxable","15":"shipping-taxable","16":"purchasable","17":"product-type-simple","18":"has-product-nav","19":"col","20":"span_1_of_3","21":"owp-content-center","22":"owp-thumbs-layout-horizontal","23":"owp-btn-normal","24":"owp-tabs-layout-horizontal","25":"has-no-thumbnails"},"aioseo_notices":[],"_links":{"self":[{"href":"https:\/\/antykilion.pl\/en\/wp-json\/wp\/v2\/product\/8885","targetHints":{"allow":["GET"]}}],"collection":[{"href":"https:\/\/antykilion.pl\/en\/wp-json\/wp\/v2\/product"}],"about":[{"href":"https:\/\/antykilion.pl\/en\/wp-json\/wp\/v2\/types\/product"}],"replies":[{"embeddable":true,"href":"https:\/\/antykilion.pl\/en\/wp-json\/wp\/v2\/comments?post=8885"}],"wp:featuredmedia":[{"embeddable":true,"href":"https:\/\/antykilion.pl\/en\/wp-json\/wp\/v2\/media\/8886"}],"wp:attachment":[{"href":"https:\/\/antykilion.pl\/en\/wp-json\/wp\/v2\/media?parent=8885"}],"wp:term":[{"taxonomy":"product_cat","embeddable":true,"href":"https:\/\/antykilion.pl\/en\/wp-json\/wp\/v2\/product_cat?post=8885"},{"taxonomy":"product_tag","embeddable":true,"href":"https:\/\/antykilion.pl\/en\/wp-json\/wp\/v2\/product_tag?post=8885"}],"curies":[{"name":"wp","href":"https:\/\/api.w.org\/{rel}","templated":true}]}}