{"id":8910,"date":"2024-11-17T08:40:56","date_gmt":"2024-11-17T07:40:56","guid":{"rendered":"https:\/\/antykilion.pl\/?post_type=product&#038;p=8910"},"modified":"2024-11-17T08:40:57","modified_gmt":"2024-11-17T07:40:57","slug":"stolik-w-stylu-neorokoko-xix-w-piekny","status":"publish","type":"product","link":"https:\/\/antykilion.pl\/en\/product\/stolik-w-stylu-neorokoko-xix-w-piekny\/","title":{"rendered":"Stolik w stylu neorokoko XIX w, pi\u0119kny!!!"},"content":{"rendered":"","protected":false},"excerpt":{"rendered":"<p>St\u00f3\u0142 w stylu neorokoko XIX w, pi\u0119kny!<\/p>\n<p>St\u00f3\u0142 zbli\u017cony do owalu, o nogach spi\u0119tych krzy\u017cakiem z kwiatonem po\u015brodku. Blat obwiedziony obramieniem, wype\u0142niony wzorzystym fornirem kaukaskim oraz wyko\u0144czony ob\u0142\u0119dnie intarsj\u0105 w postaci wst\u0105\u017cki<\/p>\n<p>Stan. dobry, zwyk\u0142e \u015blady u\u017cytkowania,<\/p>\n<p>Materia\u0142: \u2013 orzech i orzech Kaukaski na blacie plama do dopieszczenia dlatego tak niska cena<\/p>\n<p>Wymiary: wysoko\u015b\u0107 77 cm, szeroko\u015b\u0107 70 cm, d\u0142ugo\u015b\u0107 104 cm<\/p>\n<p>Pochodzenie: Europa \u015arodkowa- Polska 2 po\u0142. XIX w.<\/p>\n<p>St\u00f3\u0142 na bardzo wysokim poziomie lecz do od\u015bwie\u017cenia<\/p>","protected":false},"featured_media":8911,"comment_status":"closed","ping_status":"closed","template":"","meta":[],"product_cat":[17,33],"product_tag":[],"class_list":{"0":"post-8910","1":"product","2":"type-product","3":"status-publish","4":"has-post-thumbnail","6":"product_cat-meble","7":"product_cat-stoly-stoliki","9":"entry","10":"has-media","12":"first","13":"instock","14":"taxable","15":"shipping-taxable","16":"purchasable","17":"product-type-simple","18":"has-product-nav","19":"col","20":"span_1_of_3","21":"owp-content-center","22":"owp-thumbs-layout-horizontal","23":"owp-btn-normal","24":"owp-tabs-layout-horizontal"},"aioseo_notices":[],"_links":{"self":[{"href":"https:\/\/antykilion.pl\/en\/wp-json\/wp\/v2\/product\/8910","targetHints":{"allow":["GET"]}}],"collection":[{"href":"https:\/\/antykilion.pl\/en\/wp-json\/wp\/v2\/product"}],"about":[{"href":"https:\/\/antykilion.pl\/en\/wp-json\/wp\/v2\/types\/product"}],"replies":[{"embeddable":true,"href":"https:\/\/antykilion.pl\/en\/wp-json\/wp\/v2\/comments?post=8910"}],"wp:featuredmedia":[{"embeddable":true,"href":"https:\/\/antykilion.pl\/en\/wp-json\/wp\/v2\/media\/8911"}],"wp:attachment":[{"href":"https:\/\/antykilion.pl\/en\/wp-json\/wp\/v2\/media?parent=8910"}],"wp:term":[{"taxonomy":"product_cat","embeddable":true,"href":"https:\/\/antykilion.pl\/en\/wp-json\/wp\/v2\/product_cat?post=8910"},{"taxonomy":"product_tag","embeddable":true,"href":"https:\/\/antykilion.pl\/en\/wp-json\/wp\/v2\/product_tag?post=8910"}],"curies":[{"name":"wp","href":"https:\/\/api.w.org\/{rel}","templated":true}]}}