{"id":8916,"date":"2024-11-17T10:44:22","date_gmt":"2024-11-17T09:44:22","guid":{"rendered":"https:\/\/antykilion.pl\/?post_type=product&#038;p=8916"},"modified":"2024-11-17T10:44:23","modified_gmt":"2024-11-17T09:44:23","slug":"stolik-bogato-intarsjowany-w-stylu-klasycystycznym-xviii-w-okolo-1790-r","status":"publish","type":"product","link":"https:\/\/antykilion.pl\/en\/product\/stolik-bogato-intarsjowany-w-stylu-klasycystycznym-xviii-w-okolo-1790-r\/","title":{"rendered":"Stolik bogato intarsjowany w stylu klasycystycznym XVIII w oko\u0142o 1790 r !!!"},"content":{"rendered":"","protected":false},"excerpt":{"rendered":"<p>Stolik bogato intarsjowany w stylu klasycystycznym XVIII w oko\u0142o 1790 r !!!<\/p>\n<p>Stolik prostok\u0105tny, na kolumnowej nodze. Blat, wype\u0142niony wzorzystym fornirem\u00a0 i ob\u0142\u0119dnie intarsjowany z ca\u0142a pewno\u015bci\u0105 klasa muzealna.<\/p>\n<p>Stan: zwyk\u0142e \u015blady u\u017cytkowania, noga ponownie podklejana niestety niezbyt udanie na blacie widoczna plamka po szklance<\/p>\n<p>Materia\u0142: \u2013 orzech i inne rodzaje drzewa<\/p>\n<p>Wymiary: wysoko\u015b\u0107 68 cm, szeroko\u015b\u0107 59 cm, d\u0142ugo\u015b\u0107 90 cm<\/p>\n<p>Pochodzenie: Europa \u015arodkowa- Polska 2 po\u0142. XIX w.<\/p>\n<p>Pi\u0119kny!!<\/p>\n<p>Okazja !!!<\/p>","protected":false},"featured_media":8917,"comment_status":"closed","ping_status":"closed","template":"","meta":[],"product_cat":[17,33],"product_tag":[],"class_list":{"0":"post-8916","1":"product","2":"type-product","3":"status-publish","4":"has-post-thumbnail","6":"product_cat-meble","7":"product_cat-stoly-stoliki","9":"entry","10":"has-media","12":"first","13":"instock","14":"taxable","15":"shipping-taxable","16":"purchasable","17":"product-type-simple","18":"has-product-nav","19":"col","20":"span_1_of_3","21":"owp-content-center","22":"owp-thumbs-layout-horizontal","23":"owp-btn-normal","24":"owp-tabs-layout-horizontal"},"aioseo_notices":[],"_links":{"self":[{"href":"https:\/\/antykilion.pl\/en\/wp-json\/wp\/v2\/product\/8916","targetHints":{"allow":["GET"]}}],"collection":[{"href":"https:\/\/antykilion.pl\/en\/wp-json\/wp\/v2\/product"}],"about":[{"href":"https:\/\/antykilion.pl\/en\/wp-json\/wp\/v2\/types\/product"}],"replies":[{"embeddable":true,"href":"https:\/\/antykilion.pl\/en\/wp-json\/wp\/v2\/comments?post=8916"}],"wp:featuredmedia":[{"embeddable":true,"href":"https:\/\/antykilion.pl\/en\/wp-json\/wp\/v2\/media\/8917"}],"wp:attachment":[{"href":"https:\/\/antykilion.pl\/en\/wp-json\/wp\/v2\/media?parent=8916"}],"wp:term":[{"taxonomy":"product_cat","embeddable":true,"href":"https:\/\/antykilion.pl\/en\/wp-json\/wp\/v2\/product_cat?post=8916"},{"taxonomy":"product_tag","embeddable":true,"href":"https:\/\/antykilion.pl\/en\/wp-json\/wp\/v2\/product_tag?post=8916"}],"curies":[{"name":"wp","href":"https:\/\/api.w.org\/{rel}","templated":true}]}}