{"id":8983,"date":"2024-11-24T07:15:44","date_gmt":"2024-11-24T06:15:44","guid":{"rendered":"https:\/\/antykilion.pl\/?post_type=product&#038;p=8983"},"modified":"2025-02-22T16:11:20","modified_gmt":"2025-02-22T15:11:20","slug":"czeslaw-wasilewski-polowanie-par-force-z-ogarami-okolo-1900-r","status":"publish","type":"product","link":"https:\/\/antykilion.pl\/en\/product\/czeslaw-wasilewski-polowanie-par-force-z-ogarami-okolo-1900-r\/","title":{"rendered":"Czes\u0142aw Wasilewski, POLOWANIE PAR FORCE Z OGARAMI Oko\u0142o 1900 r"},"content":{"rendered":"","protected":false},"excerpt":{"rendered":"<p>Czes\u0142aw Wasilewski, POLOWANIE PAR FORCE Z OGARAMI Oko\u0142o 1900 r<\/p>\n<p>Czes\u0142aw Wasilewski, znany r\u00f3wnie\u017c jako\u00a0Ignacy Zygmuntowicz\u00a0(ur.\u00a01875\u00a0w\u00a0Warszawie, zm.\u00a030 czerwca\u00a01947[1]\u00a0w\u00a0\u0141odzi) \u2013 polski\u00a0malarz.<\/p>\n<p>Kunsztu malarskiego nauczy\u0142 si\u0119 sam, w 1911 zapisa\u0142 si\u0119 na studia w warszawskiej\u00a0Szkole Sztuk Pi\u0119knych, ale nie istniej\u0105 \u017cadne dowody na to, \u017ce studiowa\u0142. Je\u015bli tak mog\u0142o si\u0119 zdarzy\u0107 to studiowa\u0142by do oko\u0142o 1917 i by\u0142by prawdopodobnie studentem\u00a0Wojciecha Kossaka. Przypuszczenia te krytycy t\u0142umaczyli faktem, \u017ce na pocz\u0105tku lat 20. XX wieku Czes\u0142aw Wasilewski przygotowywa\u0142 tak zwane\u00a0podmal\u00f3wki\u00a0dla Kossaka.<\/p>\n<p>Gr\u00f3b Czes\u0142awa Wasilewskiego na Cmentarzu Br\u00f3dnowskim.<\/p>\n<p>Wasilewski mieszka\u0142 i tworzy\u0142 w Warszawie, a jego tw\u00f3rczo\u015b\u0107 nie by\u0142a biernym kopiowaniem, mia\u0142 sw\u00f3j w\u0142asny styl, a jego prace potwierdza\u0142y tw\u00f3rcz\u0105 indywidualno\u015b\u0107. Malowa\u0142 najcz\u0119\u015bciej sceny polowa\u0144, zaprz\u0119g\u00f3w, kulig\u00f3w, zwierz\u0105t w lesie oraz\u00a0batalistyczne. Du\u017co rzadziej malowa\u0142 kwiaty i\u00a0martwe natury. W swoich\u00a0obrazach\u00a0nawi\u0105zywa\u0142 do tw\u00f3rczo\u015bci takich artyst\u00f3w jak mi\u0119dzy innymi\u00a0J\u00f3zef Brandt,\u00a0J\u00f3zef Che\u0142mo\u0144ski\u00a0czy\u00a0Alfred Wierusz-Kowalski. Wielokrotnie uczestniczy\u0142 w krajowych wystawach\u00a0malarstwa\u00a0mi\u0119dzy innymi w\u00a0Lublinie,\u00a0Katowicach,\u00a0Cz\u0119stochowie,\u00a0Gdyni\u00a0i\u00a0Poznaniu\u00a0oraz wystawia\u0142 swoje dzie\u0142a w\u00a0Towarzystwie Zach\u0119ty Sztuk Pi\u0119knych w Warszawie.<\/p>\n<p>Po 1930 zacz\u0105\u0142 swoje prace podpisywa\u0107 nazwiskiem \u201eZygmuntowicz\u201d oraz liter\u0105 I. lub F. (Ignacy lub Franciszek?).<\/p>\n<p>Obrazy Czes\u0142awa Wasilewskiego znajduj\u0105 si\u0119 w kolekcjach\u00a0Muzeum Narodowego w Warszawie, oraz muzeach regionalnych w\u00a0\u0141a\u0144cucie,\u00a0\u0141odzi\u00a0i\u00a0Lesznie\u00a0a tak\u017ce w\u00a0Muzeum \u0141owiectwa i Je\u017adziectwa\u00a0w\u00a0\u0141azienkach Kr\u00f3lewskich.<\/p>\n<p>Technique: oil on canvas<\/p>\n<p>Stan: bardzo dobry,<\/p>\n<p>Signature: visible in the picture<\/p>\n<p>Wymiary:\u00a0 p\u0142\u00f3tna 50 cm na 80 cm\u00a0 + rama\u00a0 62 cm na 92 cm<\/p>\n<p>Do ka\u017cdego przedmiotu Galeria wystawia certyfikat.<\/p>","protected":false},"featured_media":8984,"comment_status":"closed","ping_status":"closed","template":"","meta":[],"product_cat":[41,39,40],"product_tag":[],"class_list":{"0":"post-8983","1":"product","2":"type-product","3":"status-publish","4":"has-post-thumbnail","6":"product_cat-malarstwo-dawne","7":"product_cat-dziela-sztuki","8":"product_cat-malarstwo","10":"entry","11":"has-media","13":"first","14":"instock","15":"taxable","16":"shipping-taxable","17":"purchasable","18":"product-type-simple","19":"has-product-nav","20":"col","21":"span_1_of_3","22":"owp-content-center","23":"owp-thumbs-layout-horizontal","24":"owp-btn-normal","25":"owp-tabs-layout-horizontal"},"aioseo_notices":[],"_links":{"self":[{"href":"https:\/\/antykilion.pl\/en\/wp-json\/wp\/v2\/product\/8983","targetHints":{"allow":["GET"]}}],"collection":[{"href":"https:\/\/antykilion.pl\/en\/wp-json\/wp\/v2\/product"}],"about":[{"href":"https:\/\/antykilion.pl\/en\/wp-json\/wp\/v2\/types\/product"}],"replies":[{"embeddable":true,"href":"https:\/\/antykilion.pl\/en\/wp-json\/wp\/v2\/comments?post=8983"}],"wp:featuredmedia":[{"embeddable":true,"href":"https:\/\/antykilion.pl\/en\/wp-json\/wp\/v2\/media\/8984"}],"wp:attachment":[{"href":"https:\/\/antykilion.pl\/en\/wp-json\/wp\/v2\/media?parent=8983"}],"wp:term":[{"taxonomy":"product_cat","embeddable":true,"href":"https:\/\/antykilion.pl\/en\/wp-json\/wp\/v2\/product_cat?post=8983"},{"taxonomy":"product_tag","embeddable":true,"href":"https:\/\/antykilion.pl\/en\/wp-json\/wp\/v2\/product_tag?post=8983"}],"curies":[{"name":"wp","href":"https:\/\/api.w.org\/{rel}","templated":true}]}}