{"id":9006,"date":"2024-11-25T14:43:44","date_gmt":"2024-11-25T13:43:44","guid":{"rendered":"https:\/\/antykilion.pl\/?post_type=product&#038;p=9006"},"modified":"2024-11-25T14:55:56","modified_gmt":"2024-11-25T13:55:56","slug":"ogromny-serwis-obiadowo-kawowy-i-herbaciany-10-osob-limoges-jean-boyer-art-deco","status":"publish","type":"product","link":"https:\/\/antykilion.pl\/en\/product\/ogromny-serwis-obiadowo-kawowy-i-herbaciany-10-osob-limoges-jean-boyer-art-deco\/","title":{"rendered":"Ogromny Serwis obiadowo kawowy\u00a0 i herbaciany 10 os\u00f3b Limoges Jean Boyer Art Deco"},"content":{"rendered":"","protected":false},"excerpt":{"rendered":"<p>Ogromny Serwis obiadowo kawowy\u00a0 i herbaciany 10 os\u00f3b Limoges Jean Boyer Art Deco<\/p>\n<p>Decorated in pink roses, lovely,<\/p>\n<p>20 talerzy obiadowych p\u0142askich 24 cm<\/p>\n<p>10 talerzy obiadowych g\u0142\u0119bokich 24 cm w tym 1 ma ma\u0142y ubytek na rancie<\/p>\n<p>10 talerzyk\u00f3w przystawkowych\u00a0 22 cm w tym 1 ma ma\u0142y ubytek na rancie<\/p>\n<p>10 talerzyk\u00f3w \u015bniadaniowych 20 cm w tym 1 ma ma\u0142y ubytek na rancie<\/p>\n<p>10 talerzyk\u00f3w deserowych 15,5 cm<\/p>\n<p>10 podstawek pod fili\u017canki do herbaty 14,5 cm<\/p>\n<p>10 podstawek pod fili\u017canki do herbaty 13,5 cm<\/p>\n<p>1 talerz przystawkowy ogromny 29,5 cm<\/p>\n<p>1 miska ogromna\u00a0 \u015br. 30 cm wys. 6,5 cm<\/p>\n<p>1 talerz deserowy na wysokiej nodze \u015br. 22 cm wys. 7,5 cm<\/p>\n<p>1 waza do zupy wysoko\u015b\u0107 18 cm szer. 25 cm d\u0142. z uszami 38 cm<\/p>\n<p>1 waza do przystawek bez przykrywki wys. 7,5 cm szer. 21 cm d\u0142. 32 cm<\/p>\n<p>1 sosjerka wysoko\u015b\u0107 9 cm, szeroko\u015b\u0107 15 cm, d\u0142ugo\u015b\u0107 25 cm<\/p>\n<p>1 p\u00f3\u0142misek \u015bredni g\u0142\u0119boki 35,5 cm na 23,5 cm<\/p>\n<p>1 p\u00f3\u0142misek du\u017cy g\u0142. 41,5 cm na 28,5 cm<\/p>\n<p>1 p\u00f3\u0142miski ma\u0142y 24,5 cm na 14,5 cm<\/p>\n<p>1 dzbanek do kawy i herbaty szer.26 cm wys. 24 cm\u00a0\u00a0<\/p>\n<p>1 cukiernica szer. 18 cm wys. 18 cm<\/p>\n<p>1 mlecznik szer. 12,5 cm wys. 12,5 cm<\/p>\n<p>10 fili\u017canek na kaw\u0119 \u015br. otworu 5,5 cm z uchem\u00a0 oko\u0142o 8,5 cm wys. 6 cm\u00a0 normalna wielko\u015b\u0107<\/p>\n<p>10 fili\u017canek na herbaty \u015br. otworu 7,5 cm z uchem\u00a0 oko\u0142o 10,5 cm wys. 6 cm\u00a0 du\u017ca wielko\u015b\u0107<\/p>\n<p>Very good condition<\/p>","protected":false},"featured_media":9007,"comment_status":"closed","ping_status":"closed","template":"","meta":[],"product_cat":[50],"product_tag":[],"class_list":{"0":"post-9006","1":"product","2":"type-product","3":"status-publish","4":"has-post-thumbnail","6":"product_cat-porcelana-i-fajans","8":"entry","9":"has-media","11":"first","12":"instock","13":"taxable","14":"shipping-taxable","15":"purchasable","16":"product-type-simple","17":"has-product-nav","18":"col","19":"span_1_of_3","20":"owp-content-center","21":"owp-thumbs-layout-horizontal","22":"owp-btn-normal","23":"owp-tabs-layout-horizontal"},"aioseo_notices":[],"_links":{"self":[{"href":"https:\/\/antykilion.pl\/en\/wp-json\/wp\/v2\/product\/9006","targetHints":{"allow":["GET"]}}],"collection":[{"href":"https:\/\/antykilion.pl\/en\/wp-json\/wp\/v2\/product"}],"about":[{"href":"https:\/\/antykilion.pl\/en\/wp-json\/wp\/v2\/types\/product"}],"replies":[{"embeddable":true,"href":"https:\/\/antykilion.pl\/en\/wp-json\/wp\/v2\/comments?post=9006"}],"wp:featuredmedia":[{"embeddable":true,"href":"https:\/\/antykilion.pl\/en\/wp-json\/wp\/v2\/media\/9007"}],"wp:attachment":[{"href":"https:\/\/antykilion.pl\/en\/wp-json\/wp\/v2\/media?parent=9006"}],"wp:term":[{"taxonomy":"product_cat","embeddable":true,"href":"https:\/\/antykilion.pl\/en\/wp-json\/wp\/v2\/product_cat?post=9006"},{"taxonomy":"product_tag","embeddable":true,"href":"https:\/\/antykilion.pl\/en\/wp-json\/wp\/v2\/product_tag?post=9006"}],"curies":[{"name":"wp","href":"https:\/\/api.w.org\/{rel}","templated":true}]}}