{"id":9018,"date":"2024-11-26T13:36:09","date_gmt":"2024-11-26T12:36:09","guid":{"rendered":"https:\/\/antykilion.pl\/?post_type=product&#038;p=9018"},"modified":"2025-05-18T10:20:52","modified_gmt":"2025-05-18T08:20:52","slug":"filizanki-kolekcjonerskie-rosenthal-secesja-w-konwalie-lata-1890-1900-r","status":"publish","type":"product","link":"https:\/\/antykilion.pl\/en\/product\/filizanki-kolekcjonerskie-rosenthal-secesja-w-konwalie-lata-1890-1900-r\/","title":{"rendered":"Fili\u017canki kolekcjonerskie Rosenthal secesja w konwalie lata 1890\/1900 r"},"content":{"rendered":"","protected":false},"excerpt":{"rendered":"<p>Fili\u017canki kolekcjonerskie Rosenthal secesja w konwalie lata 1890\/1900 r<\/p>\n<p>spodek 11,5 cm<\/p>\n<p>Fili\u017canka wysoko\u015b\u0107 5,5 cm \u015brednica 5 cm + ucho<\/p>\n<p>Sygnatura z okresu mi\u0119dzywojennego lata 1890\/1900<\/p>\n<p>stan: bardzo dobry<\/p>\n<p>okazjonalna cena !!!<\/p>\n<p>Cena dotyczy 1 szt<\/p>\n<p>Mamy na dzie\u0144 dzisiejszy 3 szt<\/p>","protected":false},"featured_media":9019,"comment_status":"closed","ping_status":"closed","template":"","meta":[],"product_cat":[50],"product_tag":[],"class_list":{"0":"post-9018","1":"product","2":"type-product","3":"status-publish","4":"has-post-thumbnail","6":"product_cat-porcelana-i-fajans","8":"entry","9":"has-media","11":"first","12":"instock","13":"taxable","14":"shipping-taxable","15":"purchasable","16":"product-type-simple","17":"has-product-nav","18":"col","19":"span_1_of_3","20":"owp-content-center","21":"owp-thumbs-layout-horizontal","22":"owp-btn-normal","23":"owp-tabs-layout-horizontal"},"aioseo_notices":[],"_links":{"self":[{"href":"https:\/\/antykilion.pl\/en\/wp-json\/wp\/v2\/product\/9018","targetHints":{"allow":["GET"]}}],"collection":[{"href":"https:\/\/antykilion.pl\/en\/wp-json\/wp\/v2\/product"}],"about":[{"href":"https:\/\/antykilion.pl\/en\/wp-json\/wp\/v2\/types\/product"}],"replies":[{"embeddable":true,"href":"https:\/\/antykilion.pl\/en\/wp-json\/wp\/v2\/comments?post=9018"}],"wp:featuredmedia":[{"embeddable":true,"href":"https:\/\/antykilion.pl\/en\/wp-json\/wp\/v2\/media\/9019"}],"wp:attachment":[{"href":"https:\/\/antykilion.pl\/en\/wp-json\/wp\/v2\/media?parent=9018"}],"wp:term":[{"taxonomy":"product_cat","embeddable":true,"href":"https:\/\/antykilion.pl\/en\/wp-json\/wp\/v2\/product_cat?post=9018"},{"taxonomy":"product_tag","embeddable":true,"href":"https:\/\/antykilion.pl\/en\/wp-json\/wp\/v2\/product_tag?post=9018"}],"curies":[{"name":"wp","href":"https:\/\/api.w.org\/{rel}","templated":true}]}}