{"id":9049,"date":"2024-11-28T10:00:02","date_gmt":"2024-11-28T09:00:02","guid":{"rendered":"https:\/\/antykilion.pl\/?post_type=product&#038;p=9049"},"modified":"2024-11-28T10:00:02","modified_gmt":"2024-11-28T09:00:02","slug":"piekna-cyganka-na-szczescie-charles-roka","status":"publish","type":"product","link":"https:\/\/antykilion.pl\/en\/product\/piekna-cyganka-na-szczescie-charles-roka\/","title":{"rendered":"Pi\u0119kna cyganka na szcz\u0119\u015bcie Charles Roka"},"content":{"rendered":"","protected":false},"excerpt":{"rendered":"<p>Pi\u0119kna cyganka na szcz\u0119\u015bcie Charles Roka<\/p>\n<p>Charles Roka by\u0142 w\u0119gierskim malarzem mieszkaj\u0105cym w Norwegii, kt\u00f3rego nazwisko sta\u0142o si\u0119 synonimem nadmiaru artystycznego kiczu. Roka urodzi\u0142 si\u0119 na W\u0119grzech w 1912 roku. Po uko\u0144czeniu studi\u00f3w na Akademii Sztuk Pi\u0119knych w Budapeszcie wyruszy\u0142 w europejsk\u0105 podr\u00f3\u017c.<\/p>\n<p>Zobacz oryginalny opis<\/p>\n<p>Data i\u00a0miejsce urodzenia:\u00a01912,\u00a0W\u0119gry<\/p>\n<p>Data i\u00a0miejsce \u015bmierci:\u00a01999,\u00a0B\u00e6rum, Norwegia<\/p>\n<p>Dzie\u0142a sztuki:\u00a0Lekande Barn,\u00a0Gipsy Girl,\u00a0Nakenakt<\/p>\n<p>Technique: oil on canvas<\/p>\n<p>Stan: bardzo dobry,<\/p>\n<p>Signature: visible in the picture<\/p>\n<p>Wymiary:\u00a0 p\u0142\u00f3tna 64 cm na 781 cm\u00a0 + rama\u00a0 85 cm na 101 cm<\/p>\n<p>Do ka\u017cdego przedmiotu Galeria wystawia certyfikat.<\/p>","protected":false},"featured_media":9050,"comment_status":"closed","ping_status":"closed","template":"","meta":[],"product_cat":[41,39,40],"product_tag":[],"class_list":{"0":"post-9049","1":"product","2":"type-product","3":"status-publish","4":"has-post-thumbnail","6":"product_cat-malarstwo-dawne","7":"product_cat-dziela-sztuki","8":"product_cat-malarstwo","10":"entry","11":"has-media","13":"first","14":"instock","15":"taxable","16":"shipping-taxable","17":"purchasable","18":"product-type-simple","19":"has-product-nav","20":"col","21":"span_1_of_3","22":"owp-content-center","23":"owp-thumbs-layout-horizontal","24":"owp-btn-normal","25":"owp-tabs-layout-horizontal","26":"has-no-thumbnails"},"aioseo_notices":[],"_links":{"self":[{"href":"https:\/\/antykilion.pl\/en\/wp-json\/wp\/v2\/product\/9049","targetHints":{"allow":["GET"]}}],"collection":[{"href":"https:\/\/antykilion.pl\/en\/wp-json\/wp\/v2\/product"}],"about":[{"href":"https:\/\/antykilion.pl\/en\/wp-json\/wp\/v2\/types\/product"}],"replies":[{"embeddable":true,"href":"https:\/\/antykilion.pl\/en\/wp-json\/wp\/v2\/comments?post=9049"}],"wp:featuredmedia":[{"embeddable":true,"href":"https:\/\/antykilion.pl\/en\/wp-json\/wp\/v2\/media\/9050"}],"wp:attachment":[{"href":"https:\/\/antykilion.pl\/en\/wp-json\/wp\/v2\/media?parent=9049"}],"wp:term":[{"taxonomy":"product_cat","embeddable":true,"href":"https:\/\/antykilion.pl\/en\/wp-json\/wp\/v2\/product_cat?post=9049"},{"taxonomy":"product_tag","embeddable":true,"href":"https:\/\/antykilion.pl\/en\/wp-json\/wp\/v2\/product_tag?post=9049"}],"curies":[{"name":"wp","href":"https:\/\/api.w.org\/{rel}","templated":true}]}}