{"id":9072,"date":"2024-12-08T18:07:28","date_gmt":"2024-12-08T17:07:28","guid":{"rendered":"https:\/\/antykilion.pl\/?post_type=product&#038;p=9072"},"modified":"2025-10-29T15:22:51","modified_gmt":"2025-10-29T14:22:51","slug":"obledna-bransoletka-z-12-brylantami-i-11-szmaragdami-zloto-14k","status":"publish","type":"product","link":"https:\/\/antykilion.pl\/en\/product\/obledna-bransoletka-z-12-brylantami-i-11-szmaragdami-zloto-14k\/","title":{"rendered":"Ob\u0142\u0119dna bransoletka z 12 brylantami i 11 szmaragdami z\u0142oto 14k"},"content":{"rendered":"","protected":false},"excerpt":{"rendered":"<p>Ob\u0142\u0119dna bransoletka z 12 brylantami i 11 szmaragdami z\u0142oto 14k<\/p>\n<p>BRANSOLETA z 14-karatowego z\u0142ota, z brylantami i szmaragdami, masa ca\u0142kowita ok. 16 g<\/p>\n<p>Model sztywny, otwierany, z o\u015bmiok\u0105tnymi diamentami i zielonymi szmaragdami, por\u0119cz z a\u017curow\u0105 dekoracj\u0105, \u0142a\u0144cuszek zabezpieczaj\u0105cy, d\u0142ugo\u015b\u0107 wewn\u0119trzna ok. 5,5 m<\/p>\n<p>Beautiful and unique !!!<\/p>","protected":false},"featured_media":9073,"comment_status":"closed","ping_status":"closed","template":"","meta":[],"product_cat":[65,69],"product_tag":[],"class_list":{"0":"post-9072","1":"product","2":"type-product","3":"status-publish","4":"has-post-thumbnail","6":"product_cat-bizuteria","7":"product_cat-bransoletki","9":"entry","10":"has-media","12":"first","13":"instock","14":"taxable","15":"shipping-taxable","16":"purchasable","17":"product-type-simple","18":"has-product-nav","19":"col","20":"span_1_of_3","21":"owp-content-center","22":"owp-thumbs-layout-horizontal","23":"owp-btn-normal","24":"owp-tabs-layout-horizontal"},"aioseo_notices":[],"_links":{"self":[{"href":"https:\/\/antykilion.pl\/en\/wp-json\/wp\/v2\/product\/9072","targetHints":{"allow":["GET"]}}],"collection":[{"href":"https:\/\/antykilion.pl\/en\/wp-json\/wp\/v2\/product"}],"about":[{"href":"https:\/\/antykilion.pl\/en\/wp-json\/wp\/v2\/types\/product"}],"replies":[{"embeddable":true,"href":"https:\/\/antykilion.pl\/en\/wp-json\/wp\/v2\/comments?post=9072"}],"wp:featuredmedia":[{"embeddable":true,"href":"https:\/\/antykilion.pl\/en\/wp-json\/wp\/v2\/media\/9073"}],"wp:attachment":[{"href":"https:\/\/antykilion.pl\/en\/wp-json\/wp\/v2\/media?parent=9072"}],"wp:term":[{"taxonomy":"product_cat","embeddable":true,"href":"https:\/\/antykilion.pl\/en\/wp-json\/wp\/v2\/product_cat?post=9072"},{"taxonomy":"product_tag","embeddable":true,"href":"https:\/\/antykilion.pl\/en\/wp-json\/wp\/v2\/product_tag?post=9072"}],"curies":[{"name":"wp","href":"https:\/\/api.w.org\/{rel}","templated":true}]}}