{"id":9081,"date":"2024-12-14T11:59:46","date_gmt":"2024-12-14T10:59:46","guid":{"rendered":"https:\/\/antykilion.pl\/?post_type=product&#038;p=9081"},"modified":"2025-08-30T18:23:11","modified_gmt":"2025-08-30T16:23:11","slug":"serwis-rosenthal-obiadowo-kawowo-herbaciany-maria-rozyczki-syg-1930-40r-12-os","status":"publish","type":"product","link":"https:\/\/antykilion.pl\/en\/product\/serwis-rosenthal-obiadowo-kawowo-herbaciany-maria-rozyczki-syg-1930-40r-12-os\/","title":{"rendered":"Serwis Rosenthal obiadowo kawowo herbaciany Maria r\u00f3\u017cyczki syg 1930\/40r 12 os"},"content":{"rendered":"","protected":false},"excerpt":{"rendered":"<p>Serwis Rosenthal obiadowo kawowo herbaciany Maria r\u00f3\u017cyczki syg 1930\/40r 12 os<\/p>\n<p>dodatkowa sygnatura &#8221; Modell von Ph. Rosenthal &#8221; , co jest informacj\u0105, \u017ce ten model zosta\u0142 osobi\u015bcie zaprojektowany przez tw\u00f3rc\u0119 firmy &#8211; Philippe Rosenthala.<\/p>\n<p>Okazja !!!<\/p>\n<p>The website consists of:<\/p>\n<p>12 talerzy p\u0142ytkich o \u015brednicy ok. 24,5 cm<\/p>\n<p>12 g\u0142\u0119bokich talerzy, \u015brednica ok. 24,5 cm<\/p>\n<p>12 g\u0142\u0119bokich talerzy \u015brednica ok. 21,5 cm<\/p>\n<p>12 p\u0142ytek wej\u015bciowych, \u015brednica ok. 21,5 cm<\/p>\n<p>12 talerzyk\u00f3w \u015bniadaniowych\u00a0 17,5 cm<\/p>\n<p>12 podstawek pod fili\u017canki do kawy oko\u0142o 12 cm<\/p>\n<p>12 podstawek pod fili\u017canki do herbaty oko\u0142o 16 cm<\/p>\n<p>10 fili\u017canek do herbaty ogromne \u015brednica bez ucha oko\u0142o 11 cm wysoko\u015b\u0107 oko\u0142o 6,5 cm<\/p>\n<p>11 fili\u017canek do kawy jedna ma malutki chip na rancie \u015brednica bez ucha oko\u0142o 7 cm wysoko\u015b\u0107 oko\u0142o 5 cm<\/p>\n<p>12 kieliszk\u00f3w do jajek oko\u0142o 7 cm<\/p>\n<p>1 coffee pot<\/p>\n<p>1 tea pot<\/p>\n<p>1 sugar bowl<\/p>\n<p>1 dairy<\/p>\n<p>1 dzbanek do mleka du\u017cy<\/p>\n<p>1 sosjerka du\u017ca, d\u0142ugo\u015b\u0107 23 cm<\/p>\n<p>1 talerz do ciasta d\u0142ugo\u015b\u0107 30 cm<\/p>\n<p>2 miski do serwowania, \u015brednica ok. 24 cm<\/p>\n<p>6 p\u00f3\u0142misk\u00f3w do serwowania, d\u0142ugo\u015b\u0107 ok. 25 &#8211; 38 cm<\/p>\n<p>1 waza do zupy z pokrywk\u0105, d\u0142ugo\u015b\u0107 ok. 35cm.<\/p>\n<p>Stan bardzo dobry wr\u0119cz idealny<\/p>\n<p>Pi\u0119kny bardzo elegancki<\/p>","protected":false},"featured_media":9082,"comment_status":"closed","ping_status":"closed","template":"","meta":[],"product_cat":[50],"product_tag":[],"class_list":{"0":"post-9081","1":"product","2":"type-product","3":"status-publish","4":"has-post-thumbnail","6":"product_cat-porcelana-i-fajans","8":"entry","9":"has-media","11":"first","12":"instock","13":"taxable","14":"shipping-taxable","15":"purchasable","16":"product-type-simple","17":"has-product-nav","18":"col","19":"span_1_of_3","20":"owp-content-center","21":"owp-thumbs-layout-horizontal","22":"owp-btn-normal","23":"owp-tabs-layout-horizontal"},"aioseo_notices":[],"_links":{"self":[{"href":"https:\/\/antykilion.pl\/en\/wp-json\/wp\/v2\/product\/9081","targetHints":{"allow":["GET"]}}],"collection":[{"href":"https:\/\/antykilion.pl\/en\/wp-json\/wp\/v2\/product"}],"about":[{"href":"https:\/\/antykilion.pl\/en\/wp-json\/wp\/v2\/types\/product"}],"replies":[{"embeddable":true,"href":"https:\/\/antykilion.pl\/en\/wp-json\/wp\/v2\/comments?post=9081"}],"wp:featuredmedia":[{"embeddable":true,"href":"https:\/\/antykilion.pl\/en\/wp-json\/wp\/v2\/media\/9082"}],"wp:attachment":[{"href":"https:\/\/antykilion.pl\/en\/wp-json\/wp\/v2\/media?parent=9081"}],"wp:term":[{"taxonomy":"product_cat","embeddable":true,"href":"https:\/\/antykilion.pl\/en\/wp-json\/wp\/v2\/product_cat?post=9081"},{"taxonomy":"product_tag","embeddable":true,"href":"https:\/\/antykilion.pl\/en\/wp-json\/wp\/v2\/product_tag?post=9081"}],"curies":[{"name":"wp","href":"https:\/\/api.w.org\/{rel}","templated":true}]}}