{"id":9090,"date":"2024-12-14T17:13:28","date_gmt":"2024-12-14T16:13:28","guid":{"rendered":"https:\/\/antykilion.pl\/?post_type=product&#038;p=9090"},"modified":"2024-12-24T09:57:37","modified_gmt":"2024-12-24T08:57:37","slug":"lomonosow-serwis-kawowy-na-6-osob-kobalt","status":"publish","type":"product","link":"https:\/\/antykilion.pl\/en\/product\/lomonosow-serwis-kawowy-na-6-osob-kobalt\/","title":{"rendered":"\u0141omonosow serwis kawowy na 6 os\u00f3b kobalt."},"content":{"rendered":"","protected":false},"excerpt":{"rendered":"<p>\u0141omonosow serwis kawowy na 6 os\u00f3b kobalt.<\/p>\n<p>Gorgeous !!!<\/p>\n<p>kolor lekkie ecru<\/p>\n<p>included in the website<\/p>\n<p>6 talerzyk\u00f3w deserowych 15,5 cm<\/p>\n<p>6 podstawek pod fili\u017canki do kawy 11,5 cm<\/p>\n<p>6 fili\u017canek do kawy \u015brednica bez ucha 7,5 cm, wysoko\u015b\u0107 6 cm<\/p>\n<p>1 cukiernica wysoko\u015b\u0107 11 cm<\/p>\n<p>1 mlecznik wysoko\u015b\u0107 9 cm<\/p>\n<p>1 dzbanek do kawy wysoko\u015b\u0107 19 cm<\/p>\n<p>1 miska na s\u0142odycze du\u017ca \u015brednica 22 cm<\/p>\n<p>Pi\u0119kna klasyka\u00a0<\/p>\n<p>stan: bardzo dobry<\/p>","protected":false},"featured_media":9091,"comment_status":"closed","ping_status":"closed","template":"","meta":[],"product_cat":[50],"product_tag":[],"class_list":{"0":"post-9090","1":"product","2":"type-product","3":"status-publish","4":"has-post-thumbnail","6":"product_cat-porcelana-i-fajans","8":"entry","9":"has-media","11":"first","12":"instock","13":"taxable","14":"shipping-taxable","15":"purchasable","16":"product-type-simple","17":"has-product-nav","18":"col","19":"span_1_of_3","20":"owp-content-center","21":"owp-thumbs-layout-horizontal","22":"owp-btn-normal","23":"owp-tabs-layout-horizontal"},"aioseo_notices":[],"_links":{"self":[{"href":"https:\/\/antykilion.pl\/en\/wp-json\/wp\/v2\/product\/9090","targetHints":{"allow":["GET"]}}],"collection":[{"href":"https:\/\/antykilion.pl\/en\/wp-json\/wp\/v2\/product"}],"about":[{"href":"https:\/\/antykilion.pl\/en\/wp-json\/wp\/v2\/types\/product"}],"replies":[{"embeddable":true,"href":"https:\/\/antykilion.pl\/en\/wp-json\/wp\/v2\/comments?post=9090"}],"wp:featuredmedia":[{"embeddable":true,"href":"https:\/\/antykilion.pl\/en\/wp-json\/wp\/v2\/media\/9091"}],"wp:attachment":[{"href":"https:\/\/antykilion.pl\/en\/wp-json\/wp\/v2\/media?parent=9090"}],"wp:term":[{"taxonomy":"product_cat","embeddable":true,"href":"https:\/\/antykilion.pl\/en\/wp-json\/wp\/v2\/product_cat?post=9090"},{"taxonomy":"product_tag","embeddable":true,"href":"https:\/\/antykilion.pl\/en\/wp-json\/wp\/v2\/product_tag?post=9090"}],"curies":[{"name":"wp","href":"https:\/\/api.w.org\/{rel}","templated":true}]}}