{"id":9096,"date":"2024-12-15T13:35:40","date_gmt":"2024-12-15T12:35:40","guid":{"rendered":"https:\/\/antykilion.pl\/?post_type=product&#038;p=9096"},"modified":"2026-03-12T09:50:21","modified_gmt":"2026-03-12T08:50:21","slug":"zegar-secesyjny-gustav-becker-orginal-130-cm-medalista-okolo-1900-r-linkowiec","status":"publish","type":"product","link":"https:\/\/antykilion.pl\/en\/product\/zegar-secesyjny-gustav-becker-orginal-130-cm-medalista-okolo-1900-r-linkowiec\/","title":{"rendered":"ZEGAR Secesyjny \u00a0Gustav Becker orgina\u0142 !!! 130 cm!!! medalista oko\u0142o 1900 r Linkowiec\u00a0"},"content":{"rendered":"","protected":false},"excerpt":{"rendered":"<p>ZEGAR Secesyjny \u00a0Gustav Becker orgina\u0142 !!! 130 cm!!! medalista oko\u0142o 1900 r Linkowiec\u00a0<\/p>\n<p>Przepi\u0119kna rze\u017abiona obudowa i jeszcze pi\u0119kniejszy mechanizm sygnowany i numerowany !!!<\/p>\n<p>Dodatkowo wybity br\u0105zowy medal !!!<\/p>\n<p>PI\u0118KNY MODEL !!!<\/p>\n<p>Wymiary:\u00a0 wysoko\u015b\u0107 130 cm, szeroko\u015b\u0107 50 cm, g\u0142\u0119boko\u015b\u0107 20 cm<\/p>\n<p>Materia\u0142: orzech ?<\/p>\n<p>Rewelacyjny stan !!!<\/p>","protected":false},"featured_media":9097,"comment_status":"closed","ping_status":"closed","template":"","meta":[],"product_cat":[53,51],"product_tag":[],"class_list":{"0":"post-9096","1":"product","2":"type-product","3":"status-publish","4":"has-post-thumbnail","6":"product_cat-zegary-wiszace","7":"product_cat-zegary","9":"entry","10":"has-media","12":"first","13":"instock","14":"taxable","15":"shipping-taxable","16":"purchasable","17":"product-type-simple","18":"has-product-nav","19":"col","20":"span_1_of_3","21":"owp-content-center","22":"owp-thumbs-layout-horizontal","23":"owp-btn-normal","24":"owp-tabs-layout-horizontal"},"aioseo_notices":[],"_links":{"self":[{"href":"https:\/\/antykilion.pl\/en\/wp-json\/wp\/v2\/product\/9096","targetHints":{"allow":["GET"]}}],"collection":[{"href":"https:\/\/antykilion.pl\/en\/wp-json\/wp\/v2\/product"}],"about":[{"href":"https:\/\/antykilion.pl\/en\/wp-json\/wp\/v2\/types\/product"}],"replies":[{"embeddable":true,"href":"https:\/\/antykilion.pl\/en\/wp-json\/wp\/v2\/comments?post=9096"}],"wp:featuredmedia":[{"embeddable":true,"href":"https:\/\/antykilion.pl\/en\/wp-json\/wp\/v2\/media\/9097"}],"wp:attachment":[{"href":"https:\/\/antykilion.pl\/en\/wp-json\/wp\/v2\/media?parent=9096"}],"wp:term":[{"taxonomy":"product_cat","embeddable":true,"href":"https:\/\/antykilion.pl\/en\/wp-json\/wp\/v2\/product_cat?post=9096"},{"taxonomy":"product_tag","embeddable":true,"href":"https:\/\/antykilion.pl\/en\/wp-json\/wp\/v2\/product_tag?post=9096"}],"curies":[{"name":"wp","href":"https:\/\/api.w.org\/{rel}","templated":true}]}}