{"id":9107,"date":"2024-12-15T14:46:41","date_gmt":"2024-12-15T13:46:41","guid":{"rendered":"https:\/\/antykilion.pl\/?post_type=product&#038;p=9107"},"modified":"2026-03-12T09:48:18","modified_gmt":"2026-03-12T08:48:18","slug":"zegar-kominkowy-empirowy-z-waza-xix-w-okolo-1810-30-r","status":"publish","type":"product","link":"https:\/\/antykilion.pl\/en\/product\/zegar-kominkowy-empirowy-z-waza-xix-w-okolo-1810-30-r\/","title":{"rendered":"Zegar kominkowy empirowy z waz\u0105 XIX w oko\u0142o 1810\/30 r"},"content":{"rendered":"","protected":false},"excerpt":{"rendered":"<p>Zegar kominkowy empirowy z waz\u0105 XIX w oko\u0142o 1810\/30 r<\/p>\n<p>Zegar kominkowy z zwie\u0144czeniem w formie wazy na n\u00f3\u017ckach dekoracja w formie sfinks\u00f3w<\/p>\n<p>Pochodzenie: zegar kominkowy, francuski,<\/p>\n<p>Condition: very good after the watchmaker&#039;s review.<\/p>\n<p>Material: gilded and patinated bronze<\/p>\n<p>Wymiary: wysoko\u015b\u0107 52 cm, g\u0142\u0119boko\u015b\u0107 12,5 cm, d\u0142ugo\u015b\u0107\u00a0 26 cm<\/p>\n<p>Ceny takich zegar\u00f3w przewy\u017cszaj\u0105 kwot\u0119 12 000 z\u0142.<\/p>","protected":false},"featured_media":9108,"comment_status":"closed","ping_status":"closed","template":"","meta":[],"product_cat":[54,51],"product_tag":[],"class_list":{"0":"post-9107","1":"product","2":"type-product","3":"status-publish","4":"has-post-thumbnail","6":"product_cat-zegary-kominkowe","7":"product_cat-zegary","9":"entry","10":"has-media","12":"first","13":"instock","14":"taxable","15":"shipping-taxable","16":"purchasable","17":"product-type-simple","18":"has-product-nav","19":"col","20":"span_1_of_3","21":"owp-content-center","22":"owp-thumbs-layout-horizontal","23":"owp-btn-normal","24":"owp-tabs-layout-horizontal"},"aioseo_notices":[],"_links":{"self":[{"href":"https:\/\/antykilion.pl\/en\/wp-json\/wp\/v2\/product\/9107","targetHints":{"allow":["GET"]}}],"collection":[{"href":"https:\/\/antykilion.pl\/en\/wp-json\/wp\/v2\/product"}],"about":[{"href":"https:\/\/antykilion.pl\/en\/wp-json\/wp\/v2\/types\/product"}],"replies":[{"embeddable":true,"href":"https:\/\/antykilion.pl\/en\/wp-json\/wp\/v2\/comments?post=9107"}],"wp:featuredmedia":[{"embeddable":true,"href":"https:\/\/antykilion.pl\/en\/wp-json\/wp\/v2\/media\/9108"}],"wp:attachment":[{"href":"https:\/\/antykilion.pl\/en\/wp-json\/wp\/v2\/media?parent=9107"}],"wp:term":[{"taxonomy":"product_cat","embeddable":true,"href":"https:\/\/antykilion.pl\/en\/wp-json\/wp\/v2\/product_cat?post=9107"},{"taxonomy":"product_tag","embeddable":true,"href":"https:\/\/antykilion.pl\/en\/wp-json\/wp\/v2\/product_tag?post=9107"}],"curies":[{"name":"wp","href":"https:\/\/api.w.org\/{rel}","templated":true}]}}