{"id":9113,"date":"2024-12-15T15:10:28","date_gmt":"2024-12-15T14:10:28","guid":{"rendered":"https:\/\/antykilion.pl\/?post_type=product&#038;p=9113"},"modified":"2024-12-15T15:10:29","modified_gmt":"2024-12-15T14:10:29","slug":"obledny-zegar-kominkowy-empirowy-z-alegoria-handlu-xix-w-okolo-1810-r","status":"publish","type":"product","link":"https:\/\/antykilion.pl\/en\/product\/obledny-zegar-kominkowy-empirowy-z-alegoria-handlu-xix-w-okolo-1810-r\/","title":{"rendered":"Ob\u0142\u0119dny Zegar kominkowy empirowy z alegori\u0105 handlu XIX w oko\u0142o 1810 r"},"content":{"rendered":"","protected":false},"excerpt":{"rendered":"<p>Ob\u0142\u0119dny Zegar kominkowy empirowy z alegori\u0105 handlu XIX w oko\u0142o 1810 r<\/p>\n<p>Zegar kominkowy z scen\u0105 alegoryczn\u0105 handlu.<\/p>\n<p>Z ca\u0142\u0105 pewno\u015bci\u0105 zegar o warto\u015bci muzealnej i kolekcjonerskiej nie spotka\u0142em si\u0119 jeszcze na rynku z tak\u0105 alegori\u0105<\/p>\n<p>Pochodzenie: zegar kominkowy, francuski,<\/p>\n<p>Condition: very good after the watchmaker&#039;s review.<\/p>\n<p>Material: gilded bronze<\/p>\n<p>Wymiary: wysoko\u015b\u0107 48 cm, g\u0142\u0119boko\u015b\u0107 17 cm, d\u0142ugo\u015b\u0107\u00a0 38 cm du\u017cy !!!<\/p>\n<p>Ceny takich zegar\u00f3w przewy\u017cszaj\u0105 kwot\u0119 30 000 z\u0142.<\/p>","protected":false},"featured_media":9114,"comment_status":"closed","ping_status":"closed","template":"","meta":[],"product_cat":[54,51],"product_tag":[],"class_list":{"0":"post-9113","1":"product","2":"type-product","3":"status-publish","4":"has-post-thumbnail","6":"product_cat-zegary-kominkowe","7":"product_cat-zegary","9":"entry","10":"has-media","12":"first","13":"instock","14":"taxable","15":"shipping-taxable","16":"purchasable","17":"product-type-simple","18":"has-product-nav","19":"col","20":"span_1_of_3","21":"owp-content-center","22":"owp-thumbs-layout-horizontal","23":"owp-btn-normal","24":"owp-tabs-layout-horizontal"},"aioseo_notices":[],"_links":{"self":[{"href":"https:\/\/antykilion.pl\/en\/wp-json\/wp\/v2\/product\/9113","targetHints":{"allow":["GET"]}}],"collection":[{"href":"https:\/\/antykilion.pl\/en\/wp-json\/wp\/v2\/product"}],"about":[{"href":"https:\/\/antykilion.pl\/en\/wp-json\/wp\/v2\/types\/product"}],"replies":[{"embeddable":true,"href":"https:\/\/antykilion.pl\/en\/wp-json\/wp\/v2\/comments?post=9113"}],"wp:featuredmedia":[{"embeddable":true,"href":"https:\/\/antykilion.pl\/en\/wp-json\/wp\/v2\/media\/9114"}],"wp:attachment":[{"href":"https:\/\/antykilion.pl\/en\/wp-json\/wp\/v2\/media?parent=9113"}],"wp:term":[{"taxonomy":"product_cat","embeddable":true,"href":"https:\/\/antykilion.pl\/en\/wp-json\/wp\/v2\/product_cat?post=9113"},{"taxonomy":"product_tag","embeddable":true,"href":"https:\/\/antykilion.pl\/en\/wp-json\/wp\/v2\/product_tag?post=9113"}],"curies":[{"name":"wp","href":"https:\/\/api.w.org\/{rel}","templated":true}]}}