{"id":9120,"date":"2024-12-15T15:34:26","date_gmt":"2024-12-15T14:34:26","guid":{"rendered":"https:\/\/antykilion.pl\/?post_type=product&#038;p=9120"},"modified":"2025-11-10T14:39:18","modified_gmt":"2025-11-10T13:39:18","slug":"zegar-konsolowy-w-typie-boulle-francja-ok-1860-z-konsola","status":"publish","type":"product","link":"https:\/\/antykilion.pl\/en\/product\/zegar-konsolowy-w-typie-boulle-francja-ok-1860-z-konsola\/","title":{"rendered":"Zegar konsolowy w typie Boulle Francja, ok. 1860 z konsol\u0105"},"content":{"rendered":"","protected":false},"excerpt":{"rendered":"<p>Zegar konsolowy w typie Boulle Francja, ok. 1860 z konsol\u0105<\/p>\n<p>Zegar w drewnianej, oszklonej obudowie, o kszta\u0142cie przypominaj\u0105cym wiolonczel\u0119, zwie\u0144czony pe\u0142noplastyczn\u0105 figurk\u0105 putta. Powierzchnia pud\u0142a zegara oraz \u015bcianki konsoli pokryte markieteri\u0105 z motywem kratki regencyjnej\u00a0 i motywami wici kwiatowej. Tarcza z cyframi godzinowymi rzymskimi i minutowymi arabskimi &#8211; na emaliowanych plakietkach; w zestawie p\u00f3\u0142ka.<\/p>\n<p>Pochodzenie: zegar konsolowy, francuski,<\/p>\n<p>sygnatura: mechanizm sygnowany R&#038;C Paris<\/p>\n<p>Stan: bardzo dobry po przegl\u0105dzie zegarmistrza,<\/p>\n<p>Materia\u0142: br\u0105z z\u0142ocony szylkret<\/p>\n<p>Wymiary: wysoko\u015b\u0107 44 cm, g\u0142\u0119boko\u015b\u0107\u00a0 17 cm, d\u0142ugo\u015b\u0107\u00a0 20 cm du\u017cy!!! konsola wysoko\u015b\u0107 20 cm<\/p>\n<p>Ceny takich zegar\u00f3w przewy\u017cszaj\u0105 kwot\u0119 12 000 z\u0142.<\/p>","protected":false},"featured_media":9121,"comment_status":"closed","ping_status":"closed","template":"","meta":[],"product_cat":[54,51],"product_tag":[],"class_list":{"0":"post-9120","1":"product","2":"type-product","3":"status-publish","4":"has-post-thumbnail","6":"product_cat-zegary-kominkowe","7":"product_cat-zegary","9":"entry","10":"has-media","12":"first","13":"instock","14":"taxable","15":"shipping-taxable","16":"purchasable","17":"product-type-simple","18":"has-product-nav","19":"col","20":"span_1_of_3","21":"owp-content-center","22":"owp-thumbs-layout-horizontal","23":"owp-btn-normal","24":"owp-tabs-layout-horizontal"},"aioseo_notices":[],"_links":{"self":[{"href":"https:\/\/antykilion.pl\/en\/wp-json\/wp\/v2\/product\/9120","targetHints":{"allow":["GET"]}}],"collection":[{"href":"https:\/\/antykilion.pl\/en\/wp-json\/wp\/v2\/product"}],"about":[{"href":"https:\/\/antykilion.pl\/en\/wp-json\/wp\/v2\/types\/product"}],"replies":[{"embeddable":true,"href":"https:\/\/antykilion.pl\/en\/wp-json\/wp\/v2\/comments?post=9120"}],"wp:featuredmedia":[{"embeddable":true,"href":"https:\/\/antykilion.pl\/en\/wp-json\/wp\/v2\/media\/9121"}],"wp:attachment":[{"href":"https:\/\/antykilion.pl\/en\/wp-json\/wp\/v2\/media?parent=9120"}],"wp:term":[{"taxonomy":"product_cat","embeddable":true,"href":"https:\/\/antykilion.pl\/en\/wp-json\/wp\/v2\/product_cat?post=9120"},{"taxonomy":"product_tag","embeddable":true,"href":"https:\/\/antykilion.pl\/en\/wp-json\/wp\/v2\/product_tag?post=9120"}],"curies":[{"name":"wp","href":"https:\/\/api.w.org\/{rel}","templated":true}]}}