{"id":9136,"date":"2024-12-15T17:05:35","date_gmt":"2024-12-15T16:05:35","guid":{"rendered":"https:\/\/antykilion.pl\/?post_type=product&#038;p=9136"},"modified":"2024-12-15T17:05:36","modified_gmt":"2024-12-15T16:05:36","slug":"a-l-terni-pejzaz-wloski-xix-w-okolo-1870-piekny","status":"publish","type":"product","link":"https:\/\/antykilion.pl\/en\/product\/a-l-terni-pejzaz-wloski-xix-w-okolo-1870-piekny\/","title":{"rendered":"A. L. Terni pejza\u017c W\u0142oski XIX w oko\u0142o 1870 pi\u0119kny!"},"content":{"rendered":"","protected":false},"excerpt":{"rendered":"<p>A. L. Terni pejza\u017c W\u0142oski prawdopodobnie Georg FISCHHOF (1859-1914) XIX w oko\u0142o 1870 r<\/p>\n<p>Poni\u017cej przyk\u0142ady sprzeda\u017cy w jednym z dom\u00f3w aukcyjnych<\/p>\n<p>https:\/\/www.dorotheum.com\/en\/k\/a-l-terni\/<\/p>\n<p>Technika: olej na p\u0142\u00f3tnie + ob\u0142\u0119dna rama<\/p>\n<p>Stan: bardzo dobry, po konserwacji<\/p>\n<p>Signature: visible in the picture<\/p>\n<p>Wymiary:\u00a0 p\u0142\u00f3tna 38 cm na 77 cm\u00a0 + rama\u00a0 63 cm na 102 cm<\/p>\n<p>Do ka\u017cdego przedmiotu Galeria wystawia certyfikat.<\/p>","protected":false},"featured_media":9137,"comment_status":"closed","ping_status":"closed","template":"","meta":[],"product_cat":[41,39,40],"product_tag":[],"class_list":{"0":"post-9136","1":"product","2":"type-product","3":"status-publish","4":"has-post-thumbnail","6":"product_cat-malarstwo-dawne","7":"product_cat-dziela-sztuki","8":"product_cat-malarstwo","10":"entry","11":"has-media","13":"first","14":"instock","15":"taxable","16":"shipping-taxable","17":"purchasable","18":"product-type-simple","19":"has-product-nav","20":"col","21":"span_1_of_3","22":"owp-content-center","23":"owp-thumbs-layout-horizontal","24":"owp-btn-normal","25":"owp-tabs-layout-horizontal","26":"has-no-thumbnails"},"aioseo_notices":[],"_links":{"self":[{"href":"https:\/\/antykilion.pl\/en\/wp-json\/wp\/v2\/product\/9136","targetHints":{"allow":["GET"]}}],"collection":[{"href":"https:\/\/antykilion.pl\/en\/wp-json\/wp\/v2\/product"}],"about":[{"href":"https:\/\/antykilion.pl\/en\/wp-json\/wp\/v2\/types\/product"}],"replies":[{"embeddable":true,"href":"https:\/\/antykilion.pl\/en\/wp-json\/wp\/v2\/comments?post=9136"}],"wp:featuredmedia":[{"embeddable":true,"href":"https:\/\/antykilion.pl\/en\/wp-json\/wp\/v2\/media\/9137"}],"wp:attachment":[{"href":"https:\/\/antykilion.pl\/en\/wp-json\/wp\/v2\/media?parent=9136"}],"wp:term":[{"taxonomy":"product_cat","embeddable":true,"href":"https:\/\/antykilion.pl\/en\/wp-json\/wp\/v2\/product_cat?post=9136"},{"taxonomy":"product_tag","embeddable":true,"href":"https:\/\/antykilion.pl\/en\/wp-json\/wp\/v2\/product_tag?post=9136"}],"curies":[{"name":"wp","href":"https:\/\/api.w.org\/{rel}","templated":true}]}}