{"id":9143,"date":"2024-12-15T18:00:29","date_gmt":"2024-12-15T17:00:29","guid":{"rendered":"https:\/\/antykilion.pl\/?post_type=product&#038;p=9143"},"modified":"2024-12-15T18:00:30","modified_gmt":"2024-12-15T17:00:30","slug":"portret-dzentelmena-z-listem-xviii-w-1716-r","status":"publish","type":"product","link":"https:\/\/antykilion.pl\/en\/product\/portret-dzentelmena-z-listem-xviii-w-1716-r\/","title":{"rendered":"Portret d\u017centelmena z listem XVIII w, 1716 r"},"content":{"rendered":"","protected":false},"excerpt":{"rendered":"<p>Portret d\u017centelmena z listem XVIII w, 1716 r<\/p>\n<p>Inicja\u0142y i herb lewy g\u00f3rny r\u00f3g.<\/p>\n<p>Technique: oil on canvas<\/p>\n<p>Stan: bardzo dobry,, p\u0142\u00f3tno dublowane<\/p>\n<p>Signature: visible in the picture<\/p>\n<p>Wymiary:  p\u0142\u00f3tna 65 cm na 95 cm  + rama  85 cm na 125 cm<\/p>\n<p>Do ka\u017cdego przedmiotu Galeria wystawia certyfikat.<\/p>","protected":false},"featured_media":9144,"comment_status":"closed","ping_status":"closed","template":"","meta":[],"product_cat":[41,39,40],"product_tag":[],"class_list":{"0":"post-9143","1":"product","2":"type-product","3":"status-publish","4":"has-post-thumbnail","6":"product_cat-malarstwo-dawne","7":"product_cat-dziela-sztuki","8":"product_cat-malarstwo","10":"entry","11":"has-media","13":"first","14":"instock","15":"taxable","16":"shipping-taxable","17":"purchasable","18":"product-type-simple","19":"has-product-nav","20":"col","21":"span_1_of_3","22":"owp-content-center","23":"owp-thumbs-layout-horizontal","24":"owp-btn-normal","25":"owp-tabs-layout-horizontal"},"aioseo_notices":[],"_links":{"self":[{"href":"https:\/\/antykilion.pl\/en\/wp-json\/wp\/v2\/product\/9143","targetHints":{"allow":["GET"]}}],"collection":[{"href":"https:\/\/antykilion.pl\/en\/wp-json\/wp\/v2\/product"}],"about":[{"href":"https:\/\/antykilion.pl\/en\/wp-json\/wp\/v2\/types\/product"}],"replies":[{"embeddable":true,"href":"https:\/\/antykilion.pl\/en\/wp-json\/wp\/v2\/comments?post=9143"}],"wp:featuredmedia":[{"embeddable":true,"href":"https:\/\/antykilion.pl\/en\/wp-json\/wp\/v2\/media\/9144"}],"wp:attachment":[{"href":"https:\/\/antykilion.pl\/en\/wp-json\/wp\/v2\/media?parent=9143"}],"wp:term":[{"taxonomy":"product_cat","embeddable":true,"href":"https:\/\/antykilion.pl\/en\/wp-json\/wp\/v2\/product_cat?post=9143"},{"taxonomy":"product_tag","embeddable":true,"href":"https:\/\/antykilion.pl\/en\/wp-json\/wp\/v2\/product_tag?post=9143"}],"curies":[{"name":"wp","href":"https:\/\/api.w.org\/{rel}","templated":true}]}}