{"id":9249,"date":"2025-03-17T17:45:34","date_gmt":"2025-03-17T16:45:34","guid":{"rendered":"https:\/\/antykilion.pl\/?post_type=product&#038;p=9249"},"modified":"2025-03-17T18:16:32","modified_gmt":"2025-03-17T17:16:32","slug":"olbrzymia-biblioteka-biedermeier-xix-w-okolo-1820-30-r","status":"publish","type":"product","link":"https:\/\/antykilion.pl\/en\/product\/olbrzymia-biblioteka-biedermeier-xix-w-okolo-1820-30-r\/","title":{"rendered":"Olbrzymia biblioteka Biedermeier XIX w oko\u0142o 1820\/30 r"},"content":{"rendered":"","protected":false},"excerpt":{"rendered":"<p>Olbrzymia biblioteka Biedermeier XIX w oko\u0142o 1820\/30 r<\/p>\n<p>Z prostymi bokami, zamykana dwuskrzyd\u0142owo, zwie\u0144czona lekkim gzymsem, wsparta na czterech n\u00f3\u017ckach. Skrzyd\u0142o w g\u00f3rnej partii przeszklone. We wn\u0119trzu kilka p\u00f3\u0142ek z regulowana wysoko\u015bci\u0105. Szafa biblioteczne w pe\u0142ni rozbieralna: Gzyms, drzwi, boki. plecy i sp\u00f3d.<\/p>\n<p>Stan: dobry je\u015bli chodzi o fornir, konstrukcyjnie trzeba popracowa\u0107 nad monta\u017cem, plecy ma\u0142a szpara, \u015brodek te\u017c do od\u015bwie\u017cenia z tego powodu cena bardzo niska cena<\/p>\n<p>do konserwacji &#8211; warto !!!<\/p>\n<p>Materia\u0142: Orzech, maho\u0144 ?<\/p>\n<p>Wymiary: wysoko\u015b\u0107 218 cm, d\u0142ugo\u015b\u0107 148 cm, szeroko\u015b\u0107 38 cm<\/p>\n<p>Bardzo \u0142adny du\u017cy mebel !!!<\/p>","protected":false},"featured_media":9250,"comment_status":"closed","ping_status":"closed","template":"","meta":[],"product_cat":[23,17,37],"product_tag":[],"class_list":{"0":"post-9249","1":"product","2":"type-product","3":"status-publish","4":"has-post-thumbnail","6":"product_cat-biblioteki","7":"product_cat-meble","8":"product_cat-witryny-serwantki","10":"entry","11":"has-media","13":"first","14":"instock","15":"taxable","16":"shipping-taxable","17":"purchasable","18":"product-type-simple","19":"has-product-nav","20":"col","21":"span_1_of_3","22":"owp-content-center","23":"owp-thumbs-layout-horizontal","24":"owp-btn-normal","25":"owp-tabs-layout-horizontal"},"aioseo_notices":[],"_links":{"self":[{"href":"https:\/\/antykilion.pl\/en\/wp-json\/wp\/v2\/product\/9249","targetHints":{"allow":["GET"]}}],"collection":[{"href":"https:\/\/antykilion.pl\/en\/wp-json\/wp\/v2\/product"}],"about":[{"href":"https:\/\/antykilion.pl\/en\/wp-json\/wp\/v2\/types\/product"}],"replies":[{"embeddable":true,"href":"https:\/\/antykilion.pl\/en\/wp-json\/wp\/v2\/comments?post=9249"}],"wp:featuredmedia":[{"embeddable":true,"href":"https:\/\/antykilion.pl\/en\/wp-json\/wp\/v2\/media\/9250"}],"wp:attachment":[{"href":"https:\/\/antykilion.pl\/en\/wp-json\/wp\/v2\/media?parent=9249"}],"wp:term":[{"taxonomy":"product_cat","embeddable":true,"href":"https:\/\/antykilion.pl\/en\/wp-json\/wp\/v2\/product_cat?post=9249"},{"taxonomy":"product_tag","embeddable":true,"href":"https:\/\/antykilion.pl\/en\/wp-json\/wp\/v2\/product_tag?post=9249"}],"curies":[{"name":"wp","href":"https:\/\/api.w.org\/{rel}","templated":true}]}}