{"id":9254,"date":"2025-03-17T18:13:29","date_gmt":"2025-03-17T17:13:29","guid":{"rendered":"https:\/\/antykilion.pl\/?post_type=product&#038;p=9254"},"modified":"2026-03-14T12:35:29","modified_gmt":"2026-03-14T11:35:29","slug":"biblioteka-w-stylu-empire-xix-w-okolo-1800-10-r-obledna","status":"publish","type":"product","link":"https:\/\/antykilion.pl\/en\/product\/biblioteka-w-stylu-empire-xix-w-okolo-1800-10-r-obledna\/","title":{"rendered":"Biblioteka w stylu Empire XIX w oko\u0142o 1800\/10 r Ob\u0142\u0119dna !!!"},"content":{"rendered":"","protected":false},"excerpt":{"rendered":"<p>Biblioteka w stylu Empire XIX w oko\u0142o 1800\/10 r Ob\u0142\u0119dna !!!<\/p>\n<p>Z prostymi bokami, zamykana dwuskrzyd\u0142owo, wsparta na czterech n\u00f3\u017ckach, przednie ob\u0142\u0119dne w formie spirali. Skrzyd\u0142o w g\u00f3rnej partii z metalow\u0105 kratk\u0105, na kt\u00f3r\u0105 kto\u015b doda\u0142 ramki z zas\u0142onkami, kt\u00f3re mo\u017cna zast\u0105pi\u0107 szybami. We wn\u0119trzu kilka p\u00f3\u0142ek z regulowana wysoko\u015bci\u0105.<\/p>\n<p>Stan: dobry je\u015bli chodzi o fornir, \u015brodek te\u017c do od\u015bwie\u017cenia z tego powodu cena bardzo niska cena<\/p>\n<p>do konserwacji, ale nie koniecznie &#8211; warto !!!<\/p>\n<p>Materia\u0142: Maho\u0144 piramidalny<\/p>\n<p>Wymiary: wysoko\u015b\u0107 218 cm, d\u0142ugo\u015b\u0107 148 cm, szeroko\u015b\u0107 38 cm<\/p>\n<p>Bardzo \u0142adny orginalny mebel !!!<\/p>","protected":false},"featured_media":9255,"comment_status":"closed","ping_status":"closed","template":"","meta":[],"product_cat":[23,17,37],"product_tag":[],"class_list":{"0":"post-9254","1":"product","2":"type-product","3":"status-publish","4":"has-post-thumbnail","6":"product_cat-biblioteki","7":"product_cat-meble","8":"product_cat-witryny-serwantki","10":"entry","11":"has-media","13":"first","14":"instock","15":"taxable","16":"shipping-taxable","17":"purchasable","18":"product-type-simple","19":"has-product-nav","20":"col","21":"span_1_of_3","22":"owp-content-center","23":"owp-thumbs-layout-horizontal","24":"owp-btn-normal","25":"owp-tabs-layout-horizontal"},"aioseo_notices":[],"_links":{"self":[{"href":"https:\/\/antykilion.pl\/en\/wp-json\/wp\/v2\/product\/9254","targetHints":{"allow":["GET"]}}],"collection":[{"href":"https:\/\/antykilion.pl\/en\/wp-json\/wp\/v2\/product"}],"about":[{"href":"https:\/\/antykilion.pl\/en\/wp-json\/wp\/v2\/types\/product"}],"replies":[{"embeddable":true,"href":"https:\/\/antykilion.pl\/en\/wp-json\/wp\/v2\/comments?post=9254"}],"wp:featuredmedia":[{"embeddable":true,"href":"https:\/\/antykilion.pl\/en\/wp-json\/wp\/v2\/media\/9255"}],"wp:attachment":[{"href":"https:\/\/antykilion.pl\/en\/wp-json\/wp\/v2\/media?parent=9254"}],"wp:term":[{"taxonomy":"product_cat","embeddable":true,"href":"https:\/\/antykilion.pl\/en\/wp-json\/wp\/v2\/product_cat?post=9254"},{"taxonomy":"product_tag","embeddable":true,"href":"https:\/\/antykilion.pl\/en\/wp-json\/wp\/v2\/product_tag?post=9254"}],"curies":[{"name":"wp","href":"https:\/\/api.w.org\/{rel}","templated":true}]}}