{"id":9272,"date":"2025-03-19T10:59:13","date_gmt":"2025-03-19T09:59:13","guid":{"rendered":"https:\/\/antykilion.pl\/?post_type=product&#038;p=9272"},"modified":"2025-03-19T10:59:13","modified_gmt":"2025-03-19T09:59:13","slug":"witryna-napoleon-iii-gieta-i-intarsjowana-xix-w-okolo-1870-r","status":"publish","type":"product","link":"https:\/\/antykilion.pl\/en\/product\/witryna-napoleon-iii-gieta-i-intarsjowana-xix-w-okolo-1870-r\/","title":{"rendered":"Witryna Napoleon III Gi\u0119ta i intarsjowana XIX w oko\u0142o 1870 r"},"content":{"rendered":"","protected":false},"excerpt":{"rendered":"<p>Witryna Napoleon III Gi\u0119ta i intarsjowana XIX w oko\u0142o 1870 r<\/p>\n<p>Mebel na 4 wysokich, kabriolowych n\u00f3\u017ckach. Plecy proste, front falisty boki wybrzuszone, oszklone ; wzd\u0142u\u017c pionowych naro\u017cy zdobienia aplikacjami z br\u0105zu, z motywem akantu, rocaille\u2019u, wst\u0119g z kokardami i ulistnionych ga\u0142\u0105zek; w dolnej partii p\u0142yciny intarsjowane w kosze z kwiatami. Zwie\u0144czenie z nadstawk\u0105 wkl\u0119s\u0142o-wypuk\u0142\u0105, z mosi\u0119\u017cnymi listwami wzd\u0142u\u017c kraw\u0119dzi. Wewn\u0105trz 3 szklane p\u00f3\u0142ki, plecy obite p\u0105sowym pluszem.<\/p>\n<p>Stan: bardzo dobry jak na orginalny, widoczne \u015blady u\u017cytkowania<\/p>\n<p>Materia\u0142: Palisander, i wiele innych w intarsjach<\/p>\n<p>Wymiary: wysoko\u015b\u0107 171 cm, d\u0142ugo\u015b\u0107 75 cm, szeroko\u015b\u0107 43 cm<\/p>\n<p>Bardzo \u0142adny orginalny mebel !!!<\/p>","protected":false},"featured_media":9273,"comment_status":"closed","ping_status":"closed","template":"","meta":[],"product_cat":[17,37],"product_tag":[],"class_list":{"0":"post-9272","1":"product","2":"type-product","3":"status-publish","4":"has-post-thumbnail","6":"product_cat-meble","7":"product_cat-witryny-serwantki","9":"entry","10":"has-media","12":"first","13":"instock","14":"taxable","15":"shipping-taxable","16":"purchasable","17":"product-type-simple","18":"has-product-nav","19":"col","20":"span_1_of_3","21":"owp-content-center","22":"owp-thumbs-layout-horizontal","23":"owp-btn-normal","24":"owp-tabs-layout-horizontal"},"aioseo_notices":[],"_links":{"self":[{"href":"https:\/\/antykilion.pl\/en\/wp-json\/wp\/v2\/product\/9272","targetHints":{"allow":["GET"]}}],"collection":[{"href":"https:\/\/antykilion.pl\/en\/wp-json\/wp\/v2\/product"}],"about":[{"href":"https:\/\/antykilion.pl\/en\/wp-json\/wp\/v2\/types\/product"}],"replies":[{"embeddable":true,"href":"https:\/\/antykilion.pl\/en\/wp-json\/wp\/v2\/comments?post=9272"}],"wp:featuredmedia":[{"embeddable":true,"href":"https:\/\/antykilion.pl\/en\/wp-json\/wp\/v2\/media\/9273"}],"wp:attachment":[{"href":"https:\/\/antykilion.pl\/en\/wp-json\/wp\/v2\/media?parent=9272"}],"wp:term":[{"taxonomy":"product_cat","embeddable":true,"href":"https:\/\/antykilion.pl\/en\/wp-json\/wp\/v2\/product_cat?post=9272"},{"taxonomy":"product_tag","embeddable":true,"href":"https:\/\/antykilion.pl\/en\/wp-json\/wp\/v2\/product_tag?post=9272"}],"curies":[{"name":"wp","href":"https:\/\/api.w.org\/{rel}","templated":true}]}}