{"id":9299,"date":"2025-03-23T14:46:32","date_gmt":"2025-03-23T13:46:32","guid":{"rendered":"https:\/\/antykilion.pl\/?post_type=product&#038;p=9299"},"modified":"2025-03-23T17:56:40","modified_gmt":"2025-03-23T16:56:40","slug":"sekretera-styl-ludwika-xv-xviii-w-sygnowana-reizell-francois-1764-1788-muzealny-eksponat","status":"publish","type":"product","link":"https:\/\/antykilion.pl\/en\/product\/sekretera-styl-ludwika-xv-xviii-w-sygnowana-reizell-francois-1764-1788-muzealny-eksponat\/","title":{"rendered":"Sekretera styl Ludwika XV, XVIII w sygnowana REIZELL Fran\u00e7ois 1764 &#8211; 1788, muzealny eksponat"},"content":{"rendered":"","protected":false},"excerpt":{"rendered":"<p>Sekretera styl Ludwika XV, XVIII w sygnowana REIZELL Fran\u00e7ois 1764 &#8211; 1788<\/p>\n<p>sekretera o prostych bokach i froncie, z odk\u0142adan\u0105 klap\u0105, szuflad\u0105 nad ni\u0105, u do\u0142u szafka dwudrzwiowa, zaokr\u0105glona na bokach u g\u00f3ry i do\u0142u po\u015brodku \u015bci\u0119ta, zwie\u0144czona marmurem, wsparta na lekko wygi\u0119tych nogach. Wn\u0119trze z szufladkami, klapa wewn\u0105trz wy\u015bcie\u0142ana sk\u00f3r\u0105. Fornirowana Tulipanowcem i R\u00f3\u017c\u0105.<\/p>\n<p>Reizell Fran\u00e7ois<\/p>\n<p>Fran\u00e7ois Reizell (zm. 25 pa\u017adziernika 1788) \u2013 stolarz. Pary\u017c. Mistrz 26 lutego 1764. Pochodzenia niemieckiego. Oko\u0142o 1770 roku Reizell przeprowadzi\u0142 si\u0119 do Faubourg-Saint-Germain, gdzie przez kilka lat mieszka\u0142 przy rue des Saint-P\u00e8res, a nast\u0119pnie przy rue du Petit Lion. Wi\u0119kszo\u015b\u0107 jego mebli jest intarsjowana.<br \/>\nPochodz\u0105cy z Niemiec Fran\u00e7ois Reizell osiedli\u0142 si\u0119 przy rue Traversi\u00e8re, na przedmie\u015bciach Saint-Antoine, gdzie rozpocz\u0105\u0142 swoj\u0105 karier\u0119. 22 lutego 1765 r. uzyska\u0142 tytu\u0142 magistra i opu\u015bci\u0142 dzielnic\u0119 stolarzy, by osiedli\u0107 si\u0119 przy rue des Saints-P\u00e8res. Tam przyj\u0105\u0142 jako robotnika Josepha Baumhauera, kt\u00f3ry mia\u0142 sta\u0107 si\u0119 s\u0142awnym Josephem \u2013 ulubionym rzemie\u015blnikiem dworu. Zako\u0144czy\u0142 karier\u0119 przy rue du Petit-Lion-Saint-Germain. Zmar\u0142 w 1788 roku. Od 1770 roku jego g\u0142\u00f3wnym klientem by\u0142 ksi\u0105\u017c\u0119 de Cond\u00e9, dla kt\u00f3rego wykona\u0142 liczne dzie\u0142a dla Palais-Bourbon oraz swoich zamk\u00f3w w Chantilly i Villeg\u00e9nis.<\/p>\n<p>Fran\u00e7ois Reizell pozostawi\u0142 po sobie wiele mebli najwy\u017cszej jako\u015bci, kt\u00f3re \u015bwiadcz\u0105 o prawdziwym talencie tego stolarza. Potrafi\u0142 ewoluowa\u0107 i dostosowywa\u0107 si\u0119 do r\u00f3\u017cnych styl\u00f3w swoich czas\u00f3w. Jego dzie\u0142a s\u0105 wi\u0119c bardzo r\u00f3\u017cnorodne, jednak dominuj\u0105 w nich style Ludwika XV i przej\u015bciowy. U\u017cywa fornir\u00f3w z palisandru, fioletu, amarantu, drewna satynowego, inkrustowanych ptakami, krajobrazami lub kwiatami u\u0142o\u017conymi w bukiety, girlandy lub kosze. Czasami te dekoracje s\u0105 troch\u0119 zbyt chaotyczne, ale zawsze skomponowane z wielkim smakiem. W jego dzie\u0142ach w stylu przej\u015bciowym, szczeg\u00f3lnie w komodach i sekretarzykach, intarsje trofe\u00f3w, wazon\u00f3w lub wzory geometryczne zast\u0119puj\u0105 kompozycje kwiatowe.<\/p>\n<p>MUZEA<br \/>\nSt\u00f3\u0142 kuferkowy, maho\u0144, br\u0105z, z\u0142ocony, blat, sk\u00f3ra. Ma kszta\u0142t prostok\u0105ta i spoczywa na czterech uformowanych, os\u0142oni\u0119tych nogach, zako\u0144czonych solidnymi br\u0105zowymi butami wyposa\u017conymi w k\u00f3\u0142ka. G\u00f3rn\u0105 cz\u0119\u015b\u0107 pokryt\u0105 (nowoczesn\u0105) sk\u00f3r\u0105 mo\u017cna pochyli\u0107 wed\u0142ug uznania, ustawiaj\u0105c pod spodem sztalug\u0119 i tworz\u0105c w ten spos\u00f3b pulpit na nuty. Dodatkowo, dwie p\u00f3\u0142ki umieszczone wewn\u0105trz n\u00f3g pulpitu pozwalaj\u0105 na zmian\u0119 wysoko\u015bci. Wyja\u015bnia to wielko\u015b\u0107 st\u00f3p. W pasku znajduje si\u0119 du\u017ca szufladka oraz dwa boczne uchwyty z k\u00f3\u0142kami i trzema br\u0105zowymi guzikami. Tronchin, lekarz, kt\u00f3ry zmar\u0142 w 1781 roku, a kt\u00f3ry zaleca\u0142 pisanie w pozycji stoj\u0105cej, da\u0142 swoje nazwisko temu modelowi. &#8211; Nr MAD 665 &#8211; Muzeum Sztuk Dekoracyjnych &#8211; Lyon<br \/>\nNaro\u017cna szafka Ludwika XV o zaokr\u0105glonym kszta\u0142cie &#8211; Muzeum Sztuk Dekoracyjnych &#8211; Pary\u017c<br \/>\nSekretarzyk przej\u015bciowy inkrustowany rozetkami &#8211; Muzeum Carnavalet &#8211; Pary\u017c<br \/>\nSekretarzyk Ludwika XV z ogee &#8211; Muzeum Luwr<br \/>\nMa\u0142a komoda Ludwika XV z dwiema szufladami bez poprzeczki &#8211; Lambinet Museum &#8211; Wersal<br \/>\nBIBLIOGRAFIA<br \/>\nMeble francuskie XVIII wieku &#8211; Pierre Kjellberg &#8211; Les Editions de l&#8217;Amateur &#8211; 2002<br \/>\nStolarze XVIII wieku &#8211; hrabia Fran\u00e7ois de Salverte &#8211; Edycje sztuki i historii &#8211; 1934<br \/>\nSztuka i maniery francuskich mistrz\u00f3w stolarskich w XVIII wieku &#8211; Jean Nicolay &#8211; Pygmalion Edition &#8211; 1976<\/p>\n<p>Stan: bardzo dobry na stan orginalny !!!\u00a0 konstrukcja bardzo dobra, fornir te\u017c bez ubytk\u00f3w drobne naprawy, oczywi\u015bcie widoczne \u015blady u\u017cytkowania co jest normalne. Pi\u0119kny rasowy mebel !!!<\/p>\n<p>Origin: France<\/p>\n<p>Materia\u0142: tulipanowiec, r\u00f3\u017ca, okucia br\u0105z z\u0142ocony<\/p>\n<p>Wymiary: d\u0142ugo\u015b\u0107 176 cm, g\u0142\u0119boko\u015b\u0107 58 cm, wysoko\u015b\u0107 36 cm<\/p>\n<p>Polecam bardzo atrakcyjna cena mebla, warto zainwestowa\u0107, mebel klasy muzealnej !!!<\/p>\n<p>https:\/\/www.christies.com\/en\/lot\/lot-6062923<\/p>","protected":false},"featured_media":9300,"comment_status":"closed","ping_status":"closed","template":"","meta":[],"product_cat":[17,31],"product_tag":[],"class_list":{"0":"post-9299","1":"product","2":"type-product","3":"status-publish","4":"has-post-thumbnail","6":"product_cat-meble","7":"product_cat-sekretery-sekretarzyki-biurka","9":"entry","10":"has-media","12":"first","13":"instock","14":"taxable","15":"shipping-taxable","16":"purchasable","17":"product-type-simple","18":"has-product-nav","19":"col","20":"span_1_of_3","21":"owp-content-center","22":"owp-thumbs-layout-horizontal","23":"owp-btn-normal","24":"owp-tabs-layout-horizontal"},"aioseo_notices":[],"_links":{"self":[{"href":"https:\/\/antykilion.pl\/en\/wp-json\/wp\/v2\/product\/9299","targetHints":{"allow":["GET"]}}],"collection":[{"href":"https:\/\/antykilion.pl\/en\/wp-json\/wp\/v2\/product"}],"about":[{"href":"https:\/\/antykilion.pl\/en\/wp-json\/wp\/v2\/types\/product"}],"replies":[{"embeddable":true,"href":"https:\/\/antykilion.pl\/en\/wp-json\/wp\/v2\/comments?post=9299"}],"wp:featuredmedia":[{"embeddable":true,"href":"https:\/\/antykilion.pl\/en\/wp-json\/wp\/v2\/media\/9300"}],"wp:attachment":[{"href":"https:\/\/antykilion.pl\/en\/wp-json\/wp\/v2\/media?parent=9299"}],"wp:term":[{"taxonomy":"product_cat","embeddable":true,"href":"https:\/\/antykilion.pl\/en\/wp-json\/wp\/v2\/product_cat?post=9299"},{"taxonomy":"product_tag","embeddable":true,"href":"https:\/\/antykilion.pl\/en\/wp-json\/wp\/v2\/product_tag?post=9299"}],"curies":[{"name":"wp","href":"https:\/\/api.w.org\/{rel}","templated":true}]}}