{"id":9303,"date":"2025-03-23T15:24:09","date_gmt":"2025-03-23T14:24:09","guid":{"rendered":"https:\/\/antykilion.pl\/?post_type=product&#038;p=9303"},"modified":"2025-03-23T15:24:10","modified_gmt":"2025-03-23T14:24:10","slug":"monumentalna-sekretera-biurko-klasycystyczne-xviii-w-okolo-1790-r-obledne","status":"publish","type":"product","link":"https:\/\/antykilion.pl\/en\/product\/monumentalna-sekretera-biurko-klasycystyczne-xviii-w-okolo-1790-r-obledne\/","title":{"rendered":"Monumentalna Sekretera &#8211; biurko Klasycystyczne XVIII w oko\u0142o 1790 r ob\u0142\u0119dne"},"content":{"rendered":"","protected":false},"excerpt":{"rendered":"<p>Monumentalna Sekretera &#8211; biurko Klasycystyczne XVIII w oko\u0142o 1790 r ob\u0142\u0119dne<\/p>\n<p>o prostych bokach, w g\u00f3rnej partii zamykany p\u00f3\u0142okr\u0105g\u0142\u0105 klap\u0105 wn\u0119trze z czterema szufladami, nad wn\u0119k\u0105 na kolana szuflada (jedna szersza) oraz na jej bokach po trzy. Ca\u0142o\u015b\u0107 wsparta na o\u015bmiu graniastych n\u00f3\u017ckach, w g\u00f3rnej partii podci\u0119tych u do\u0142u zbie\u017cnych (po cztery na bokach pod szufladami), fornirowana, i bogato intarsjowana. Wysuwany pulpit otwiera klap\u0119, wsuwany zamyka.<\/p>\n<p>Stan: bardzo dobry na stan orginalny !!! ob\u0142\u00f3g bez ubytk\u00f3w, oczywi\u015bcie wida\u0107 wybrzuszenia drobne naprawy i \u015blady u\u017cytkowania<\/p>\n<p>Origin: France<\/p>\n<p>Materia\u0142: fornir &#8211; orzech, czeczota brzozowa i kilka innych w intarsjach okucia mosi\u0119\u017cne<\/p>\n<p>Wymiary: d\u0142ugo\u015b\u0107 112 cm, g\u0142\u0119boko\u015b\u0107 67 cm, wysoko\u015b\u0107 110 cm<\/p>\n<p>Polecam bardzo atrakcyjna cena mebla, warto zainwestowa\u0107, mebel klasy muzealnej !!!<\/p>","protected":false},"featured_media":9304,"comment_status":"closed","ping_status":"closed","template":"","meta":[],"product_cat":[17,31],"product_tag":[],"class_list":{"0":"post-9303","1":"product","2":"type-product","3":"status-publish","4":"has-post-thumbnail","6":"product_cat-meble","7":"product_cat-sekretery-sekretarzyki-biurka","9":"entry","10":"has-media","12":"first","13":"instock","14":"taxable","15":"shipping-taxable","16":"purchasable","17":"product-type-simple","18":"has-product-nav","19":"col","20":"span_1_of_3","21":"owp-content-center","22":"owp-thumbs-layout-horizontal","23":"owp-btn-normal","24":"owp-tabs-layout-horizontal"},"aioseo_notices":[],"_links":{"self":[{"href":"https:\/\/antykilion.pl\/en\/wp-json\/wp\/v2\/product\/9303","targetHints":{"allow":["GET"]}}],"collection":[{"href":"https:\/\/antykilion.pl\/en\/wp-json\/wp\/v2\/product"}],"about":[{"href":"https:\/\/antykilion.pl\/en\/wp-json\/wp\/v2\/types\/product"}],"replies":[{"embeddable":true,"href":"https:\/\/antykilion.pl\/en\/wp-json\/wp\/v2\/comments?post=9303"}],"wp:featuredmedia":[{"embeddable":true,"href":"https:\/\/antykilion.pl\/en\/wp-json\/wp\/v2\/media\/9304"}],"wp:attachment":[{"href":"https:\/\/antykilion.pl\/en\/wp-json\/wp\/v2\/media?parent=9303"}],"wp:term":[{"taxonomy":"product_cat","embeddable":true,"href":"https:\/\/antykilion.pl\/en\/wp-json\/wp\/v2\/product_cat?post=9303"},{"taxonomy":"product_tag","embeddable":true,"href":"https:\/\/antykilion.pl\/en\/wp-json\/wp\/v2\/product_tag?post=9303"}],"curies":[{"name":"wp","href":"https:\/\/api.w.org\/{rel}","templated":true}]}}