{"id":9310,"date":"2025-03-23T16:00:44","date_gmt":"2025-03-23T15:00:44","guid":{"rendered":"https:\/\/antykilion.pl\/?post_type=product&#038;p=9310"},"modified":"2026-03-14T12:32:11","modified_gmt":"2026-03-14T11:32:11","slug":"krzesla-6-szt-xix-w-w-stylu-biedermeier-okolo-1830-r-piekne","status":"publish","type":"product","link":"https:\/\/antykilion.pl\/en\/product\/krzesla-6-szt-xix-w-w-stylu-biedermeier-okolo-1830-r-piekne\/","title":{"rendered":"Krzes\u0142a 6 szt. XIX w, w stylu biedermeier oko\u0142o 1830 r, pi\u0119kne"},"content":{"rendered":"","protected":false},"excerpt":{"rendered":"<p>Krzes\u0142a 6 szt. XIX w, w stylu biedermeier oko\u0142o 1830 r, pi\u0119kne<\/p>\n<p>Sze\u015b\u0107 krzese\u0142 z a\u017curowymi oparciami w formie kwiatonu o falistym zarysie,<\/p>\n<p>z tapicerowanymi, trapezoidalnymi poduszkami siedze\u0144, wsparte na czterech graniastych, zbie\u017cnych ku do\u0142owi nogach, tylnych b\u0119d\u0105cych przed\u0142u\u017ceniem ramiak\u00f3w oparcia, szablastych.<\/p>\n<p>Krzes\u0142a styl biedermeier. Formy mebli austriackich z 2 \u0107w. XIX wieku mia\u0142y du\u017cy wp\u0142yw na stolarstwo kraj\u00f3w o\u015bciennych.<\/p>\n<p>Konstrukcja orzech<\/p>\n<p>Powstanie: Austria<\/p>\n<p>Stan: bardzo dobry tapicerka raczej do od\u015bwierzenia<\/p>\n<p>Wymiary: wysoko\u015b\u0107 siedziska oko\u0142o 49 cm, wysoko\u015b\u0107 oparcia oko\u0142o 97 cm.<\/p>\n<p>Okazja !!<\/p>","protected":false},"featured_media":9311,"comment_status":"closed","ping_status":"closed","template":"","meta":[],"product_cat":[28,17],"product_tag":[],"class_list":{"0":"post-9310","1":"product","2":"type-product","3":"status-publish","4":"has-post-thumbnail","6":"product_cat-krzesla","7":"product_cat-meble","9":"entry","10":"has-media","12":"first","13":"instock","14":"taxable","15":"shipping-taxable","16":"purchasable","17":"product-type-simple","18":"has-product-nav","19":"col","20":"span_1_of_3","21":"owp-content-center","22":"owp-thumbs-layout-horizontal","23":"owp-btn-normal","24":"owp-tabs-layout-horizontal"},"aioseo_notices":[],"_links":{"self":[{"href":"https:\/\/antykilion.pl\/en\/wp-json\/wp\/v2\/product\/9310","targetHints":{"allow":["GET"]}}],"collection":[{"href":"https:\/\/antykilion.pl\/en\/wp-json\/wp\/v2\/product"}],"about":[{"href":"https:\/\/antykilion.pl\/en\/wp-json\/wp\/v2\/types\/product"}],"replies":[{"embeddable":true,"href":"https:\/\/antykilion.pl\/en\/wp-json\/wp\/v2\/comments?post=9310"}],"wp:featuredmedia":[{"embeddable":true,"href":"https:\/\/antykilion.pl\/en\/wp-json\/wp\/v2\/media\/9311"}],"wp:attachment":[{"href":"https:\/\/antykilion.pl\/en\/wp-json\/wp\/v2\/media?parent=9310"}],"wp:term":[{"taxonomy":"product_cat","embeddable":true,"href":"https:\/\/antykilion.pl\/en\/wp-json\/wp\/v2\/product_cat?post=9310"},{"taxonomy":"product_tag","embeddable":true,"href":"https:\/\/antykilion.pl\/en\/wp-json\/wp\/v2\/product_tag?post=9310"}],"curies":[{"name":"wp","href":"https:\/\/api.w.org\/{rel}","templated":true}]}}