{"id":9316,"date":"2025-03-23T16:35:36","date_gmt":"2025-03-23T15:35:36","guid":{"rendered":"https:\/\/antykilion.pl\/?post_type=product&#038;p=9316"},"modified":"2025-03-23T16:35:37","modified_gmt":"2025-03-23T15:35:37","slug":"krzesla-6-szt-z-xix-w-biedermeier-warszawa-wilno-okolo-1830","status":"publish","type":"product","link":"https:\/\/antykilion.pl\/en\/product\/krzesla-6-szt-z-xix-w-biedermeier-warszawa-wilno-okolo-1830\/","title":{"rendered":"Krzes\u0142a 6 szt. z XIX w, biedermeier Warszawa-Wilno oko\u0142o 1830"},"content":{"rendered":"","protected":false},"excerpt":{"rendered":"<p>Krzes\u0142a 6 szt. z XIX w, biedermeier Warszawa-Wilno oko\u0142o 1830<\/p>\n<p>with a board backrest, a padded seat cushion, supported by four board, s-shaped legs. S-shaped back board, framed with carved floral ornaments.<\/p>\n<p>A piece of furniture with a form and decoration appropriate for the Biedermeier style from Central and Eastern Poland. (Warsaw, Vilnius) They have a typical board form of a backrest and a seat made of a padded cushion, and popular bas-relief decorations composed of stylized leaves and rosettes.<\/p>\n<p>Materia\u0142: konstrukcja \u2013 buczyna,\u00a0 fornir maho\u0144;<\/p>\n<p>Origin: Central and Eastern Poland, approx. 1830-1835<\/p>\n<p>Stan: orginalny, bardzo dobry, widoczne \u015blady u\u017cytkowania, jedno z krzese\u0142 ma drobne rozeschniecie na oparciu co w meblach z tego okresu jest bardzo cz\u0119ste ale niczemu nie wadzi, RYSKI WIDOCZNE NA ZDJ\u0118CIU ZOSTA\u0141Y ZATUSZOWNE PRAKTYCZNIE NIE WIDOCZNE<\/p>\n<p>Wymiary: wysoko\u015b\u0107 siedziska oko\u0142o 49 cm, wysoko\u015b\u0107 oparcia oko\u0142o 97 cm.<\/p>\n<p>Okazja !!!<\/p>","protected":false},"featured_media":9317,"comment_status":"closed","ping_status":"closed","template":"","meta":[],"product_cat":[28,17],"product_tag":[],"class_list":{"0":"post-9316","1":"product","2":"type-product","3":"status-publish","4":"has-post-thumbnail","6":"product_cat-krzesla","7":"product_cat-meble","9":"entry","10":"has-media","12":"first","13":"instock","14":"taxable","15":"shipping-taxable","16":"purchasable","17":"product-type-simple","18":"has-product-nav","19":"col","20":"span_1_of_3","21":"owp-content-center","22":"owp-thumbs-layout-horizontal","23":"owp-btn-normal","24":"owp-tabs-layout-horizontal"},"aioseo_notices":[],"_links":{"self":[{"href":"https:\/\/antykilion.pl\/en\/wp-json\/wp\/v2\/product\/9316","targetHints":{"allow":["GET"]}}],"collection":[{"href":"https:\/\/antykilion.pl\/en\/wp-json\/wp\/v2\/product"}],"about":[{"href":"https:\/\/antykilion.pl\/en\/wp-json\/wp\/v2\/types\/product"}],"replies":[{"embeddable":true,"href":"https:\/\/antykilion.pl\/en\/wp-json\/wp\/v2\/comments?post=9316"}],"wp:featuredmedia":[{"embeddable":true,"href":"https:\/\/antykilion.pl\/en\/wp-json\/wp\/v2\/media\/9317"}],"wp:attachment":[{"href":"https:\/\/antykilion.pl\/en\/wp-json\/wp\/v2\/media?parent=9316"}],"wp:term":[{"taxonomy":"product_cat","embeddable":true,"href":"https:\/\/antykilion.pl\/en\/wp-json\/wp\/v2\/product_cat?post=9316"},{"taxonomy":"product_tag","embeddable":true,"href":"https:\/\/antykilion.pl\/en\/wp-json\/wp\/v2\/product_tag?post=9316"}],"curies":[{"name":"wp","href":"https:\/\/api.w.org\/{rel}","templated":true}]}}