{"id":9324,"date":"2025-03-23T17:00:17","date_gmt":"2025-03-23T16:00:17","guid":{"rendered":"https:\/\/antykilion.pl\/?post_type=product&#038;p=9324"},"modified":"2025-03-23T17:00:18","modified_gmt":"2025-03-23T16:00:18","slug":"para-foteli-z-xix-w-biedermeier-warszawa-wilno-okolo-1830-r","status":"publish","type":"product","link":"https:\/\/antykilion.pl\/en\/product\/para-foteli-z-xix-w-biedermeier-warszawa-wilno-okolo-1830-r\/","title":{"rendered":"Para foteli z XIX w, biedermeier Warszawa-Wilno oko\u0142o 1830 r"},"content":{"rendered":"","protected":false},"excerpt":{"rendered":"<p>Para foteli z XIX w, biedermeier Warszawa-Wilno oko\u0142o 1830 r<\/p>\n<p>z deskowym oparciem, wy\u015bcie\u0142ane poduszk\u0105 siedzenia, wsparte na czterech deskowych, esowatych nogach. Deska oparcia profilowana esowato, uj\u0119ta rze\u017abionymi ornamentami ro\u015blinnymi, por\u0119cze esowate, z wolutami zdobionymi snycerskim w\u0105tkiem palmet, rozet i akantu<\/p>\n<p>A piece of furniture with a form and decoration appropriate for the Biedermeier style from Central and Eastern Poland. (Warsaw, Vilnius) They have a typical board form of a backrest and a seat made of a padded cushion, and popular bas-relief decorations composed of stylized leaves and rosettes.<\/p>\n<p>Materia\u0142: konstrukcja \u2013 buczyna,\u00a0 fornir maho\u0144;<\/p>\n<p>Origin: Central and Eastern Poland, approx. 1830-1835<\/p>\n<p>Stan: orginalny, bardzo dobry, widoczne \u015blady u\u017cytkowania,<\/p>\n<p>Wymiary: wysoko\u015b\u0107 siedziska oko\u0142o 49 cm, wysoko\u015b\u0107 oparcia oko\u0142o 97 cm.<\/p>\n<p>Okazja !!!<\/p>","protected":false},"featured_media":9325,"comment_status":"closed","ping_status":"closed","template":"","meta":[],"product_cat":[24,28,17],"product_tag":[],"class_list":{"0":"post-9324","1":"product","2":"type-product","3":"status-publish","4":"has-post-thumbnail","6":"product_cat-fotele","7":"product_cat-krzesla","8":"product_cat-meble","10":"entry","11":"has-media","13":"first","14":"instock","15":"taxable","16":"shipping-taxable","17":"purchasable","18":"product-type-simple","19":"has-product-nav","20":"col","21":"span_1_of_3","22":"owp-content-center","23":"owp-thumbs-layout-horizontal","24":"owp-btn-normal","25":"owp-tabs-layout-horizontal"},"aioseo_notices":[],"_links":{"self":[{"href":"https:\/\/antykilion.pl\/en\/wp-json\/wp\/v2\/product\/9324","targetHints":{"allow":["GET"]}}],"collection":[{"href":"https:\/\/antykilion.pl\/en\/wp-json\/wp\/v2\/product"}],"about":[{"href":"https:\/\/antykilion.pl\/en\/wp-json\/wp\/v2\/types\/product"}],"replies":[{"embeddable":true,"href":"https:\/\/antykilion.pl\/en\/wp-json\/wp\/v2\/comments?post=9324"}],"wp:featuredmedia":[{"embeddable":true,"href":"https:\/\/antykilion.pl\/en\/wp-json\/wp\/v2\/media\/9325"}],"wp:attachment":[{"href":"https:\/\/antykilion.pl\/en\/wp-json\/wp\/v2\/media?parent=9324"}],"wp:term":[{"taxonomy":"product_cat","embeddable":true,"href":"https:\/\/antykilion.pl\/en\/wp-json\/wp\/v2\/product_cat?post=9324"},{"taxonomy":"product_tag","embeddable":true,"href":"https:\/\/antykilion.pl\/en\/wp-json\/wp\/v2\/product_tag?post=9324"}],"curies":[{"name":"wp","href":"https:\/\/api.w.org\/{rel}","templated":true}]}}