{"id":9349,"date":"2025-03-23T19:11:39","date_gmt":"2025-03-23T18:11:39","guid":{"rendered":"https:\/\/antykilion.pl\/?post_type=product&#038;p=9349"},"modified":"2025-03-23T19:11:40","modified_gmt":"2025-03-23T18:11:40","slug":"zegar-kominkowy-empirowy-z-muzykantami-xix-w-okolo-1810-30-r","status":"publish","type":"product","link":"https:\/\/antykilion.pl\/en\/product\/zegar-kominkowy-empirowy-z-muzykantami-xix-w-okolo-1810-30-r\/","title":{"rendered":"Zegar kominkowy empirowy z muzykantami XIX w oko\u0142o 1810\/30 r"},"content":{"rendered":"","protected":false},"excerpt":{"rendered":"<p>Zegar kominkowy empirowy z muzykantami XIX w oko\u0142o 1810\/30 r<\/p>\n<p>Zegar kominkowy z scen\u0105 alegoryczn\u0105 muzyki.<\/p>\n<p>Z postaci\u0105 dziewczyny graj\u0105cej na lirze i m\u0142odzie\u0144cem graj\u0105cym na mandolinie, na roz\u0142o\u017conych nutach.<\/p>\n<p>Pochodzenie: zegar kominkowy, francuski,<\/p>\n<p>Condition: very good after the watchmaker&#039;s review.<\/p>\n<p>Material: gilded bronze<\/p>\n<p>Wymiary: wysoko\u015b\u0107 46 cm, g\u0142\u0119boko\u015b\u0107 13 cm, d\u0142ugo\u015b\u0107\u00a0 34 cm du\u017cy !!!<\/p>\n<p>Pi\u0119kny du\u017cy zegar<\/p>","protected":false},"featured_media":9350,"comment_status":"closed","ping_status":"closed","template":"","meta":[],"product_cat":[54,51],"product_tag":[],"class_list":{"0":"post-9349","1":"product","2":"type-product","3":"status-publish","4":"has-post-thumbnail","6":"product_cat-zegary-kominkowe","7":"product_cat-zegary","9":"entry","10":"has-media","12":"first","13":"instock","14":"taxable","15":"shipping-taxable","16":"purchasable","17":"product-type-simple","18":"has-product-nav","19":"col","20":"span_1_of_3","21":"owp-content-center","22":"owp-thumbs-layout-horizontal","23":"owp-btn-normal","24":"owp-tabs-layout-horizontal"},"aioseo_notices":[],"_links":{"self":[{"href":"https:\/\/antykilion.pl\/en\/wp-json\/wp\/v2\/product\/9349","targetHints":{"allow":["GET"]}}],"collection":[{"href":"https:\/\/antykilion.pl\/en\/wp-json\/wp\/v2\/product"}],"about":[{"href":"https:\/\/antykilion.pl\/en\/wp-json\/wp\/v2\/types\/product"}],"replies":[{"embeddable":true,"href":"https:\/\/antykilion.pl\/en\/wp-json\/wp\/v2\/comments?post=9349"}],"wp:featuredmedia":[{"embeddable":true,"href":"https:\/\/antykilion.pl\/en\/wp-json\/wp\/v2\/media\/9350"}],"wp:attachment":[{"href":"https:\/\/antykilion.pl\/en\/wp-json\/wp\/v2\/media?parent=9349"}],"wp:term":[{"taxonomy":"product_cat","embeddable":true,"href":"https:\/\/antykilion.pl\/en\/wp-json\/wp\/v2\/product_cat?post=9349"},{"taxonomy":"product_tag","embeddable":true,"href":"https:\/\/antykilion.pl\/en\/wp-json\/wp\/v2\/product_tag?post=9349"}],"curies":[{"name":"wp","href":"https:\/\/api.w.org\/{rel}","templated":true}]}}