{"id":9362,"date":"2025-03-23T20:01:51","date_gmt":"2025-03-23T19:01:51","guid":{"rendered":"https:\/\/antykilion.pl\/?post_type=product&#038;p=9362"},"modified":"2025-03-24T13:25:55","modified_gmt":"2025-03-24T12:25:55","slug":"obledny-zegar-kominkowy-empirowy-z-ruchoma-fontanna-xix-w-okolo-1810-30-r-2","status":"publish","type":"product","link":"https:\/\/antykilion.pl\/en\/product\/obledny-zegar-kominkowy-empirowy-z-ruchoma-fontanna-xix-w-okolo-1810-30-r-2\/","title":{"rendered":"Ob\u0142\u0119dny Zegar kominkowy empirowy z m\u0142odzie\u0144cem czytaj\u0105cym ksi\u0105\u017ck\u0119 XIX w oko\u0142o 1810\/30 r"},"content":{"rendered":"","protected":false},"excerpt":{"rendered":"<p>Ob\u0142\u0119dny Zegar kominkowy empirowy z m\u0142odzie\u0144cem czytaj\u0105cym ksi\u0105\u017ck\u0119 XIX w oko\u0142o 1810\/30 r<\/p>\n<p>Zegar kominkowy z m\u0142odzie\u0144cem czytaj\u0105cym ksi\u0105\u017ck\u0119. Zegar przedstawia alegori\u0119 m\u0105dro\u015bci<\/p>\n<p>Sygnowany Debert a Paris.<\/p>\n<p>DABERT, zegarmistrz, kt\u00f3ry pracowa\u0142 w Pary\u017cu w latach 1811\u20131823<\/p>\n<p>Pochodzenie: zegar kominkowy, francuski,<\/p>\n<p>Condition: very good after the watchmaker&#039;s review.<\/p>\n<p>Materia\u0142: br\u0105z z\u0142ocony i patynowany szk\u0142o<\/p>\n<p>Wymiary: wysoko\u015b\u0107 40 cm, g\u0142\u0119boko\u015b\u0107 15 cm, d\u0142ugo\u015b\u0107\u00a0 35 cm du\u017cy !!!<\/p>\n<p>Pi\u0119kny dla konesera !!!<\/p>","protected":false},"featured_media":9363,"comment_status":"closed","ping_status":"closed","template":"","meta":[],"product_cat":[54,51],"product_tag":[],"class_list":{"0":"post-9362","1":"product","2":"type-product","3":"status-publish","4":"has-post-thumbnail","6":"product_cat-zegary-kominkowe","7":"product_cat-zegary","9":"entry","10":"has-media","12":"first","13":"instock","14":"taxable","15":"shipping-taxable","16":"purchasable","17":"product-type-simple","18":"has-product-nav","19":"col","20":"span_1_of_3","21":"owp-content-center","22":"owp-thumbs-layout-horizontal","23":"owp-btn-normal","24":"owp-tabs-layout-horizontal"},"aioseo_notices":[],"_links":{"self":[{"href":"https:\/\/antykilion.pl\/en\/wp-json\/wp\/v2\/product\/9362","targetHints":{"allow":["GET"]}}],"collection":[{"href":"https:\/\/antykilion.pl\/en\/wp-json\/wp\/v2\/product"}],"about":[{"href":"https:\/\/antykilion.pl\/en\/wp-json\/wp\/v2\/types\/product"}],"replies":[{"embeddable":true,"href":"https:\/\/antykilion.pl\/en\/wp-json\/wp\/v2\/comments?post=9362"}],"wp:featuredmedia":[{"embeddable":true,"href":"https:\/\/antykilion.pl\/en\/wp-json\/wp\/v2\/media\/9363"}],"wp:attachment":[{"href":"https:\/\/antykilion.pl\/en\/wp-json\/wp\/v2\/media?parent=9362"}],"wp:term":[{"taxonomy":"product_cat","embeddable":true,"href":"https:\/\/antykilion.pl\/en\/wp-json\/wp\/v2\/product_cat?post=9362"},{"taxonomy":"product_tag","embeddable":true,"href":"https:\/\/antykilion.pl\/en\/wp-json\/wp\/v2\/product_tag?post=9362"}],"curies":[{"name":"wp","href":"https:\/\/api.w.org\/{rel}","templated":true}]}}