{"id":9380,"date":"2025-04-06T07:57:46","date_gmt":"2025-04-06T05:57:46","guid":{"rendered":"https:\/\/antykilion.pl\/?post_type=product&#038;p=9380"},"modified":"2025-04-06T07:57:46","modified_gmt":"2025-04-06T05:57:46","slug":"sofa-zlocona-w-stylu-ludwika-xv-okolo-1870r-bajeczna","status":"publish","type":"product","link":"https:\/\/antykilion.pl\/en\/product\/sofa-zlocona-w-stylu-ludwika-xv-okolo-1870r-bajeczna\/","title":{"rendered":"Sofa z\u0142ocona w stylu Ludwika XV oko\u0142o 1870r bajeczna"},"content":{"rendered":"","protected":false},"excerpt":{"rendered":"<p>Sofa z\u0142ocona w stylu Ludwika XV oko\u0142o 1870 r bajeczna<\/p>\n<p>o falistych i profilowanych elementach szkieletu, rze\u017abionych w li\u015bcie, kwiaty, muszle i poz\u0142acanych, z prostok\u0105tnym\u00a0 oparciem, lekko zaokr\u0105glonym na bokach, falistym siedzeniem i esowatymi por\u0119czami oraz wspornikami, tapicerowana, wsparta na sze\u015bciu esowatych n\u00f3\u017ckach;<\/p>\n<p>Stan: bardzo dobry orginalny \u0142\u0105cznie z tapicerk\u0105<\/p>\n<p>Pochodzenie; Francja,\u00a0 oko\u0142o 1870\/90 r<\/p>\n<p>Materia\u0142: Buk ? z\u0142ocona<\/p>\n<p>Wymiary:\u00a0 wysoko\u015b\u0107 110 cm D\u0142ugo\u015b\u0107 176cm, g\u0142\u0119boko\u015b\u0107 70 cm, wysoko\u015b\u0107 siedziska oko\u0142o 45 cm<\/p>\n<p>dost\u0119pne inne elementy kompletu<\/p>","protected":false},"featured_media":9381,"comment_status":"closed","ping_status":"closed","template":"","meta":[],"product_cat":[17,32],"product_tag":[],"class_list":{"0":"post-9380","1":"product","2":"type-product","3":"status-publish","4":"has-post-thumbnail","6":"product_cat-meble","7":"product_cat-sofy","9":"entry","10":"has-media","12":"first","13":"instock","14":"taxable","15":"shipping-taxable","16":"purchasable","17":"product-type-simple","18":"has-product-nav","19":"col","20":"span_1_of_3","21":"owp-content-center","22":"owp-thumbs-layout-horizontal","23":"owp-btn-normal","24":"owp-tabs-layout-horizontal"},"aioseo_notices":[],"_links":{"self":[{"href":"https:\/\/antykilion.pl\/en\/wp-json\/wp\/v2\/product\/9380","targetHints":{"allow":["GET"]}}],"collection":[{"href":"https:\/\/antykilion.pl\/en\/wp-json\/wp\/v2\/product"}],"about":[{"href":"https:\/\/antykilion.pl\/en\/wp-json\/wp\/v2\/types\/product"}],"replies":[{"embeddable":true,"href":"https:\/\/antykilion.pl\/en\/wp-json\/wp\/v2\/comments?post=9380"}],"wp:featuredmedia":[{"embeddable":true,"href":"https:\/\/antykilion.pl\/en\/wp-json\/wp\/v2\/media\/9381"}],"wp:attachment":[{"href":"https:\/\/antykilion.pl\/en\/wp-json\/wp\/v2\/media?parent=9380"}],"wp:term":[{"taxonomy":"product_cat","embeddable":true,"href":"https:\/\/antykilion.pl\/en\/wp-json\/wp\/v2\/product_cat?post=9380"},{"taxonomy":"product_tag","embeddable":true,"href":"https:\/\/antykilion.pl\/en\/wp-json\/wp\/v2\/product_tag?post=9380"}],"curies":[{"name":"wp","href":"https:\/\/api.w.org\/{rel}","templated":true}]}}