{"id":9395,"date":"2025-04-06T12:37:37","date_gmt":"2025-04-06T10:37:37","guid":{"rendered":"https:\/\/antykilion.pl\/?post_type=product&#038;p=9395"},"modified":"2025-04-06T12:37:38","modified_gmt":"2025-04-06T10:37:38","slug":"stol-biurko-do-pisania-klasycystyczny-xix-w-okolo-1800-10-r","status":"publish","type":"product","link":"https:\/\/antykilion.pl\/en\/product\/stol-biurko-do-pisania-klasycystyczny-xix-w-okolo-1800-10-r\/","title":{"rendered":"St\u00f3\u0142 &#8211; biurko do pisania\u00a0 \u00a0klasycystyczny XIX w oko\u0142o 1800\/10 r"},"content":{"rendered":"","protected":false},"excerpt":{"rendered":"<p>St\u00f3\u0142 &#8211; biurko do pisania\u00a0 \u00a0klasycystyczny XIX w oko\u0142o 1800\/10 r<\/p>\n<p>z owalnym blatem, wspartym na czterech graniastych, zbie\u017cnych n\u00f3\u017ckach, fornirowany mahoniem, intarsjowany \u017cy\u0142k\u0105. Blat z obramieniem, wst\u0119g\u0105 uj\u0119t\u0105 \u017cy\u0142kami, po \u015brodku blatu sk\u00f3ra, na ca\u0142o\u015bci po\u0142o\u017cone szk\u0142o.<\/p>\n<p>Materia\u0142: Maho\u0144, oraz inne rodzaje drewna w intarsjach, sk\u00f3ra szk\u0142o<\/p>\n<p>Stan: bardzo dobry po renowacji kilka lat temu<\/p>\n<p>Wymiary: wysoko\u015b\u0107 73,d\u0142ugo\u015b\u0107 107 cm, szer. 75 cm<\/p>","protected":false},"featured_media":9396,"comment_status":"closed","ping_status":"closed","template":"","meta":[],"product_cat":[17,33],"product_tag":[],"class_list":{"0":"post-9395","1":"product","2":"type-product","3":"status-publish","4":"has-post-thumbnail","6":"product_cat-meble","7":"product_cat-stoly-stoliki","9":"entry","10":"has-media","12":"first","13":"instock","14":"taxable","15":"shipping-taxable","16":"purchasable","17":"product-type-simple","18":"has-product-nav","19":"col","20":"span_1_of_3","21":"owp-content-center","22":"owp-thumbs-layout-horizontal","23":"owp-btn-normal","24":"owp-tabs-layout-horizontal"},"aioseo_notices":[],"_links":{"self":[{"href":"https:\/\/antykilion.pl\/en\/wp-json\/wp\/v2\/product\/9395","targetHints":{"allow":["GET"]}}],"collection":[{"href":"https:\/\/antykilion.pl\/en\/wp-json\/wp\/v2\/product"}],"about":[{"href":"https:\/\/antykilion.pl\/en\/wp-json\/wp\/v2\/types\/product"}],"replies":[{"embeddable":true,"href":"https:\/\/antykilion.pl\/en\/wp-json\/wp\/v2\/comments?post=9395"}],"wp:featuredmedia":[{"embeddable":true,"href":"https:\/\/antykilion.pl\/en\/wp-json\/wp\/v2\/media\/9396"}],"wp:attachment":[{"href":"https:\/\/antykilion.pl\/en\/wp-json\/wp\/v2\/media?parent=9395"}],"wp:term":[{"taxonomy":"product_cat","embeddable":true,"href":"https:\/\/antykilion.pl\/en\/wp-json\/wp\/v2\/product_cat?post=9395"},{"taxonomy":"product_tag","embeddable":true,"href":"https:\/\/antykilion.pl\/en\/wp-json\/wp\/v2\/product_tag?post=9395"}],"curies":[{"name":"wp","href":"https:\/\/api.w.org\/{rel}","templated":true}]}}