{"id":9400,"date":"2025-04-06T13:01:56","date_gmt":"2025-04-06T11:01:56","guid":{"rendered":"https:\/\/antykilion.pl\/?post_type=product&#038;p=9400"},"modified":"2025-04-06T13:01:56","modified_gmt":"2025-04-06T11:01:56","slug":"stolik-klasycystyczny-xix-w-okolo-1800-r-rzadkosc","status":"publish","type":"product","link":"https:\/\/antykilion.pl\/en\/product\/stolik-klasycystyczny-xix-w-okolo-1800-r-rzadkosc\/","title":{"rendered":"Stolik klasycystyczny XIX w, oko\u0142o 1800 r, rzadko\u015b\u0107 !!!"},"content":{"rendered":"","protected":false},"excerpt":{"rendered":"<p>Stolik klasycystyczny XIX w, oko\u0142o 1800 r, rzadko\u015b\u0107 !!!<\/p>\n<p>z prostok\u0105tnym blatem i szufladk\u0105, wsparty na czterech zbie\u017cnych n\u00f3\u017ckach, fornirowany.<\/p>\n<p>Materia\u0142: Wi\u0105z i brzoza<\/p>\n<p>Stan: bardzo dobry orginalny widoczne \u015blady u\u017cytkowania<\/p>\n<p>Wymiary: wysoko\u015b\u0107 70,d\u0142ugo\u015b\u0107 57 cm, szer. 37 cm<\/p>\n<p>Okazja !!!<\/p>","protected":false},"featured_media":9401,"comment_status":"closed","ping_status":"closed","template":"","meta":[],"product_cat":[17,33],"product_tag":[],"class_list":{"0":"post-9400","1":"product","2":"type-product","3":"status-publish","4":"has-post-thumbnail","6":"product_cat-meble","7":"product_cat-stoly-stoliki","9":"entry","10":"has-media","12":"first","13":"instock","14":"taxable","15":"shipping-taxable","16":"purchasable","17":"product-type-simple","18":"has-product-nav","19":"col","20":"span_1_of_3","21":"owp-content-center","22":"owp-thumbs-layout-horizontal","23":"owp-btn-normal","24":"owp-tabs-layout-horizontal"},"aioseo_notices":[],"_links":{"self":[{"href":"https:\/\/antykilion.pl\/en\/wp-json\/wp\/v2\/product\/9400","targetHints":{"allow":["GET"]}}],"collection":[{"href":"https:\/\/antykilion.pl\/en\/wp-json\/wp\/v2\/product"}],"about":[{"href":"https:\/\/antykilion.pl\/en\/wp-json\/wp\/v2\/types\/product"}],"replies":[{"embeddable":true,"href":"https:\/\/antykilion.pl\/en\/wp-json\/wp\/v2\/comments?post=9400"}],"wp:featuredmedia":[{"embeddable":true,"href":"https:\/\/antykilion.pl\/en\/wp-json\/wp\/v2\/media\/9401"}],"wp:attachment":[{"href":"https:\/\/antykilion.pl\/en\/wp-json\/wp\/v2\/media?parent=9400"}],"wp:term":[{"taxonomy":"product_cat","embeddable":true,"href":"https:\/\/antykilion.pl\/en\/wp-json\/wp\/v2\/product_cat?post=9400"},{"taxonomy":"product_tag","embeddable":true,"href":"https:\/\/antykilion.pl\/en\/wp-json\/wp\/v2\/product_tag?post=9400"}],"curies":[{"name":"wp","href":"https:\/\/api.w.org\/{rel}","templated":true}]}}