{"id":9436,"date":"2025-05-08T08:55:22","date_gmt":"2025-05-08T06:55:22","guid":{"rendered":"https:\/\/antykilion.pl\/?post_type=product&#038;p=9436"},"modified":"2025-05-08T08:55:23","modified_gmt":"2025-05-08T06:55:23","slug":"para-foteli-w-stylu-ludwika-xvi-xix-w-okolo-1860-r-piekne-okazja","status":"publish","type":"product","link":"https:\/\/antykilion.pl\/en\/product\/para-foteli-w-stylu-ludwika-xvi-xix-w-okolo-1860-r-piekne-okazja\/","title":{"rendered":"Para foteli w stylu Ludwika XVI XIX w oko\u0142o 1860 r pi\u0119kne okazja"},"content":{"rendered":"","protected":false},"excerpt":{"rendered":"<p>Para foteli w stylu Ludwika XVI XIX w oko\u0142o 1860 r pi\u0119kne okazja<\/p>\n<p>Para foteli; wsparte na 4 zbie\u017cnych, kanelowanych nogach; fronty oskrzy\u0144 wybrzuszone, zdobione snycersk\u0105 wst\u0119g\u0105, podobnie jak ramiaki prostok\u0105tnych, tapicerowanych zapleck\u00f3w. Cz\u0119\u015bciowo tapicerowane pod\u0142okietnik. Ramiaki na oparciach wyko\u0144czone ozdobn\u0105 dekoracj\u0105 z medalionem z girlandami.<\/p>\n<p>Materia\u0142: konstrukcja \u2013 buczyna,\u00a0 z\u0142ocona i polichromowana\u00a0<\/p>\n<p>Pochodzenie: Francja oko\u0142o 1860 r<\/p>\n<p>Stan: orginalny, bardzo dobry, widoczne \u015blady u\u017cytkowania, przetarcia z\u0142oce\u0144 co jest naturalne, materia\u0142 gdzie nie gdzie przetarcia<\/p>\n<p>Wymiary: wysoko\u015b\u0107 siedziska oko\u0142o 49 cm, wysoko\u015b\u0107 oparcia oko\u0142o 97 cm.<\/p>\n<p>Okazja !!!<\/p>","protected":false},"featured_media":9437,"comment_status":"closed","ping_status":"closed","template":"","meta":[],"product_cat":[24,17],"product_tag":[],"class_list":{"0":"post-9436","1":"product","2":"type-product","3":"status-publish","4":"has-post-thumbnail","6":"product_cat-fotele","7":"product_cat-meble","9":"entry","10":"has-media","12":"first","13":"instock","14":"taxable","15":"shipping-taxable","16":"purchasable","17":"product-type-simple","18":"has-product-nav","19":"col","20":"span_1_of_3","21":"owp-content-center","22":"owp-thumbs-layout-horizontal","23":"owp-btn-normal","24":"owp-tabs-layout-horizontal"},"aioseo_notices":[],"_links":{"self":[{"href":"https:\/\/antykilion.pl\/en\/wp-json\/wp\/v2\/product\/9436","targetHints":{"allow":["GET"]}}],"collection":[{"href":"https:\/\/antykilion.pl\/en\/wp-json\/wp\/v2\/product"}],"about":[{"href":"https:\/\/antykilion.pl\/en\/wp-json\/wp\/v2\/types\/product"}],"replies":[{"embeddable":true,"href":"https:\/\/antykilion.pl\/en\/wp-json\/wp\/v2\/comments?post=9436"}],"wp:featuredmedia":[{"embeddable":true,"href":"https:\/\/antykilion.pl\/en\/wp-json\/wp\/v2\/media\/9437"}],"wp:attachment":[{"href":"https:\/\/antykilion.pl\/en\/wp-json\/wp\/v2\/media?parent=9436"}],"wp:term":[{"taxonomy":"product_cat","embeddable":true,"href":"https:\/\/antykilion.pl\/en\/wp-json\/wp\/v2\/product_cat?post=9436"},{"taxonomy":"product_tag","embeddable":true,"href":"https:\/\/antykilion.pl\/en\/wp-json\/wp\/v2\/product_tag?post=9436"}],"curies":[{"name":"wp","href":"https:\/\/api.w.org\/{rel}","templated":true}]}}