{"id":9439,"date":"2025-05-08T09:18:43","date_gmt":"2025-05-08T07:18:43","guid":{"rendered":"https:\/\/antykilion.pl\/?post_type=product&#038;p=9439"},"modified":"2025-05-10T08:15:39","modified_gmt":"2025-05-10T06:15:39","slug":"szafka-na-bizuterie-w-stylu-ludwika-xv-przelom-xviii-xix-w-ogromna-rzadkosc","status":"publish","type":"product","link":"https:\/\/antykilion.pl\/en\/product\/szafka-na-bizuterie-w-stylu-ludwika-xv-przelom-xviii-xix-w-ogromna-rzadkosc\/","title":{"rendered":"Szafka na bi\u017cuteri\u0119 w stylu Ludwika XV prze\u0142om XVIII\/XIX w ogromna rzadko\u015b\u0107"},"content":{"rendered":"","protected":false},"excerpt":{"rendered":"<p>Szafka na bi\u017cuteri\u0119 w stylu Ludwika XV prze\u0142om XVIII\/XIX w ogromna rzadko\u015b\u0107<\/p>\n<p>Szafka jednodrzwiowa imituj\u0105ca komod\u0119. Za drzwiczkami kryje si\u0119 sze\u015b\u0107 szuflad na bi\u017cuteri\u0119. Wsparta na czterech gi\u0119tych n\u00f3\u017ckach. Przepi\u0119knie intarsjowana r\u00f3\u017c\u0105 i palisandrami. Dodatkowo pi\u0119knie okuta br\u0105zami z\u0142oconymi.<\/p>\n<p>Stan: bardzo dobry konstrukcyjnie po dawnych poprawkach, fornir i politura dobra na stan orginalny !!! oczywi\u015bcie widoczne \u015blady u\u017cytkowania drobne uszkodzenia forniru dawniej naprawione i stare drobne rozeschni\u0119cia\u00a0<\/p>\n<p>Origin: France\u00a0<\/p>\n<p>Materia\u0142: R\u00f3\u017ca palisandry i br\u0105zy z\u0142ocone\u00a0<\/p>\n<p>Wymiary: d\u0142ugo\u015b\u0107 61 cm, g\u0142\u0119boko\u015b\u0107 34 cm, wysoko\u015b\u0107 92 cm<\/p>\n<p>Polecam bardzo atrakcyjna cena mebla, pi\u0119kny i bardzo rzadki mebel !!!<\/p>","protected":false},"featured_media":9441,"comment_status":"closed","ping_status":"closed","template":"","meta":[],"product_cat":[26,17,36],"product_tag":[],"class_list":{"0":"post-9439","1":"product","2":"type-product","3":"status-publish","4":"has-post-thumbnail","6":"product_cat-komody","7":"product_cat-meble","8":"product_cat-toaletki","10":"entry","11":"has-media","13":"first","14":"instock","15":"taxable","16":"shipping-taxable","17":"purchasable","18":"product-type-simple","19":"has-product-nav","20":"col","21":"span_1_of_3","22":"owp-content-center","23":"owp-thumbs-layout-horizontal","24":"owp-btn-normal","25":"owp-tabs-layout-horizontal"},"aioseo_notices":[],"_links":{"self":[{"href":"https:\/\/antykilion.pl\/en\/wp-json\/wp\/v2\/product\/9439","targetHints":{"allow":["GET"]}}],"collection":[{"href":"https:\/\/antykilion.pl\/en\/wp-json\/wp\/v2\/product"}],"about":[{"href":"https:\/\/antykilion.pl\/en\/wp-json\/wp\/v2\/types\/product"}],"replies":[{"embeddable":true,"href":"https:\/\/antykilion.pl\/en\/wp-json\/wp\/v2\/comments?post=9439"}],"wp:featuredmedia":[{"embeddable":true,"href":"https:\/\/antykilion.pl\/en\/wp-json\/wp\/v2\/media\/9441"}],"wp:attachment":[{"href":"https:\/\/antykilion.pl\/en\/wp-json\/wp\/v2\/media?parent=9439"}],"wp:term":[{"taxonomy":"product_cat","embeddable":true,"href":"https:\/\/antykilion.pl\/en\/wp-json\/wp\/v2\/product_cat?post=9439"},{"taxonomy":"product_tag","embeddable":true,"href":"https:\/\/antykilion.pl\/en\/wp-json\/wp\/v2\/product_tag?post=9439"}],"curies":[{"name":"wp","href":"https:\/\/api.w.org\/{rel}","templated":true}]}}