{"id":9458,"date":"2025-06-03T13:55:16","date_gmt":"2025-06-03T11:55:16","guid":{"rendered":"https:\/\/antykilion.pl\/?post_type=product&#038;p=9458"},"modified":"2025-06-03T13:55:17","modified_gmt":"2025-06-03T11:55:17","slug":"pistolet-kapiszonowy-dwulufowy-podrozny-xix-w-okolo-1840-r","status":"publish","type":"product","link":"https:\/\/antykilion.pl\/en\/product\/pistolet-kapiszonowy-dwulufowy-podrozny-xix-w-okolo-1840-r\/","title":{"rendered":"Pistolet kapiszonowy dwulufowy, podr\u00f3\u017cny XIX w oko\u0142o 1840 r"},"content":{"rendered":"","protected":false},"excerpt":{"rendered":"<p>Pistolet kapiszonowy dwulufowy, podr\u00f3\u017cny XIX w oko\u0142o 1840 r<\/p>\n<p>drewno, stal, mosi\u0105dz; d\u0142. ca\u0142k. 23 cm; d\u0142. luf z warkoczem 21 cm.<\/p>\n<p>XIX w oko\u0142o 1840 r,  Anglia ?<\/p>\n<p>Lufy stalowe, o\u015bmiok\u0105tne, g\u0142adkie; na lufach oraz przy zamku wybite numery: \u201e36\u201d  Zamek skrzynkowy pistonowy, z dwoma kurkami i dwoma j\u0119zyczkami spust\u00f3w w szerokiej, stalowej os\u0142onie. Kolba kr\u00f3tka, g\u0142adka, orzechowa, zako\u0144czona kuli\u015bcie.<\/p>","protected":false},"featured_media":9459,"comment_status":"closed","ping_status":"closed","template":"","meta":[],"product_cat":[70],"product_tag":[],"class_list":{"0":"post-9458","1":"product","2":"type-product","3":"status-publish","4":"has-post-thumbnail","6":"product_cat-bron","8":"entry","9":"has-media","11":"first","12":"instock","13":"taxable","14":"shipping-taxable","15":"purchasable","16":"product-type-simple","17":"has-product-nav","18":"col","19":"span_1_of_3","20":"owp-content-center","21":"owp-thumbs-layout-horizontal","22":"owp-btn-normal","23":"owp-tabs-layout-horizontal"},"aioseo_notices":[],"_links":{"self":[{"href":"https:\/\/antykilion.pl\/en\/wp-json\/wp\/v2\/product\/9458","targetHints":{"allow":["GET"]}}],"collection":[{"href":"https:\/\/antykilion.pl\/en\/wp-json\/wp\/v2\/product"}],"about":[{"href":"https:\/\/antykilion.pl\/en\/wp-json\/wp\/v2\/types\/product"}],"replies":[{"embeddable":true,"href":"https:\/\/antykilion.pl\/en\/wp-json\/wp\/v2\/comments?post=9458"}],"wp:featuredmedia":[{"embeddable":true,"href":"https:\/\/antykilion.pl\/en\/wp-json\/wp\/v2\/media\/9459"}],"wp:attachment":[{"href":"https:\/\/antykilion.pl\/en\/wp-json\/wp\/v2\/media?parent=9458"}],"wp:term":[{"taxonomy":"product_cat","embeddable":true,"href":"https:\/\/antykilion.pl\/en\/wp-json\/wp\/v2\/product_cat?post=9458"},{"taxonomy":"product_tag","embeddable":true,"href":"https:\/\/antykilion.pl\/en\/wp-json\/wp\/v2\/product_tag?post=9458"}],"curies":[{"name":"wp","href":"https:\/\/api.w.org\/{rel}","templated":true}]}}