{"id":9525,"date":"2025-06-04T16:16:03","date_gmt":"2025-06-04T14:16:03","guid":{"rendered":"https:\/\/antykilion.pl\/?post_type=product&#038;p=9525"},"modified":"2025-06-04T16:19:50","modified_gmt":"2025-06-04T14:19:50","slug":"szpada-francuska-oficerska-pozlacany-braz-z-herbami-xix-w-do-1820-r-cudna","status":"publish","type":"product","link":"https:\/\/antykilion.pl\/en\/product\/szpada-francuska-oficerska-pozlacany-braz-z-herbami-xix-w-do-1820-r-cudna\/","title":{"rendered":"Szpada Francuska oficerska poz\u0142acany br\u0105z z herbami XIX w do 1820 r Cudna !"},"content":{"rendered":"","protected":false},"excerpt":{"rendered":"<p>Szpada Francuska oficerska poz\u0142acany br\u0105z z herbami XIX w do 1820 r Cudna !<\/p>\n<p>Szpada oficerska, r\u0119koje\u015b\u0107 z poz\u0142acanego mosi\u0105dzu, rze\u017abiona r\u0119koje\u015b\u0107 z herbem Francuskim z Koron\u0105, r\u0119koje\u015b\u0107 z hebanu na niej herb Francuski kogut, kratkowana, z czterema per\u0142owymi poz\u0142acanymi mosi\u0119\u017cnymi tigelles; tr\u00f3jk\u0105tne ostrze, z\u0142ocone i oksydowane w jednej trzeciej, sygnowane: IS &#038; C for Johan Schimmelbusch &#038; Company;<\/p>\n<p>Oznaczenia na ostrzu IS &#038; C for Johan Schimmelbusch &#038; Company<\/p>\n<p>Przegl\u0105d od AI<\/p>\n<p>Wi\u0119cej informacji<\/p>\n<p>Kogut (ang. rooster, franc. coq) jest nieoficjalnym symbolem Francji, a jego u\u017cycie w herbie i jako symbol narodowy ma g\u0142\u0119bokie korzenie w historii i kulturze tego kraju<\/p>\n<p>.<\/p>\n<p>Dlaczego kogut?<\/p>\n<p>Kogut zosta\u0142 symbolem Francji ze wzgl\u0119du na gr\u0119 s\u0142\u00f3w.\u00a0W \u0142aci\u0144skim j\u0119zyku s\u0142owo &#8220;gallus&#8221; oznacza zar\u00f3wno &#8220;Gal&#8221; (mieszkaniec Galii, z kt\u00f3rej wywodzi si\u0119 Francja) jak i &#8220;koguta&#8221;.\u00a0Rzymianie, podbijaj\u0105c Gali\u0119, u\u017cywali okre\u015blenia &#8220;gallus&#8221; na okre\u015blenie mieszka\u0144c\u00f3w, co przyczyni\u0142o si\u0119 do uto\u017csamiania koguta z tym obszarem.<\/p>\n<p>Symbolika koguta:<\/p>\n<p>Kogut symbolizuje nie tylko dum\u0119 narodow\u0105 Francji, ale r\u00f3wnie\u017c odwaga, czujno\u015b\u0107 i m\u0119sko\u015b\u0107, co jest zwi\u0105zane z jego charakterem w kulturze.\u00a0W \u015bredniowieczu by\u0142 r\u00f3wnie\u017c u\u017cywany przez wrog\u00f3w Francji jako symbol drwin, ale z czasem zosta\u0142 przej\u0119ty jako symbol pozytywny.<\/p>\n<p>U\u017cycie koguta w herbie:<\/p>\n<p>Cho\u0107 nie ma oficjalnego herbu Francji, kogut (jako Coq Gaulois) jest powszechnie u\u017cywany w logo r\u00f3\u017cnych organizacji francuskich, na koszulkach reprezentacji sportowych, a tak\u017ce jako element dekoracyjny i satyryczny.<\/p>\n<p>Podsumowanie:<\/p>\n<p>Kogut jest nieoficjalnym symbolem Francji, kt\u00f3rego historia i symbolika s\u0105 g\u0142\u0119boko zakorzenione w kulturze i historii tego kraju.\u00a0Jego u\u017cycie w herbie i jako symbol narodowy wynika z gry s\u0142\u00f3w i jest zwi\u0105zane z odwag\u0105, czujno\u015bci\u0105 i dum\u0105 narodow\u0105<\/p>\n<p>D\u0142ugo\u015b\u0107 98 cm.<\/p>\n<p>Stan do czyszczenia<\/p>\n<p>Francja XIX w Pierwsze \u0107wier\u0107 do 1820 r<\/p>","protected":false},"featured_media":9526,"comment_status":"closed","ping_status":"closed","template":"","meta":[],"product_cat":[70],"product_tag":[],"class_list":{"0":"post-9525","1":"product","2":"type-product","3":"status-publish","4":"has-post-thumbnail","6":"product_cat-bron","8":"entry","9":"has-media","11":"first","12":"instock","13":"taxable","14":"shipping-taxable","15":"purchasable","16":"product-type-simple","17":"has-product-nav","18":"col","19":"span_1_of_3","20":"owp-content-center","21":"owp-thumbs-layout-horizontal","22":"owp-btn-normal","23":"owp-tabs-layout-horizontal"},"aioseo_notices":[],"_links":{"self":[{"href":"https:\/\/antykilion.pl\/en\/wp-json\/wp\/v2\/product\/9525","targetHints":{"allow":["GET"]}}],"collection":[{"href":"https:\/\/antykilion.pl\/en\/wp-json\/wp\/v2\/product"}],"about":[{"href":"https:\/\/antykilion.pl\/en\/wp-json\/wp\/v2\/types\/product"}],"replies":[{"embeddable":true,"href":"https:\/\/antykilion.pl\/en\/wp-json\/wp\/v2\/comments?post=9525"}],"wp:featuredmedia":[{"embeddable":true,"href":"https:\/\/antykilion.pl\/en\/wp-json\/wp\/v2\/media\/9526"}],"wp:attachment":[{"href":"https:\/\/antykilion.pl\/en\/wp-json\/wp\/v2\/media?parent=9525"}],"wp:term":[{"taxonomy":"product_cat","embeddable":true,"href":"https:\/\/antykilion.pl\/en\/wp-json\/wp\/v2\/product_cat?post=9525"},{"taxonomy":"product_tag","embeddable":true,"href":"https:\/\/antykilion.pl\/en\/wp-json\/wp\/v2\/product_tag?post=9525"}],"curies":[{"name":"wp","href":"https:\/\/api.w.org\/{rel}","templated":true}]}}