{"id":9576,"date":"2025-06-06T13:44:54","date_gmt":"2025-06-06T11:44:54","guid":{"rendered":"https:\/\/antykilion.pl\/?post_type=product&#038;p=9576"},"modified":"2025-06-06T13:44:54","modified_gmt":"2025-06-06T11:44:54","slug":"serwis-12-osob-obiadowy-limoges-secesja-w-piekna-kwiatowa-dekoracje","status":"publish","type":"product","link":"https:\/\/antykilion.pl\/en\/product\/serwis-12-osob-obiadowy-limoges-secesja-w-piekna-kwiatowa-dekoracje\/","title":{"rendered":"Serwis 12 os\u00f3b obiadowy Limoges secesja w \u00a0pi\u0119kn\u0105 kwiatow\u0105 dekoracj\u0119"},"content":{"rendered":"","protected":false},"excerpt":{"rendered":"<p>Serwis 12 os\u00f3b obiadowy Limoges secesja w \u00a0pi\u0119kn\u0105 kwiatow\u0105 dekoracj\u0119<\/p>\n<p>included in the website<\/p>\n<p>24 talerzy obiadowych p\u0142askich 24,5 cm<\/p>\n<p>7 talerzy obiadowych g\u0142\u0119bokich 24,5 cm<\/p>\n<p>7 talerzy do przystawek 21,5 cm<\/p>\n<p>1 sosjerka 19 cm wys. 8,5 cm<\/p>\n<p>1 waza do zupy ogromna\u00a0 30 cm wys. 17<\/p>\n<p>1 talerz du\u017cy do przystawek 28,5<\/p>\n<p>1 p\u00f3\u0142misek 42 cm<\/p>\n<p>1 p\u00f3\u0142misek 48 cm ma ma\u0142y chip<\/p>\n<p>do serwisu mo\u017cemy do\u0142\u0105czy\u0107 na \u017cyczenie wiele talerzy z mikro chipami niestety wiele element\u00f3w zosta\u0142o uszkodzone przy transporcie, dlatego<\/p>\n<p>wymieniamy tylko nie uszkodzone przedmioty, pi\u0119kny i nadal du\u017cy serwis<\/p>\n<p>stan: bardzo dobry<\/p>\n<p>okazjonalna cena !!!<\/p>","protected":false},"featured_media":9577,"comment_status":"closed","ping_status":"closed","template":"","meta":[],"product_cat":[50],"product_tag":[],"class_list":{"0":"post-9576","1":"product","2":"type-product","3":"status-publish","4":"has-post-thumbnail","6":"product_cat-porcelana-i-fajans","8":"entry","9":"has-media","11":"first","12":"instock","13":"taxable","14":"shipping-taxable","15":"purchasable","16":"product-type-simple","17":"has-product-nav","18":"col","19":"span_1_of_3","20":"owp-content-center","21":"owp-thumbs-layout-horizontal","22":"owp-btn-normal","23":"owp-tabs-layout-horizontal"},"aioseo_notices":[],"_links":{"self":[{"href":"https:\/\/antykilion.pl\/en\/wp-json\/wp\/v2\/product\/9576","targetHints":{"allow":["GET"]}}],"collection":[{"href":"https:\/\/antykilion.pl\/en\/wp-json\/wp\/v2\/product"}],"about":[{"href":"https:\/\/antykilion.pl\/en\/wp-json\/wp\/v2\/types\/product"}],"replies":[{"embeddable":true,"href":"https:\/\/antykilion.pl\/en\/wp-json\/wp\/v2\/comments?post=9576"}],"wp:featuredmedia":[{"embeddable":true,"href":"https:\/\/antykilion.pl\/en\/wp-json\/wp\/v2\/media\/9577"}],"wp:attachment":[{"href":"https:\/\/antykilion.pl\/en\/wp-json\/wp\/v2\/media?parent=9576"}],"wp:term":[{"taxonomy":"product_cat","embeddable":true,"href":"https:\/\/antykilion.pl\/en\/wp-json\/wp\/v2\/product_cat?post=9576"},{"taxonomy":"product_tag","embeddable":true,"href":"https:\/\/antykilion.pl\/en\/wp-json\/wp\/v2\/product_tag?post=9576"}],"curies":[{"name":"wp","href":"https:\/\/api.w.org\/{rel}","templated":true}]}}