{"id":9613,"date":"2025-06-24T15:16:16","date_gmt":"2025-06-24T13:16:16","guid":{"rendered":"https:\/\/antykilion.pl\/?post_type=product&#038;p=9613"},"modified":"2025-12-09T13:25:22","modified_gmt":"2025-12-09T12:25:22","slug":"marius-jean-antonin-mercie-dawid-pokonuje-goliata-xix-w-okazja","status":"publish","type":"product","link":"https:\/\/antykilion.pl\/en\/product\/marius-jean-antonin-mercie-dawid-pokonuje-goliata-xix-w-okazja\/","title":{"rendered":"Marius Jean Antonin Merci\u00e9, Dawid pokonuje Goliata XIX w okazja !"},"content":{"rendered":"","protected":false},"excerpt":{"rendered":"<p>Dawid pokonuje Goliata, br\u0105z z patyn\u0105 medalow\u0105,<\/p>\n<p>Rze\u017aba &#8220;Dawid i Goliat&#8221; stworzona podczas pobytu Merci\u00e9 w Akademii Francuskiej w Rzymie, mia\u0142a sw\u00f3j debiut na Salonie w 1872 roku. Pocz\u0105tkowy wp\u0142yw pos\u0105gu by\u0142 tak du\u017cy, \u017ce przyni\u00f3s\u0142 rze\u017abiarzowi bezprecedensowy zaszczyt bycia jedynym artyst\u0105, kt\u00f3ry otrzyma\u0142 Krzy\u017c Legii Honorowej b\u0119d\u0105c jeszcze studentem. &#8220;Dawid i Goliat&#8221; b\u0119d\u0105c niezwykle \u015bmia\u0142ym o\u015bwiadczeniem artysty w wieku oko\u0142o dwudziestu kilku lat, by\u0142a uwa\u017cana za jeden z pionierskich przyk\u0142ad\u00f3w neorenesansowej rze\u017aby i by\u0142a por\u00f3wnywana do arcydzie\u0142 mistrz\u00f3w renesansu &#8211; Verrocchia, Micha\u0142a Anio\u0142a i przede wszystkim Donatella.<\/p>\n<p>Marius Jean Antonin Merci\u00e9 (30 pa\u017adziernika 1845 w Tuluzie \u2013 12 grudnia 1916 w Pary\u017cu) by\u0142 francuskim rze\u017abiarzem, medalierem[1] i malarzem.<\/p>\n<p>Biografia<\/p>\n<p>Antonin Merci\u00e9 w 1916<\/p>\n<p>Merci\u00e9 wst\u0105pi\u0142 do \u00c9cole des Beaux-Arts w Pary\u017cu i studiowa\u0142 pod okiem Alexandre&#8217;a Falgui\u00e8re&#8217;a i Fran\u00e7ois Jouffroya, a w 1868 roku zdoby\u0142 Grand Prix de Rome w wieku 23 lat. Jego pierwszymi wielkimi sukcesami by\u0142y David i Gloria Victis. Ten ostatni z br\u0105zu zosta\u0142 pokazany i otrzyma\u0142 Medal Honorowy Salonu Paryskiego, a nast\u0119pnie zosta\u0142 umieszczony na placu Montholon.[2]<\/p>\n<p>Br\u0105zowy Dawid by\u0142 jednym z jego najpopularniejszych dzie\u0142. Biblijny bohater jest przedstawiony nago z g\u0142ow\u0105 Goliata u st\u00f3p, podobnie jak Dawid Donatella, ale z g\u0142ow\u0105 w turbanie i z pochw\u0105 d\u0142ugiego miecza. Istnieje wiele reprodukcji, z kt\u00f3rych wi\u0119kszo\u015b\u0107 zawiera przepask\u0119 biodrow\u0105 zakrywaj\u0105c\u0105 genitalia Davida, ale nie jego po\u015bladki. Orygina\u0142 naturalnej wielko\u015bci znajduje si\u0119 obecnie w Mus\u00e9e d&#8217;Orsay.<\/p>\n<p>Merci\u00e9 zosta\u0142 mianowany profesorem rysunku i rze\u017aby w \u00c9cole des Beaux-Arts i zosta\u0142 wybrany cz\u0142onkiem Acad\u00e9mie fran\u00e7aise w 1891 r., po otrzymaniu dwuletniej nagrody Instytutu 800 w 1887 r.[2] Nast\u0119pnie zosta\u0142 wybrany na wielkiego oficera Legii Honorowej, a w 1913 r. zosta\u0142 prezesem Soci\u00e9t\u00e9 des artistes fran\u00e7ais. Marie-Antoinette Demagnez by\u0142a jedn\u0105 z jego wielu studentek w \u00c9cole des Beaux-Arts.[3][4] Zmar\u0142 w Pary\u017cu 12 grudnia 1916 r.[5]<\/p>\n<p>Dzie\u0142a<\/p>\n<p>Geniusz sztuk, Luwr, Pary\u017c<\/p>\n<p>Pomnik Paula Baudry&#8217;ego, Cmentarz P\u00e8re-Lachaise, Pary\u017c<\/p>\n<p>P\u0142askorze\u017aba Geniusz sztuk (1877) znajduje si\u0119 w Tuileries, zast\u0119puj\u0105c Napoleona III Antoine&#8217;a-Louisa Barye&#8217;a. Podobne dzie\u0142o na grobowcu Jules&#8217;a Micheleta (1879; zaprojektowane z architektem Jean-Louisem Pascalem) znajduje si\u0119 na Cmentarzu P\u00e8re-Lachaise, a w tym samym roku Merci\u00e9 wykona\u0142 pos\u0105g Arago z towarzysz\u0105cymi mu p\u0142askorze\u017abami, obecnie wzniesiony w Perpignan.[2]<\/p>\n<p>W 1882 roku powt\u00f3rzy\u0142 sw\u00f3j wielki patriotyczny sukces z 1874 roku z grup\u0105 Quand M\u00eame!, kt\u00f3rej repliki zosta\u0142y ustawione w Belfort i w ogrodzie Tuileries. Le Souvenir (1885), marmurowa statua do grobowca Charlesa Ferry&#8217;ego, zosta\u0142a uznana za jedno z jego najpi\u0119kniejszych dzie\u0142 przez Encyclop\u00e6dia Britannica z 1911 r. \u017bal, do grobowca Alexandre&#8217;a Cabanela, zosta\u0142 wykonany w 1892 r., wraz z Wilhelmem Tellem, nast\u0119pnie w Lozannie.[2]<\/p>\n<p>Merci\u00e9 zaprojektowa\u0142 r\u00f3wnie\u017c pomniki Jeana-Louisa-Ernesta Meissoniera (1895), wzniesione w Jardin de l&#8217;Infante w Luwrze, i Louisa Faidherbe&#8217;a (1896) w Lille, pomnik Adolphe&#8217;a Thiersa ustawiony w St Germain-en-Laye, pomnik Paula Baudry&#8217;ego na P\u00e8re Lachaise oraz pomnik Ludwika Filipa i kr\u00f3lowej Amelii do ich grobowca w Dreux. Jego kamienna grupa Sprawiedliwo\u015bci znajduje si\u0119 w paryskim H\u00f4tel de Ville.[2]<\/p>\n<p>Liczne inne pos\u0105gi, popiersia portretowe i medaliony wysz\u0142y spod r\u0119ki rze\u017abiarza, co przynios\u0142o mu medal honorowy na Wystawie Paryskiej (1878) i Grand Prix na tej z 1889 roku. W\u015br\u00f3d obraz\u00f3w wystawionych przez artyst\u0119 znajduj\u0105 si\u0119 Wenus, za kt\u00f3r\u0105 przyznano medal w 1883 roku, Leda (1884) i Micha\u0142 Anio\u0142 studiuj\u0105cy anatomi\u0119 (1885), jego najbardziej dramatyczne dzie\u0142o w tej technice.[2]<\/p>\n<p>Merci\u00e9 jest znany w Ameryce przede wszystkim z trzech pomnik\u00f3w: br\u0105zowego pomnika konnego Roberta E. Lee z 1890 roku na Monument Avenue w Richmond w stanie Wirginia (pomnik Roberta E. Lee), kt\u00f3ry zosta\u0142 usuni\u0119ty we wrze\u015bniu 2021 roku; jego wsp\u00f3\u0142pracy z by\u0142ym nauczycielem Alexandrem Falgui\u00e8re z 1891 roku nad pos\u0105giem markiza de Lafayette na Lafayette Square w Waszyngtonie, D.C.;[6] i pomnika Francisa Scotta Keya z 1911 roku w Baltimore w stanie Maryland.<\/p>\n<p>Origin: France<\/p>\n<p>Materia\u0142: br\u0105z z patyn\u0105 medalow\u0105<\/p>\n<p>Very good condition<\/p>\n<p>Sygnatura: sygnowany Merci\u00e9 odlewnik F. Barbedienne, numer 748, stempel \u201emechaniczna redukcja A.Collas\u201d<\/p>\n<p>Wymiary: 73 cm wysoko\u015bci<\/p>\n<p>Beautiful !!!<\/p>\n<p>Poni\u017cej link do innej aukcji<\/p>\n<p>https:\/\/www.christies.com\/en\/lot\/lot-4974249<\/p>","protected":false},"featured_media":9614,"comment_status":"closed","ping_status":"closed","template":"","meta":[],"product_cat":[44,39,43],"product_tag":[],"class_list":{"0":"post-9613","1":"product","2":"type-product","3":"status-publish","4":"has-post-thumbnail","6":"product_cat-rzezba-dawna","7":"product_cat-dziela-sztuki","8":"product_cat-rzezba","10":"entry","11":"has-media","13":"first","14":"instock","15":"taxable","16":"shipping-taxable","17":"purchasable","18":"product-type-simple","19":"has-product-nav","20":"col","21":"span_1_of_3","22":"owp-content-center","23":"owp-thumbs-layout-horizontal","24":"owp-btn-normal","25":"owp-tabs-layout-horizontal"},"aioseo_notices":[],"_links":{"self":[{"href":"https:\/\/antykilion.pl\/en\/wp-json\/wp\/v2\/product\/9613","targetHints":{"allow":["GET"]}}],"collection":[{"href":"https:\/\/antykilion.pl\/en\/wp-json\/wp\/v2\/product"}],"about":[{"href":"https:\/\/antykilion.pl\/en\/wp-json\/wp\/v2\/types\/product"}],"replies":[{"embeddable":true,"href":"https:\/\/antykilion.pl\/en\/wp-json\/wp\/v2\/comments?post=9613"}],"wp:featuredmedia":[{"embeddable":true,"href":"https:\/\/antykilion.pl\/en\/wp-json\/wp\/v2\/media\/9614"}],"wp:attachment":[{"href":"https:\/\/antykilion.pl\/en\/wp-json\/wp\/v2\/media?parent=9613"}],"wp:term":[{"taxonomy":"product_cat","embeddable":true,"href":"https:\/\/antykilion.pl\/en\/wp-json\/wp\/v2\/product_cat?post=9613"},{"taxonomy":"product_tag","embeddable":true,"href":"https:\/\/antykilion.pl\/en\/wp-json\/wp\/v2\/product_tag?post=9613"}],"curies":[{"name":"wp","href":"https:\/\/api.w.org\/{rel}","templated":true}]}}