{"id":9762,"date":"2025-08-21T13:23:10","date_gmt":"2025-08-21T11:23:10","guid":{"rendered":"https:\/\/antykilion.pl\/?post_type=product&#038;p=9762"},"modified":"2025-08-21T13:23:10","modified_gmt":"2025-08-21T11:23:10","slug":"zegar-eklektyczny-wiszacy-dab-junghans-ok-1900-r","status":"publish","type":"product","link":"https:\/\/antykilion.pl\/en\/product\/zegar-eklektyczny-wiszacy-dab-junghans-ok-1900-r\/","title":{"rendered":"Zegar eklektyczny wisz\u0105cy d\u0105b Junghans ok 1900 r !!!"},"content":{"rendered":"","protected":false},"excerpt":{"rendered":"<p>Zegar wisz\u0105cy eklektyczny<\/p>\n<p>orzech z pi\u0119knymi rze\u017abionymi elementami \u2013 sygn. Junghans , ok. 1890 r.<\/p>\n<p>Skrzynia w d\u0119bie, bardzo bogato rze\u017abiona, w rewelacyjnym stanie.<\/p>\n<p>Mechanizm sprawny, idealnie chodz\u0105cy, po przegl\u0105dzie. Gong wybijanie g\u0142\u0119bokim, pi\u0119knym tonem pe\u0142nych i p\u00f3\u0142godzin<\/p>\n<p>Wymiary: wysoko\u015b\u0107 \u2013 93 cm , szeroko\u015b\u0107 \u2013 38 cm , g\u0142\u0119boko\u015b\u0107 \u2013 17 cm.<\/p>\n<p>Beautiful makes an impression !!!<\/p>\n<p>zegar w pe\u0142ni sprawny po przegl\u0105dzie zegarmistrzowskim<\/p>","protected":false},"featured_media":9763,"comment_status":"closed","ping_status":"closed","template":"","meta":[],"product_cat":[53,51],"product_tag":[],"class_list":{"0":"post-9762","1":"product","2":"type-product","3":"status-publish","4":"has-post-thumbnail","6":"product_cat-zegary-wiszace","7":"product_cat-zegary","9":"entry","10":"has-media","12":"first","13":"instock","14":"taxable","15":"shipping-taxable","16":"purchasable","17":"product-type-simple","18":"has-product-nav","19":"col","20":"span_1_of_3","21":"owp-content-center","22":"owp-thumbs-layout-horizontal","23":"owp-btn-normal","24":"owp-tabs-layout-horizontal","25":"has-no-thumbnails"},"aioseo_notices":[],"_links":{"self":[{"href":"https:\/\/antykilion.pl\/en\/wp-json\/wp\/v2\/product\/9762","targetHints":{"allow":["GET"]}}],"collection":[{"href":"https:\/\/antykilion.pl\/en\/wp-json\/wp\/v2\/product"}],"about":[{"href":"https:\/\/antykilion.pl\/en\/wp-json\/wp\/v2\/types\/product"}],"replies":[{"embeddable":true,"href":"https:\/\/antykilion.pl\/en\/wp-json\/wp\/v2\/comments?post=9762"}],"wp:featuredmedia":[{"embeddable":true,"href":"https:\/\/antykilion.pl\/en\/wp-json\/wp\/v2\/media\/9763"}],"wp:attachment":[{"href":"https:\/\/antykilion.pl\/en\/wp-json\/wp\/v2\/media?parent=9762"}],"wp:term":[{"taxonomy":"product_cat","embeddable":true,"href":"https:\/\/antykilion.pl\/en\/wp-json\/wp\/v2\/product_cat?post=9762"},{"taxonomy":"product_tag","embeddable":true,"href":"https:\/\/antykilion.pl\/en\/wp-json\/wp\/v2\/product_tag?post=9762"}],"curies":[{"name":"wp","href":"https:\/\/api.w.org\/{rel}","templated":true}]}}