{"id":9799,"date":"2025-09-07T15:48:38","date_gmt":"2025-09-07T13:48:38","guid":{"rendered":"https:\/\/antykilion.pl\/?post_type=product&#038;p=9799"},"modified":"2025-09-14T17:49:49","modified_gmt":"2025-09-14T15:49:49","slug":"obledna-komoda-barokowa-xviii-ok-1750-r","status":"publish","type":"product","link":"https:\/\/antykilion.pl\/en\/product\/obledna-komoda-barokowa-xviii-ok-1750-r\/","title":{"rendered":"Ob\u0142\u0119dna Komoda Barokowa XVIII ok. 1750 r"},"content":{"rendered":"","protected":false},"excerpt":{"rendered":"<p>Ob\u0142\u0119dna Komoda Barokowa XVIII ok. 1750 r<\/p>\n<p>wsparta na czterech sp\u0142aszczonych kulach; tr\u00f3jszufladowa, o prostych bokach i wkl\u0119s\u0142o-wypuk\u0142ym froncie; lica szuflad, blat i boki zdobione intarsjowanym ornamentem geometryczno- wstegowo-ta\u015bmowym; rant blatu ze sp\u0142aszczonego \u0107wier\u0107wa\u0142ka; uchwyty szuflad mosi\u0119\u017cne odlewane, asymetryczne z wizerunkiem b\u0119bniarzy w strojach z epoki, bogate; szyldy zamk\u00f3w analogiczne w formie kartuszy z wizerunkiem tr\u0119bacza w stroju z epoki; zamki z epoki ca\u0142o\u015b\u0107 w ob\u0142ogu i ko\u0142kowana<\/p>\n<p>Typowa pod wzgl\u0119dem formy i dekoracji komoda barokowa. Wykonana rzemie\u015blniczo<\/p>\n<p>Stan: bardzo dobry, jedno rozeschniecie na blacie<\/p>\n<p>Pochodzenie: Polska lub Niemcy<\/p>\n<p>Materia\u0142: sosna; fornir- orzech, drewna owocowe; zamki stalowe, nak\u0142adane, jednoryglowe<\/p>\n<p>Wymiary: d\u0142ugo\u015b\u0107 118 cm, g\u0142\u0119boko\u015b\u0107 66 cm, wysoko\u015b\u0107 82 cm<\/p>\n<p>ob\u0142\u0119dna bez dw\u00f3ch zda\u0144<\/p>\n<p>Polecam bardzo atrakcyjna cena mebla Warto zainwestowa\u0107 w mebel barokowy!!!!<\/p>","protected":false},"featured_media":9801,"comment_status":"closed","ping_status":"closed","template":"","meta":[],"product_cat":[26,17],"product_tag":[],"class_list":{"0":"post-9799","1":"product","2":"type-product","3":"status-publish","4":"has-post-thumbnail","6":"product_cat-komody","7":"product_cat-meble","9":"entry","10":"has-media","12":"first","13":"instock","14":"taxable","15":"shipping-taxable","16":"purchasable","17":"product-type-simple","18":"has-product-nav","19":"col","20":"span_1_of_3","21":"owp-content-center","22":"owp-thumbs-layout-horizontal","23":"owp-btn-normal","24":"owp-tabs-layout-horizontal"},"aioseo_notices":[],"_links":{"self":[{"href":"https:\/\/antykilion.pl\/en\/wp-json\/wp\/v2\/product\/9799","targetHints":{"allow":["GET"]}}],"collection":[{"href":"https:\/\/antykilion.pl\/en\/wp-json\/wp\/v2\/product"}],"about":[{"href":"https:\/\/antykilion.pl\/en\/wp-json\/wp\/v2\/types\/product"}],"replies":[{"embeddable":true,"href":"https:\/\/antykilion.pl\/en\/wp-json\/wp\/v2\/comments?post=9799"}],"wp:featuredmedia":[{"embeddable":true,"href":"https:\/\/antykilion.pl\/en\/wp-json\/wp\/v2\/media\/9801"}],"wp:attachment":[{"href":"https:\/\/antykilion.pl\/en\/wp-json\/wp\/v2\/media?parent=9799"}],"wp:term":[{"taxonomy":"product_cat","embeddable":true,"href":"https:\/\/antykilion.pl\/en\/wp-json\/wp\/v2\/product_cat?post=9799"},{"taxonomy":"product_tag","embeddable":true,"href":"https:\/\/antykilion.pl\/en\/wp-json\/wp\/v2\/product_tag?post=9799"}],"curies":[{"name":"wp","href":"https:\/\/api.w.org\/{rel}","templated":true}]}}