{"id":9828,"date":"2025-09-16T14:40:37","date_gmt":"2025-09-16T12:40:37","guid":{"rendered":"https:\/\/antykilion.pl\/?post_type=product&#038;p=9828"},"modified":"2025-09-16T14:40:37","modified_gmt":"2025-09-16T12:40:37","slug":"stol-klasycystyczny-przel-xviii-xix-w-okolo-1790-1810-r-rozkladany-rzadkosc","status":"publish","type":"product","link":"https:\/\/antykilion.pl\/en\/product\/stol-klasycystyczny-przel-xviii-xix-w-okolo-1790-1810-r-rozkladany-rzadkosc\/","title":{"rendered":"St\u00f3\u0142 klasycystyczny prze\u0142 XVIII\/XIX w oko\u0142o 1790\/1810 r rozk\u0142adany rzadko\u015b\u0107 !!!"},"content":{"rendered":"","protected":false},"excerpt":{"rendered":"<p>St\u00f3\u0142 klasycystyczny prze\u0142 XVIII\/XIX w oko\u0142o 1790\/1810 r rozk\u0142adany rzadko\u015b\u0107 !!!<\/p>\n<p>St\u00f3\u0142 rozk\u0142adany klasycystyczny z jednym wk\u0142adem, st\u00f3\u0142 z przystosowaniem na kilka wk\u0142ad\u00f3w, kt\u00f3re mo\u017cna dorobi\u0107. Na obr\u0119czy sto\u0142u wyko\u0144czenie obw\u00f3dk\u0105 z br\u0105zu z\u0142oconego. podobnie wyko\u0144czenie n\u00f3\u017cek stemple z k\u00f3\u0142kami.<\/p>\n<p>Materia\u0142: Maho\u0144 br\u0105z z\u0142ocony<\/p>\n<p>Stan:\u00a0 Bardzo dobry po dawnej konserwacji, dodatkowy wk\u0142ad dorobiony<\/p>\n<p>Wymiary: wysoko\u015b\u0107 77 cm, d\u0142ugo\u015b\u0107 152 cm, szer. 130 cm po z\u0142o\u017ceniu 104 cm na 130 cm<\/p>\n<p>Okazja !!!<\/p>","protected":false},"featured_media":9829,"comment_status":"closed","ping_status":"closed","template":"","meta":[],"product_cat":[17,33],"product_tag":[],"class_list":{"0":"post-9828","1":"product","2":"type-product","3":"status-publish","4":"has-post-thumbnail","6":"product_cat-meble","7":"product_cat-stoly-stoliki","9":"entry","10":"has-media","12":"first","13":"instock","14":"taxable","15":"shipping-taxable","16":"purchasable","17":"product-type-simple","18":"has-product-nav","19":"col","20":"span_1_of_3","21":"owp-content-center","22":"owp-thumbs-layout-horizontal","23":"owp-btn-normal","24":"owp-tabs-layout-horizontal"},"aioseo_notices":[],"_links":{"self":[{"href":"https:\/\/antykilion.pl\/en\/wp-json\/wp\/v2\/product\/9828","targetHints":{"allow":["GET"]}}],"collection":[{"href":"https:\/\/antykilion.pl\/en\/wp-json\/wp\/v2\/product"}],"about":[{"href":"https:\/\/antykilion.pl\/en\/wp-json\/wp\/v2\/types\/product"}],"replies":[{"embeddable":true,"href":"https:\/\/antykilion.pl\/en\/wp-json\/wp\/v2\/comments?post=9828"}],"wp:featuredmedia":[{"embeddable":true,"href":"https:\/\/antykilion.pl\/en\/wp-json\/wp\/v2\/media\/9829"}],"wp:attachment":[{"href":"https:\/\/antykilion.pl\/en\/wp-json\/wp\/v2\/media?parent=9828"}],"wp:term":[{"taxonomy":"product_cat","embeddable":true,"href":"https:\/\/antykilion.pl\/en\/wp-json\/wp\/v2\/product_cat?post=9828"},{"taxonomy":"product_tag","embeddable":true,"href":"https:\/\/antykilion.pl\/en\/wp-json\/wp\/v2\/product_tag?post=9828"}],"curies":[{"name":"wp","href":"https:\/\/api.w.org\/{rel}","templated":true}]}}