{"id":9859,"date":"2025-09-16T18:26:28","date_gmt":"2025-09-16T16:26:28","guid":{"rendered":"https:\/\/antykilion.pl\/?post_type=product&#038;p=9859"},"modified":"2025-09-16T18:26:29","modified_gmt":"2025-09-16T16:26:29","slug":"inkrustowane-krzesla-4-szt-z-xix-w-empire-okolo-1830-r-obledne","status":"publish","type":"product","link":"https:\/\/antykilion.pl\/en\/product\/inkrustowane-krzesla-4-szt-z-xix-w-empire-okolo-1830-r-obledne\/","title":{"rendered":"Inkrustowane krzes\u0142a 4 szt. z XIX w, Empire oko\u0142o 1830 r ob\u0142\u0119dne"},"content":{"rendered":"","protected":false},"excerpt":{"rendered":"<p>Inkrustowane krzes\u0142a 4 szt. z XIX w, Empire oko\u0142o 1830 r ob\u0142\u0119dne<\/p>\n<p>z deskowym oparciem wygi\u0119tym \u0142ukowo do ty\u0142u, wy\u015bcie\u0142ane poduszk\u0105 siedzenia, wsparte na czterech deskowych, esowatych nogach, przednich zako\u0144czonych lwimi \u0142apami. Deska oparcia uj\u0119ta rze\u017abionymi ornamentami ro\u015blinnymi. W ca\u0142o\u015bci inkrustowane \u017cy\u0142k\u0105 mosi\u0119\u017cn\u0105.<\/p>\n<p>Materia\u0142: maho\u0144;<\/p>\n<p>Origin: France<\/p>\n<p>Stan: orginalny, bardzo dobry, orginalny przy jednym z krzese\u0142 minimalny odprysk przy dekoracji<\/p>\n<p>Wymiary: wysoko\u015b\u0107 siedziska oko\u0142o 49 cm, wysoko\u015b\u0107 oparcia oko\u0142o 97 cm.<\/p>\n<p>Okazja !!!<\/p>","protected":false},"featured_media":9860,"comment_status":"closed","ping_status":"closed","template":"","meta":[],"product_cat":[28,17],"product_tag":[],"class_list":{"0":"post-9859","1":"product","2":"type-product","3":"status-publish","4":"has-post-thumbnail","6":"product_cat-krzesla","7":"product_cat-meble","9":"entry","10":"has-media","12":"first","13":"instock","14":"taxable","15":"shipping-taxable","16":"purchasable","17":"product-type-simple","18":"has-product-nav","19":"col","20":"span_1_of_3","21":"owp-content-center","22":"owp-thumbs-layout-horizontal","23":"owp-btn-normal","24":"owp-tabs-layout-horizontal"},"aioseo_notices":[],"_links":{"self":[{"href":"https:\/\/antykilion.pl\/en\/wp-json\/wp\/v2\/product\/9859","targetHints":{"allow":["GET"]}}],"collection":[{"href":"https:\/\/antykilion.pl\/en\/wp-json\/wp\/v2\/product"}],"about":[{"href":"https:\/\/antykilion.pl\/en\/wp-json\/wp\/v2\/types\/product"}],"replies":[{"embeddable":true,"href":"https:\/\/antykilion.pl\/en\/wp-json\/wp\/v2\/comments?post=9859"}],"wp:featuredmedia":[{"embeddable":true,"href":"https:\/\/antykilion.pl\/en\/wp-json\/wp\/v2\/media\/9860"}],"wp:attachment":[{"href":"https:\/\/antykilion.pl\/en\/wp-json\/wp\/v2\/media?parent=9859"}],"wp:term":[{"taxonomy":"product_cat","embeddable":true,"href":"https:\/\/antykilion.pl\/en\/wp-json\/wp\/v2\/product_cat?post=9859"},{"taxonomy":"product_tag","embeddable":true,"href":"https:\/\/antykilion.pl\/en\/wp-json\/wp\/v2\/product_tag?post=9859"}],"curies":[{"name":"wp","href":"https:\/\/api.w.org\/{rel}","templated":true}]}}