{"id":9876,"date":"2025-09-21T10:32:29","date_gmt":"2025-09-21T08:32:29","guid":{"rendered":"https:\/\/antykilion.pl\/?post_type=product&#038;p=9876"},"modified":"2025-09-21T10:32:29","modified_gmt":"2025-09-21T08:32:29","slug":"m-dohmen-duseldorf-noc-na-rzece-xix-w-okolo-1860-r","status":"publish","type":"product","link":"https:\/\/antykilion.pl\/en\/product\/m-dohmen-duseldorf-noc-na-rzece-xix-w-okolo-1860-r\/","title":{"rendered":"M. Dohmen, Duseldorf Noc na rzece, XIX w oko\u0142o 1860 r"},"content":{"rendered":"","protected":false},"excerpt":{"rendered":"<p>M. Dohmen, Duseldorf Noc na rzece, XIX w oko\u0142o 1860 r<\/p>\n<p>Bardzo dekoracyjne malarstwo, do pi\u0119knego salonu<\/p>\n<p>w kr\u00f3tce wi\u0119cej zdj\u0119\u0107<\/p>\n<p>Obraz oprawiony w bardzo cenn\u0105 i dekoracyjn\u0105 ram\u0119 z XIX w<\/p>\n<p>Technique: oil on canvas<\/p>\n<p>Condition: very good after maintenance<\/p>\n<p>Signature: visible in the picture<\/p>\n<p>Wymiary: p\u0142\u00f3tno 66 cm na 95 cm, z ram\u0105 to oko\u0142o\u00a0 83 cm\u00a0 na\u00a0 113 cm<\/p>\n<p>Origin: Europe<\/p>\n<p>Do ka\u017cdego przedmiotu Galeria wystawia certyfikat.<\/p>\n<p>Artysta M. Dohmen (malarz XIX w.) \u00bb Obraz olejny Pejza\u017c biedermeierowski p\u00f3\u017anoromantyczny M. Dohmen (XIX w.), prawdopodobnie pseudonim Theodor Wilhelm Nocken (1830 \u2013 1905):<\/p>\n<p>Artnet. com opisuje malarza jako Amerykanina ???<\/p>\n<p>Jedno co pewne prace artysty bardzo wysoko notowane i bardzo \u0142adne<\/p>\n<p>Do ka\u017cdego przedmiotu Galeria wystawia certyfikat.<\/p>","protected":false},"featured_media":9877,"comment_status":"closed","ping_status":"closed","template":"","meta":[],"product_cat":[41,39,40],"product_tag":[],"class_list":{"0":"post-9876","1":"product","2":"type-product","3":"status-publish","4":"has-post-thumbnail","6":"product_cat-malarstwo-dawne","7":"product_cat-dziela-sztuki","8":"product_cat-malarstwo","10":"entry","11":"has-media","13":"first","14":"instock","15":"taxable","16":"shipping-taxable","17":"purchasable","18":"product-type-simple","19":"has-product-nav","20":"col","21":"span_1_of_3","22":"owp-content-center","23":"owp-thumbs-layout-horizontal","24":"owp-btn-normal","25":"owp-tabs-layout-horizontal","26":"has-no-thumbnails"},"aioseo_notices":[],"_links":{"self":[{"href":"https:\/\/antykilion.pl\/en\/wp-json\/wp\/v2\/product\/9876","targetHints":{"allow":["GET"]}}],"collection":[{"href":"https:\/\/antykilion.pl\/en\/wp-json\/wp\/v2\/product"}],"about":[{"href":"https:\/\/antykilion.pl\/en\/wp-json\/wp\/v2\/types\/product"}],"replies":[{"embeddable":true,"href":"https:\/\/antykilion.pl\/en\/wp-json\/wp\/v2\/comments?post=9876"}],"wp:featuredmedia":[{"embeddable":true,"href":"https:\/\/antykilion.pl\/en\/wp-json\/wp\/v2\/media\/9877"}],"wp:attachment":[{"href":"https:\/\/antykilion.pl\/en\/wp-json\/wp\/v2\/media?parent=9876"}],"wp:term":[{"taxonomy":"product_cat","embeddable":true,"href":"https:\/\/antykilion.pl\/en\/wp-json\/wp\/v2\/product_cat?post=9876"},{"taxonomy":"product_tag","embeddable":true,"href":"https:\/\/antykilion.pl\/en\/wp-json\/wp\/v2\/product_tag?post=9876"}],"curies":[{"name":"wp","href":"https:\/\/api.w.org\/{rel}","templated":true}]}}