{"id":9878,"date":"2025-09-21T13:02:35","date_gmt":"2025-09-21T11:02:35","guid":{"rendered":"https:\/\/antykilion.pl\/?post_type=product&#038;p=9878"},"modified":"2025-09-25T15:39:02","modified_gmt":"2025-09-25T13:39:02","slug":"ogromny-zestaw-mebli-w-stylu-ludwika-xvi-xix-w-okolo-1850-r-obledny","status":"publish","type":"product","link":"https:\/\/antykilion.pl\/en\/product\/ogromny-zestaw-mebli-w-stylu-ludwika-xvi-xix-w-okolo-1850-r-obledny\/","title":{"rendered":"Ogromny zestaw mebli w stylu Ludwika XVI, XIX w oko\u0142o 1850 r \u00a0ob\u0142\u0119dny !!!"},"content":{"rendered":"","protected":false},"excerpt":{"rendered":"<p>Ogromny zestaw mebli w stylu Ludwika XVI, XIX w oko\u0142o 1850 r \u00a0ob\u0142\u0119dny !!!<\/p>\n<p>Komplet z\u0142o\u017cony z trzech tapicerowanych krzese\u0142, trzech foteli i sofy, rze\u017abione, poz\u0142acane. Meble z prostok\u0105tnymi oparciami, trapezoidalnymi siedzeniami, wsparte na czterech toczonych nogach, ozdobionych li\u015b\u0107mi akantu. Ramiaki ozdobione szlakiem z li\u015bci. W miejscu po\u0142\u0105cze\u0144 kostki z rozetami.<\/p>\n<p>Proweniencja Szlachecka i barokowa rodzina Cronstedt.<\/p>\n<p>Materia\u0142: Buczyna ? z\u0142ocona<\/p>\n<p>Stan:\u00a0 Bardzo dobry tapicerka nie jest nowa ale do wstawienia na kanapie lekkie 1 cm przetarcie ale nie dziura<\/p>\n<p>Wymiary: podam jutro<\/p>\n<p>Okazja !!!<\/p>","protected":false},"featured_media":9914,"comment_status":"closed","ping_status":"closed","template":"","meta":[],"product_cat":[24,28,17,32,38],"product_tag":[],"class_list":{"0":"post-9878","1":"product","2":"type-product","3":"status-publish","4":"has-post-thumbnail","6":"product_cat-fotele","7":"product_cat-krzesla","8":"product_cat-meble","9":"product_cat-sofy","10":"product_cat-zestawy-mebli","12":"entry","13":"has-media","15":"first","16":"instock","17":"taxable","18":"shipping-taxable","19":"purchasable","20":"product-type-simple","21":"has-product-nav","22":"col","23":"span_1_of_3","24":"owp-content-center","25":"owp-thumbs-layout-horizontal","26":"owp-btn-normal","27":"owp-tabs-layout-horizontal"},"aioseo_notices":[],"_links":{"self":[{"href":"https:\/\/antykilion.pl\/en\/wp-json\/wp\/v2\/product\/9878","targetHints":{"allow":["GET"]}}],"collection":[{"href":"https:\/\/antykilion.pl\/en\/wp-json\/wp\/v2\/product"}],"about":[{"href":"https:\/\/antykilion.pl\/en\/wp-json\/wp\/v2\/types\/product"}],"replies":[{"embeddable":true,"href":"https:\/\/antykilion.pl\/en\/wp-json\/wp\/v2\/comments?post=9878"}],"wp:featuredmedia":[{"embeddable":true,"href":"https:\/\/antykilion.pl\/en\/wp-json\/wp\/v2\/media\/9914"}],"wp:attachment":[{"href":"https:\/\/antykilion.pl\/en\/wp-json\/wp\/v2\/media?parent=9878"}],"wp:term":[{"taxonomy":"product_cat","embeddable":true,"href":"https:\/\/antykilion.pl\/en\/wp-json\/wp\/v2\/product_cat?post=9878"},{"taxonomy":"product_tag","embeddable":true,"href":"https:\/\/antykilion.pl\/en\/wp-json\/wp\/v2\/product_tag?post=9878"}],"curies":[{"name":"wp","href":"https:\/\/api.w.org\/{rel}","templated":true}]}}