{"id":9904,"date":"2025-09-25T15:30:00","date_gmt":"2025-09-25T13:30:00","guid":{"rendered":"https:\/\/antykilion.pl\/?post_type=product&#038;p=9904"},"modified":"2025-09-25T15:30:05","modified_gmt":"2025-09-25T13:30:05","slug":"stol-w-stylu-barokowym-xix-w-okolo-1830-r-bogato-intarsjowany-obledny","status":"publish","type":"product","link":"https:\/\/antykilion.pl\/en\/product\/stol-w-stylu-barokowym-xix-w-okolo-1830-r-bogato-intarsjowany-obledny\/","title":{"rendered":"St\u00f3\u0142 w stylu barokowym XIX w oko\u0142o 1830 r bogato intarsjowany, ob\u0142\u0119dny"},"content":{"rendered":"","protected":false},"excerpt":{"rendered":"<p>St\u00f3\u0142 w stylu barokowym XIX w oko\u0142o 1830 r bogato intarsjowany, ob\u0142\u0119dny<\/p>\n<p>z prostok\u0105tnym blatem i szufladk\u0105, wsparty na czterech zbie\u017cnych nogach spi\u0119tych krzy\u017cakiem, fornirowany i bogato intarsjowany w kwiaty, wazony. Ob\u0142\u0119dny<\/p>\n<p>Materia\u0142: Palisander oraz w intarsji Jawor? grusza? czerniona na czarny d\u0105b<\/p>\n<p>Stan: bardzo dobry jak na stan orginalny widoczne \u015blady u\u017cytkowania, s umniejsza<\/p>\n<p>Wymiary: wysoko\u015b\u0107 75 cm, d\u0142ugo\u015b\u0107 118 cm, szer. 81 cm<\/p>\n<p>Okazja !!!<\/p>","protected":false},"featured_media":9905,"comment_status":"closed","ping_status":"closed","template":"","meta":[],"product_cat":[17,33],"product_tag":[],"class_list":{"0":"post-9904","1":"product","2":"type-product","3":"status-publish","4":"has-post-thumbnail","6":"product_cat-meble","7":"product_cat-stoly-stoliki","9":"entry","10":"has-media","12":"first","13":"instock","14":"taxable","15":"shipping-taxable","16":"purchasable","17":"product-type-simple","18":"has-product-nav","19":"col","20":"span_1_of_3","21":"owp-content-center","22":"owp-thumbs-layout-horizontal","23":"owp-btn-normal","24":"owp-tabs-layout-horizontal"},"aioseo_notices":[],"_links":{"self":[{"href":"https:\/\/antykilion.pl\/en\/wp-json\/wp\/v2\/product\/9904","targetHints":{"allow":["GET"]}}],"collection":[{"href":"https:\/\/antykilion.pl\/en\/wp-json\/wp\/v2\/product"}],"about":[{"href":"https:\/\/antykilion.pl\/en\/wp-json\/wp\/v2\/types\/product"}],"replies":[{"embeddable":true,"href":"https:\/\/antykilion.pl\/en\/wp-json\/wp\/v2\/comments?post=9904"}],"wp:featuredmedia":[{"embeddable":true,"href":"https:\/\/antykilion.pl\/en\/wp-json\/wp\/v2\/media\/9905"}],"wp:attachment":[{"href":"https:\/\/antykilion.pl\/en\/wp-json\/wp\/v2\/media?parent=9904"}],"wp:term":[{"taxonomy":"product_cat","embeddable":true,"href":"https:\/\/antykilion.pl\/en\/wp-json\/wp\/v2\/product_cat?post=9904"},{"taxonomy":"product_tag","embeddable":true,"href":"https:\/\/antykilion.pl\/en\/wp-json\/wp\/v2\/product_tag?post=9904"}],"curies":[{"name":"wp","href":"https:\/\/api.w.org\/{rel}","templated":true}]}}