{"id":9915,"date":"2025-09-27T12:54:27","date_gmt":"2025-09-27T10:54:27","guid":{"rendered":"https:\/\/antykilion.pl\/?post_type=product&#038;p=9915"},"modified":"2026-03-18T17:52:35","modified_gmt":"2026-03-18T16:52:35","slug":"para-foteli-w-stylu-empirowym-z-xix-w-okolo-1890-r","status":"publish","type":"product","link":"https:\/\/antykilion.pl\/en\/product\/para-foteli-w-stylu-empirowym-z-xix-w-okolo-1890-r\/","title":{"rendered":"Para foteli w stylu empirowym z XIX w, oko\u0142o 1890 r"},"content":{"rendered":"","protected":false},"excerpt":{"rendered":"<p>Para foteli w stylu empirowym z XIX w, oko\u0142o 1890 r<\/p>\n<p>z tapicerowanym oparciem, wy\u015bcie\u0142ane poduszk\u0105 siedzenia, wsparte na czterech deskowych, esowatych nogach. Deska oparcia profilowana esowato, uj\u0119ta rze\u017abionymi ornamentami ro\u015blinnymi, por\u0119cze esowate, z wolutami zdobionymi snycerskim w\u0105tkiem delfin\u00f3w.<\/p>\n<p>Materia\u0142: konstrukcja \u2013 buczyna barwiona na ciemny orzech<\/p>\n<p>Origin: France<\/p>\n<p>Stan: orginalny, bardzo dobry, widoczne \u015blady u\u017cytkowania,<\/p>\n<p>Wymiary: wysoko\u015b\u0107 siedziska oko\u0142o 43 cm, wysoko\u015b\u0107 oparcia oko\u0142o 90 cm.<\/p>\n<p>Okazja !!<\/p>","protected":false},"featured_media":9916,"comment_status":"closed","ping_status":"closed","template":"","meta":[],"product_cat":[24,17],"product_tag":[],"class_list":{"0":"post-9915","1":"product","2":"type-product","3":"status-publish","4":"has-post-thumbnail","6":"product_cat-fotele","7":"product_cat-meble","9":"entry","10":"has-media","12":"first","13":"instock","14":"taxable","15":"shipping-taxable","16":"purchasable","17":"product-type-simple","18":"has-product-nav","19":"col","20":"span_1_of_3","21":"owp-content-center","22":"owp-thumbs-layout-horizontal","23":"owp-btn-normal","24":"owp-tabs-layout-horizontal"},"aioseo_notices":[],"_links":{"self":[{"href":"https:\/\/antykilion.pl\/en\/wp-json\/wp\/v2\/product\/9915","targetHints":{"allow":["GET"]}}],"collection":[{"href":"https:\/\/antykilion.pl\/en\/wp-json\/wp\/v2\/product"}],"about":[{"href":"https:\/\/antykilion.pl\/en\/wp-json\/wp\/v2\/types\/product"}],"replies":[{"embeddable":true,"href":"https:\/\/antykilion.pl\/en\/wp-json\/wp\/v2\/comments?post=9915"}],"wp:featuredmedia":[{"embeddable":true,"href":"https:\/\/antykilion.pl\/en\/wp-json\/wp\/v2\/media\/9916"}],"wp:attachment":[{"href":"https:\/\/antykilion.pl\/en\/wp-json\/wp\/v2\/media?parent=9915"}],"wp:term":[{"taxonomy":"product_cat","embeddable":true,"href":"https:\/\/antykilion.pl\/en\/wp-json\/wp\/v2\/product_cat?post=9915"},{"taxonomy":"product_tag","embeddable":true,"href":"https:\/\/antykilion.pl\/en\/wp-json\/wp\/v2\/product_tag?post=9915"}],"curies":[{"name":"wp","href":"https:\/\/api.w.org\/{rel}","templated":true}]}}