{"id":9962,"date":"2025-09-28T16:29:41","date_gmt":"2025-09-28T14:29:41","guid":{"rendered":"https:\/\/antykilion.pl\/?post_type=product&#038;p=9962"},"modified":"2025-09-28T16:33:18","modified_gmt":"2025-09-28T14:33:18","slug":"muzealny-zegar-gerrit-bramer-amsterdam-xvii-xviii-w-okolo-1740-r","status":"publish","type":"product","link":"https:\/\/antykilion.pl\/en\/product\/muzealny-zegar-gerrit-bramer-amsterdam-xvii-xviii-w-okolo-1740-r\/","title":{"rendered":"Muzealny zegar Gerrit Bramer Amsterdam, XVII\/ XVIII w oko\u0142o 1740 r"},"content":{"rendered":"","protected":false},"excerpt":{"rendered":"<p>ZOBACZ INNE AUKCJE<\/p>\n<p>Muzealny zegar Gerrit Bramer Amsterdam, XVII\/ XVIII w oko\u0142o 1740 r<\/p>\n<p>Zegar pod\u0142ogowy- szafowy<\/p>\n<p>Obudowa o typowej formie, z g\u00f3rn\u0105 cz\u0119\u015bci\u0105 z zwie\u0144czeniami w formie sterczyn. Fornir z orzecha w\u0142oskiego na d\u0119bowej podstawie. Kaptur z zapi\u0119ciem w kszta\u0142cie li\u015bcia. Koperta ze \u015bci\u0119tymi bokami. Klapa obudowy z soczewk\u0105. Mosi\u0119\u017cna tarcza srebrzona.<\/p>\n<p>Sygnowany: GERRIT BRAMER. Urodzi\u0142 si\u0119 na Rokin w Amsterdamie, niedaleko Vijgendam. 1684\u20131770.<\/p>\n<p>Centralny mat z dodatkowym sekundnikiem i tarcz\u0105 alarmow\u0105 z otworem daty, sektorem dnia tygodnia, pier\u015bcieniowymi otworami naci\u0105gowymi, perforowanymi wskaz\u00f3wkami z niebieskiej stali. O\u015bmiodniowy mechanizm z czterema pilastrami i wychwytem kotwicowym. Holenderskie bicie i alarm na dw\u00f3ch dzwonach, wahad\u0142o, dwa ci\u0119\u017carki. Fazy ksi\u0119\u017cyca, mechanizm kalendarzowy, sezonowe spandrele.<\/p>\n<p>Material: walnut<\/p>\n<p>Wymiary: wys. 250 cm, szer. 55 cm, g\u0142\u0119b. 33 cm.<\/p>\n<p>Pochodzenie:\u00a0 Amsterdam<\/p>\n<p>Niezwykle efektowny przyk\u0142ad najbardziej luksusowego zegara.<\/p>\n<p>Beautiful makes an impression !!!<\/p>\n<p>Muzealny zegar Barokowy Morbier XVIII w oko\u0142o 1740 r piekny!!!<\/p>","protected":false},"featured_media":9963,"comment_status":"closed","ping_status":"closed","template":"","meta":[],"product_cat":[52,51],"product_tag":[],"class_list":{"0":"post-9962","1":"product","2":"type-product","3":"status-publish","4":"has-post-thumbnail","6":"product_cat-zegary-stojace","7":"product_cat-zegary","9":"entry","10":"has-media","12":"first","13":"instock","14":"taxable","15":"shipping-taxable","16":"purchasable","17":"product-type-simple","18":"has-product-nav","19":"col","20":"span_1_of_3","21":"owp-content-center","22":"owp-thumbs-layout-horizontal","23":"owp-btn-normal","24":"owp-tabs-layout-horizontal"},"aioseo_notices":[],"_links":{"self":[{"href":"https:\/\/antykilion.pl\/en\/wp-json\/wp\/v2\/product\/9962","targetHints":{"allow":["GET"]}}],"collection":[{"href":"https:\/\/antykilion.pl\/en\/wp-json\/wp\/v2\/product"}],"about":[{"href":"https:\/\/antykilion.pl\/en\/wp-json\/wp\/v2\/types\/product"}],"replies":[{"embeddable":true,"href":"https:\/\/antykilion.pl\/en\/wp-json\/wp\/v2\/comments?post=9962"}],"wp:featuredmedia":[{"embeddable":true,"href":"https:\/\/antykilion.pl\/en\/wp-json\/wp\/v2\/media\/9963"}],"wp:attachment":[{"href":"https:\/\/antykilion.pl\/en\/wp-json\/wp\/v2\/media?parent=9962"}],"wp:term":[{"taxonomy":"product_cat","embeddable":true,"href":"https:\/\/antykilion.pl\/en\/wp-json\/wp\/v2\/product_cat?post=9962"},{"taxonomy":"product_tag","embeddable":true,"href":"https:\/\/antykilion.pl\/en\/wp-json\/wp\/v2\/product_tag?post=9962"}],"curies":[{"name":"wp","href":"https:\/\/api.w.org\/{rel}","templated":true}]}}