{"id":10572,"date":"2026-02-03T16:18:10","date_gmt":"2026-02-03T15:18:10","guid":{"rendered":"https:\/\/antykilion.pl\/?page_id=10572"},"modified":"2026-02-03T16:35:48","modified_gmt":"2026-02-03T15:35:48","slug":"antyki-i-dziela-sztuki-dla-mieszkancow-poznania","status":"publish","type":"page","link":"https:\/\/antykilion.pl\/fr\/antyki-i-dziela-sztuki-dla-mieszkancow-poznania\/","title":{"rendered":"Antyki i dzie\u0142a sztuki dla mieszka\u0144c\u00f3w Poznania"},"content":{"rendered":"<div data-elementor-type=\"wp-page\" data-elementor-id=\"10572\" class=\"elementor elementor-10572\" data-elementor-post-type=\"page\">\n\t\t\t\t\t\t<section class=\"elementor-section elementor-top-section elementor-element elementor-element-b5ab243 elementor-section-height-min-height elementor-section-boxed elementor-section-height-default elementor-section-items-middle\" data-id=\"b5ab243\" data-element_type=\"section\" data-settings=\"{&quot;background_background&quot;:&quot;classic&quot;}\">\n\t\t\t\t\t\t\t<div class=\"elementor-background-overlay\"><\/div>\n\t\t\t\t\t\t\t<div class=\"elementor-container elementor-column-gap-no\">\n\t\t\t\t\t<div class=\"elementor-column elementor-col-100 elementor-top-column elementor-element elementor-element-bf55e9b\" data-id=\"bf55e9b\" data-element_type=\"column\">\n\t\t\t<div class=\"elementor-widget-wrap elementor-element-populated\">\n\t\t\t\t\t\t<div class=\"elementor-element elementor-element-9c59f86 elementor-widget elementor-widget-heading\" data-id=\"9c59f86\" data-element_type=\"widget\" data-widget_type=\"heading.default\">\n\t\t\t\t<div class=\"elementor-widget-container\">\n\t\t\t<h1 class=\"elementor-heading-title elementor-size-default\">Antyki i dzie\u0142a sztuki dla mieszka\u0144c\u00f3w Poznania<\/h1>\t\t<\/div>\n\t\t\t\t<\/div>\n\t\t\t\t<div class=\"elementor-element elementor-element-5ef48f0 elementor-widget elementor-widget-text-editor\" data-id=\"5ef48f0\" data-element_type=\"widget\" data-widget_type=\"text-editor.default\">\n\t\t\t\t<div class=\"elementor-widget-container\">\n\t\t\t\t\t\t\t<p>L&#039;une des plus grandes galeries d&#039;antiquit\u00e9s et d&#039;art<\/p>\t\t\t\t\t\t<\/div>\n\t\t\t\t<\/div>\n\t\t\t\t\t<\/div>\n\t\t<\/div>\n\t\t\t\t\t<\/div>\n\t\t<\/section>\n\t\t\t\t<section class=\"elementor-section elementor-top-section elementor-element elementor-element-e220325 elementor-section-boxed elementor-section-height-default elementor-section-height-default\" data-id=\"e220325\" data-element_type=\"section\">\n\t\t\t\t\t\t<div class=\"elementor-container elementor-column-gap-default\">\n\t\t\t\t\t<div class=\"elementor-column elementor-col-100 elementor-top-column elementor-element elementor-element-8a928b2\" data-id=\"8a928b2\" data-element_type=\"column\">\n\t\t\t<div class=\"elementor-widget-wrap elementor-element-populated\">\n\t\t\t\t\t\t<div class=\"elementor-element elementor-element-0d95c15 elementor-widget elementor-widget-image\" data-id=\"0d95c15\" data-element_type=\"widget\" data-widget_type=\"image.default\">\n\t\t\t\t<div class=\"elementor-widget-container\">\n\t\t\t\t\t\t\t\t\t\t\t\t\t<img fetchpriority=\"high\" decoding=\"async\" width=\"1200\" height=\"242\" src=\"https:\/\/antykilion.pl\/wp-content\/uploads\/2020\/01\/Zas\u00f3b-2@4x-1200x242.png\" class=\"attachment-large size-large wp-image-357\" alt=\"antyki-antykwariat-galeria-sztuki-wejherowo\" srcset=\"https:\/\/antykilion.pl\/wp-content\/uploads\/2020\/01\/Zas\u00f3b-2@4x-1200x242.png 1200w, https:\/\/antykilion.pl\/wp-content\/uploads\/2020\/01\/Zas\u00f3b-2@4x-350x71.png 350w, https:\/\/antykilion.pl\/wp-content\/uploads\/2020\/01\/Zas\u00f3b-2@4x-768x155.png 768w, https:\/\/antykilion.pl\/wp-content\/uploads\/2020\/01\/Zas\u00f3b-2@4x-18x4.png 18w, https:\/\/antykilion.pl\/wp-content\/uploads\/2020\/01\/Zas\u00f3b-2@4x.png 1389w\" sizes=\"(max-width: 1200px) 100vw, 1200px\" \/>\t\t\t\t\t\t\t\t\t\t\t\t\t<\/div>\n\t\t\t\t<\/div>\n\t\t\t\t\t<\/div>\n\t\t<\/div>\n\t\t\t\t\t<\/div>\n\t\t<\/section>\n\t\t\t\t<section class=\"elementor-section elementor-top-section elementor-element elementor-element-57018b4 elementor-hidden-tablet elementor-hidden-phone elementor-section-boxed elementor-section-height-default elementor-section-height-default\" data-id=\"57018b4\" data-element_type=\"section\" data-settings=\"{&quot;background_background&quot;:&quot;classic&quot;}\">\n\t\t\t\t\t\t<div class=\"elementor-container elementor-column-gap-default\">\n\t\t\t\t\t<div class=\"elementor-column elementor-col-100 elementor-top-column elementor-element elementor-element-d9d670b\" data-id=\"d9d670b\" data-element_type=\"column\">\n\t\t\t<div class=\"elementor-widget-wrap elementor-element-populated\">\n\t\t\t\t\t\t<section class=\"elementor-section elementor-inner-section elementor-element elementor-element-fac6717 elementor-section-height-min-height elementor-section-boxed elementor-section-height-default\" data-id=\"fac6717\" data-element_type=\"section\" data-settings=\"{&quot;background_background&quot;:&quot;classic&quot;}\">\n\t\t\t\t\t\t<div class=\"elementor-container elementor-column-gap-default\">\n\t\t\t\t\t<div class=\"elementor-column elementor-col-100 elementor-inner-column elementor-element elementor-element-1d7691e\" data-id=\"1d7691e\" data-element_type=\"column\">\n\t\t\t<div class=\"elementor-widget-wrap elementor-element-populated\">\n\t\t\t\t\t\t<div class=\"elementor-element elementor-element-adc6ba9 elementor-widget elementor-widget-heading\" data-id=\"adc6ba9\" data-element_type=\"widget\" data-widget_type=\"heading.default\">\n\t\t\t\t<div class=\"elementor-widget-container\">\n\t\t\t<h2 class=\"elementor-heading-title elementor-size-default\">Antykwariat <\/h2>\t\t<\/div>\n\t\t\t\t<\/div>\n\t\t\t\t<div class=\"elementor-element elementor-element-2f11c3e seo elementor-widget elementor-widget-text-editor\" data-id=\"2f11c3e\" data-element_type=\"widget\" data-widget_type=\"text-editor.default\">\n\t\t\t\t<div class=\"elementor-widget-container\">\n\t\t\t\t\t\t\t\n<p>\nGaleria <strong>Antyki i Sztuka Lion<\/strong> oferuje szeroki wyb\u00f3r autentycznych antyk\u00f3w i dzie\u0142 sztuki dla klient\u00f3w z Poznania oraz Wielkopolski. Nasza oferta skierowana jest do kolekcjoner\u00f3w, mi\u0142o\u015bnik\u00f3w sztuki, architekt\u00f3w wn\u0119trz oraz os\u00f3b poszukuj\u0105cych wyj\u0105tkowych, ponadczasowych element\u00f3w wyposa\u017cenia mieszka\u0144, dom\u00f3w i rezydencji.\n<\/p>\n\n<p>\nPozna\u0144 to miasto o silnych tradycjach kupieckich i kolekcjonerskich. Coraz wi\u0119cej mieszka\u0144c\u00f3w Poznania decyduje si\u0119 na uzupe\u0142nienie swoich wn\u0119trz o autentyczne antyki, kt\u00f3re podkre\u015blaj\u0105 presti\u017c oraz indywidualny charakter przestrzeni.\n<\/p>\n\n<h2>Antyczne meble i wyposa\u017cenie wn\u0119trz \u2013 Pozna\u0144<\/h2>\n\n<p>\nDla klient\u00f3w z Poznania oferujemy szeroki wyb\u00f3r \n<a href=\"https:\/\/antykilion.pl\/fr\/categorie-produit\/meble\/\" target=\"_blank\" rel=\"noopener\">\n<strong>antycznych mebli<\/strong>\n<\/a>, w tym komody, witryny, sekretarzyki, biurka, sto\u0142y oraz meble pa\u0142acowe. Antyczne wyposa\u017cenie doskonale sprawdza si\u0119 zar\u00f3wno w zabytkowych kamienicach, jak i nowoczesnych domach.\n<\/p>\n\n<h2>Dzie\u0142a sztuki dla kolekcjoner\u00f3w z Poznania<\/h2>\n\n<p>\nW naszej ofercie znajduj\u0105 si\u0119 r\u00f3wnie\u017c wyj\u0105tkowe \n<a href=\"https:\/\/antykilion.pl\/fr\/categorie-produit\/dziela-sztuki\/\" target=\"_blank\" rel=\"noopener\">\n<strong>dzie\u0142a sztuki<\/strong>\n<\/a>, w tym malarstwo, grafika i rze\u017aba. Oferta skierowana jest do os\u00f3b, kt\u00f3re ceni\u0105 wysok\u0105 jako\u015b\u0107 artystyczn\u0105 oraz autentyczno\u015b\u0107 obiekt\u00f3w.\n<\/p>\n\n<h2>Zegary, porcelana i srebra<\/h2>\n\n<ul>\n<li>\n<a href=\"https:\/\/antykilion.pl\/fr\/categorie-produit\/zegary\/\" target=\"_blank\" rel=\"noopener\">\nzegary antyczne\n<\/a>\n<\/li>\n<li>\n<a href=\"https:\/\/antykilion.pl\/fr\/categorie-produit\/porcelana-i-fajans\/\" target=\"_blank\" rel=\"noopener\">\nporcelana i fajans\n<\/a>\n<\/li>\n<li>\n<a href=\"https:\/\/antykilion.pl\/fr\/categorie-produit\/srebra-i-platery\/\" target=\"_blank\" rel=\"noopener\">\nsrebra i platery\n<\/a>\n<\/li>\n<li>\n<a href=\"https:\/\/antykilion.pl\/fr\/categorie-produit\/oswietlenie\/\" target=\"_blank\" rel=\"noopener\">\nantyczne o\u015bwietlenie\n<\/a>\n<\/li>\n<\/ul>\n\n<h2>Zakup antyk\u00f3w online i dostawa do Poznania<\/h2>\n\n<p>\nZapewniamy mieszka\u0144com Poznania bezpieczny zakup antyk\u00f3w online oraz profesjonalny transport. Zapraszamy do zapoznania si\u0119 z pe\u0142n\u0105 ofert\u0105:\n<br>\n<a href=\"https:\/\/antykilion.pl\/fr\/\" target=\"_blank\" rel=\"noopener\">\n<strong>antykilion.pl \u2013 Galeria Antyki i Sztuka Lion<\/strong>\n<\/a>\n<\/p>\t\t\t\t\t\t<\/div>\n\t\t\t\t<\/div>\n\t\t\t\t\t<\/div>\n\t\t<\/div>\n\t\t\t\t\t<\/div>\n\t\t<\/section>\n\t\t\t\t\t<\/div>\n\t\t<\/div>\n\t\t\t\t\t<\/div>\n\t\t<\/section>\n\t\t\t\t<section class=\"elementor-section elementor-top-section elementor-element elementor-element-9d22bda elementor-hidden-tablet elementor-hidden-phone elementor-section-boxed elementor-section-height-default elementor-section-height-default\" data-id=\"9d22bda\" data-element_type=\"section\">\n\t\t\t\t\t\t<div class=\"elementor-container elementor-column-gap-default\">\n\t\t\t\t\t<div class=\"elementor-column elementor-col-100 elementor-top-column elementor-element elementor-element-a091d1f\" data-id=\"a091d1f\" data-element_type=\"column\">\n\t\t\t<div class=\"elementor-widget-wrap elementor-element-populated\">\n\t\t\t\t\t\t<div class=\"elementor-element elementor-element-0c72ec6 symbol-rotate elementor-widget elementor-widget-image\" data-id=\"0c72ec6\" data-element_type=\"widget\" data-widget_type=\"image.default\">\n\t\t\t\t<div class=\"elementor-widget-container\">\n\t\t\t\t\t\t\t\t\t\t\t\t\t<img fetchpriority=\"high\" decoding=\"async\" width=\"1200\" height=\"242\" src=\"https:\/\/antykilion.pl\/wp-content\/uploads\/2020\/01\/Zas\u00f3b-2@4x-1200x242.png\" class=\"attachment-large size-large wp-image-357\" alt=\"antyki-antykwariat-galeria-sztuki-wejherowo\" srcset=\"https:\/\/antykilion.pl\/wp-content\/uploads\/2020\/01\/Zas\u00f3b-2@4x-1200x242.png 1200w, https:\/\/antykilion.pl\/wp-content\/uploads\/2020\/01\/Zas\u00f3b-2@4x-350x71.png 350w, https:\/\/antykilion.pl\/wp-content\/uploads\/2020\/01\/Zas\u00f3b-2@4x-768x155.png 768w, https:\/\/antykilion.pl\/wp-content\/uploads\/2020\/01\/Zas\u00f3b-2@4x-18x4.png 18w, https:\/\/antykilion.pl\/wp-content\/uploads\/2020\/01\/Zas\u00f3b-2@4x.png 1389w\" sizes=\"(max-width: 1200px) 100vw, 1200px\" \/>\t\t\t\t\t\t\t\t\t\t\t\t\t<\/div>\n\t\t\t\t<\/div>\n\t\t\t\t\t<\/div>\n\t\t<\/div>\n\t\t\t\t\t<\/div>\n\t\t<\/section>\n\t\t\t\t<section class=\"elementor-section elementor-top-section elementor-element elementor-element-aefe220 elementor-section-boxed elementor-section-height-default elementor-section-height-default\" data-id=\"aefe220\" data-element_type=\"section\" data-settings=\"{&quot;background_background&quot;:&quot;classic&quot;}\">\n\t\t\t\t\t\t\t<div class=\"elementor-background-overlay\"><\/div>\n\t\t\t\t\t\t\t<div class=\"elementor-container elementor-column-gap-default\">\n\t\t\t\t\t<div class=\"elementor-column elementor-col-100 elementor-top-column elementor-element elementor-element-343510c\" data-id=\"343510c\" data-element_type=\"column\">\n\t\t\t<div class=\"elementor-widget-wrap elementor-element-populated\">\n\t\t\t\t\t\t<section class=\"elementor-section elementor-inner-section elementor-element elementor-element-70738fd elementor-section-boxed elementor-section-height-default elementor-section-height-default\" data-id=\"70738fd\" data-element_type=\"section\" data-settings=\"{&quot;background_background&quot;:&quot;classic&quot;}\">\n\t\t\t\t\t\t<div class=\"elementor-container elementor-column-gap-default\">\n\t\t\t\t\t<div class=\"elementor-column elementor-col-100 elementor-inner-column elementor-element elementor-element-7dbb9a7\" data-id=\"7dbb9a7\" data-element_type=\"column\">\n\t\t\t<div class=\"elementor-widget-wrap elementor-element-populated\">\n\t\t\t\t\t\t<div class=\"elementor-element elementor-element-29bce04 elementor-widget elementor-widget-heading\" data-id=\"29bce04\" data-element_type=\"widget\" data-widget_type=\"heading.default\">\n\t\t\t\t<div class=\"elementor-widget-container\">\n\t\t\t<h3 class=\"elementor-heading-title elementor-size-default\">Appelez-nous<\/h3>\t\t<\/div>\n\t\t\t\t<\/div>\n\t\t\t\t<div class=\"elementor-element elementor-element-33e494c elementor-widget elementor-widget-heading\" data-id=\"33e494c\" data-element_type=\"widget\" data-widget_type=\"heading.default\">\n\t\t\t\t<div class=\"elementor-widget-container\">\n\t\t\t<h1 class=\"elementor-heading-title elementor-size-default\">Int\u00e9ress\u00e9 par notre offre?<\/h1>\t\t<\/div>\n\t\t\t\t<\/div>\n\t\t\t\t<div class=\"elementor-element elementor-element-4ec8d3b elementor-align-center elementor-widget elementor-widget-button\" data-id=\"4ec8d3b\" data-element_type=\"widget\" data-widget_type=\"button.default\">\n\t\t\t\t<div class=\"elementor-widget-container\">\n\t\t\t\t\t<div class=\"elementor-button-wrapper\">\n\t\t\t<a class=\"elementor-button elementor-button-link elementor-size-md\" href=\"https:\/\/antykilion.pl\/fr\/kontakt\/\">\n\t\t\t\t\t\t<span class=\"elementor-button-content-wrapper\">\n\t\t\t\t\t\t\t\t\t<span class=\"elementor-button-text\">Contactez nous<\/span>\n\t\t\t\t\t<\/span>\n\t\t\t\t\t<\/a>\n\t\t<\/div>\n\t\t\t\t<\/div>\n\t\t\t\t<\/div>\n\t\t\t\t\t<\/div>\n\t\t<\/div>\n\t\t\t\t\t<\/div>\n\t\t<\/section>\n\t\t\t\t\t<\/div>\n\t\t<\/div>\n\t\t\t\t\t<\/div>\n\t\t<\/section>\n\t\t\t\t<\/div>","protected":false},"excerpt":{"rendered":"<p>Antyki i dzie\u0142a sztuki dla mieszka\u0144c\u00f3w Poznania Jedna z najwi\u0119kszych galerii Antyk\u00f3w i Sztuki Antykwariat Galeria Antyki i Sztuka Lion oferuje szeroki wyb\u00f3r autentycznych antyk\u00f3w i dzie\u0142 sztuki dla klient\u00f3w z Poznania oraz Wielkopolski. Nasza oferta skierowana jest do kolekcjoner\u00f3w, mi\u0142o\u015bnik\u00f3w sztuki, architekt\u00f3w wn\u0119trz oraz os\u00f3b poszukuj\u0105cych wyj\u0105tkowych, ponadczasowych element\u00f3w wyposa\u017cenia mieszka\u0144, dom\u00f3w i rezydencji. [&hellip;]<\/p>","protected":false},"author":2,"featured_media":10472,"parent":0,"menu_order":0,"comment_status":"closed","ping_status":"closed","template":"elementor_header_footer","meta":{"footnotes":""},"class_list":["post-10572","page","type-page","status-publish","has-post-thumbnail","hentry","entry","has-media","owp-thumbs-layout-horizontal","owp-btn-normal","owp-tabs-layout-horizontal","has-no-thumbnails","has-product-nav"],"aioseo_notices":[],"_links":{"self":[{"href":"https:\/\/antykilion.pl\/fr\/wp-json\/wp\/v2\/pages\/10572","targetHints":{"allow":["GET"]}}],"collection":[{"href":"https:\/\/antykilion.pl\/fr\/wp-json\/wp\/v2\/pages"}],"about":[{"href":"https:\/\/antykilion.pl\/fr\/wp-json\/wp\/v2\/types\/page"}],"author":[{"embeddable":true,"href":"https:\/\/antykilion.pl\/fr\/wp-json\/wp\/v2\/users\/2"}],"replies":[{"embeddable":true,"href":"https:\/\/antykilion.pl\/fr\/wp-json\/wp\/v2\/comments?post=10572"}],"version-history":[{"count":4,"href":"https:\/\/antykilion.pl\/fr\/wp-json\/wp\/v2\/pages\/10572\/revisions"}],"predecessor-version":[{"id":10576,"href":"https:\/\/antykilion.pl\/fr\/wp-json\/wp\/v2\/pages\/10572\/revisions\/10576"}],"wp:featuredmedia":[{"embeddable":true,"href":"https:\/\/antykilion.pl\/fr\/wp-json\/wp\/v2\/media\/10472"}],"wp:attachment":[{"href":"https:\/\/antykilion.pl\/fr\/wp-json\/wp\/v2\/media?parent=10572"}],"curies":[{"name":"wp","href":"https:\/\/api.w.org\/{rel}","templated":true}]}}