{"id":717,"date":"2020-01-29T14:34:28","date_gmt":"2020-01-29T13:34:28","guid":{"rendered":"https:\/\/antykilion.pl\/?page_id=717"},"modified":"2020-03-01T07:55:43","modified_gmt":"2020-03-01T06:55:43","slug":"polityka-prywatnosci","status":"publish","type":"page","link":"https:\/\/antykilion.pl\/fr\/polityka-prywatnosci\/","title":{"rendered":"Politique de confidentialit\u00e9"},"content":{"rendered":"<div data-elementor-type=\"wp-page\" data-elementor-id=\"717\" class=\"elementor elementor-717\" data-elementor-post-type=\"page\">\n\t\t\t\t\t\t<section class=\"elementor-section elementor-top-section elementor-element elementor-element-fa4cae6 elementor-section-height-min-height elementor-section-boxed elementor-section-height-default elementor-section-items-middle\" data-id=\"fa4cae6\" data-element_type=\"section\" data-settings=\"{&quot;background_background&quot;:&quot;classic&quot;}\">\n\t\t\t\t\t\t\t<div class=\"elementor-background-overlay\"><\/div>\n\t\t\t\t\t\t\t<div class=\"elementor-container elementor-column-gap-no\">\n\t\t\t\t\t<div class=\"elementor-column elementor-col-100 elementor-top-column elementor-element elementor-element-5b06110\" data-id=\"5b06110\" data-element_type=\"column\">\n\t\t\t<div class=\"elementor-widget-wrap elementor-element-populated\">\n\t\t\t\t\t\t<div class=\"elementor-element elementor-element-d6c618e elementor-widget elementor-widget-heading\" data-id=\"d6c618e\" data-element_type=\"widget\" data-widget_type=\"heading.default\">\n\t\t\t\t<div class=\"elementor-widget-container\">\n\t\t\t<h1 class=\"elementor-heading-title elementor-size-default\">Politique de confidentialit\u00e9<\/h1>\t\t<\/div>\n\t\t\t\t<\/div>\n\t\t\t\t<div class=\"elementor-element elementor-element-270fe55 elementor-widget elementor-widget-text-editor\" data-id=\"270fe55\" data-element_type=\"widget\" data-widget_type=\"text-editor.default\">\n\t\t\t\t<div class=\"elementor-widget-container\">\n\t\t\t\t\t\t\t<p>L&#039;une des plus grandes galeries d&#039;antiquit\u00e9s et d&#039;art<\/p>\t\t\t\t\t\t<\/div>\n\t\t\t\t<\/div>\n\t\t\t\t\t<\/div>\n\t\t<\/div>\n\t\t\t\t\t<\/div>\n\t\t<\/section>\n\t\t\t\t<section class=\"elementor-section elementor-top-section elementor-element elementor-element-0dcc2ef elementor-section-boxed elementor-section-height-default elementor-section-height-default\" data-id=\"0dcc2ef\" data-element_type=\"section\">\n\t\t\t\t\t\t<div class=\"elementor-container elementor-column-gap-default\">\n\t\t\t\t\t<div class=\"elementor-column elementor-col-100 elementor-top-column elementor-element elementor-element-dac6550\" data-id=\"dac6550\" data-element_type=\"column\">\n\t\t\t<div class=\"elementor-widget-wrap elementor-element-populated\">\n\t\t\t\t\t\t<div class=\"elementor-element elementor-element-362b6dc elementor-widget elementor-widget-text-editor\" data-id=\"362b6dc\" data-element_type=\"widget\" data-widget_type=\"text-editor.default\">\n\t\t\t\t<div class=\"elementor-widget-container\">\n\t\t\t\t\t\t\t<h2>informations g\u00e9n\u00e9rales<\/h2>\n<ol>\n<li>L&#039;administrateur des donn\u00e9es personnelles collect\u00e9es via le site: antykilion.pl, est Galeria Antyki i Sztuka Lion Jacek Myller \u00e0 l&#039;adresse saisie Wejherowo 84-200 ul. Klasztorna 7, menant des activit\u00e9s inscrites au registre central et des informations sur l&#039;activit\u00e9 \u00e9conomique de la R\u00e9publique de Pologne tenues par le ministre comp\u00e9tent pour l&#039;\u00e9conomie, NIP: 5881203242, REGON: 366629645.<\/li>\n<li>La protection des donn\u00e9es est effectu\u00e9e conform\u00e9ment aux exigences du droit g\u00e9n\u00e9ralement applicable, notamment la loi du 18 juillet 2002 relative \u00e0 la fourniture de services \u00e9lectroniques et le r\u00e8glement du Parlement europ\u00e9en et du Conseil (UE) 2016\/679 du 27 avril 2016 relatif \u00e0 la protection des personnes physiques en ce qui concerne le traitement des donn\u00e9es \u00e0 caract\u00e8re personnel et la libre circulation de ces donn\u00e9es, et abrogeant la directive 95\/46 \/ CE.<\/li>\n<li>Nous respectons le droit \u00e0 la vie priv\u00e9e et nous nous soucions de la s\u00e9curit\u00e9 des donn\u00e9es. Dans ce but, protocole de cryptage de communication s\u00e9curis\u00e9 (SSL), et les donn\u00e9es personnelles sont stock\u00e9es sur des serveurs s\u00e9curis\u00e9s.<\/li>\n<li>Les donn\u00e9es personnelles fournies dans le formulaire de contact sont trait\u00e9es de mani\u00e8re confidentielle et ne sont pas visibles par des personnes non autoris\u00e9es.<\/li>\n<\/ol>\n<h2>Confidentialit\u00e9 des donn\u00e9es personnelles<\/h2>\n<p>Si vous avez l&#039;intention de cr\u00e9er un compte utilisateur et d&#039;utiliser nos services, il vous sera demand\u00e9 de nous fournir vos donn\u00e9es personnelles. <br>Vos donn\u00e9es sont trait\u00e9es par nous aux fins indiqu\u00e9es ci-dessous, li\u00e9es au fonctionnement du magasin et \u00e0 la fourniture des services qui y sont propos\u00e9s (\u00abServices\u00bb).<\/p>\n<ol>\n<li><strong>Finalit\u00e9 du traitement:<\/strong><\/li>\n<\/ol>\n<p>Selon ce que vous d\u00e9cidez de faire, cela pourrait \u00eatre:<\/p>\n<ul>\n<li>Fourniture de services offerts dans le magasin<\/li>\n<li>Ex\u00e9cuter vos commandes<\/li>\n<\/ul>\n<ol start=\"2\">\n<li><strong>La base du traitement:<\/strong><\/li>\n<\/ol>\n<ul>\n<li>Un contrat de vente ou des mesures prises \u00e0 votre demande pour le conclure (article 6 (1) (b) du RGPD)<\/li>\n<li>Obligation l\u00e9gale qui nous lie, par exemple li\u00e9e \u00e0 la comptabilit\u00e9 (article 6 (1) (c) du RGPD)<\/li>\n<li>Un contrat de fourniture de services ou d&#039;actions prises \u00e0 votre demande, en vue de sa conclusion (article 6 (1) (b) du RGPD)<\/li>\n<li>Notre int\u00e9r\u00eat l\u00e9gitime dans le traitement des donn\u00e9es pour \u00e9tablir, enqu\u00eater ou d\u00e9fendre toute r\u00e9clamation (article 6 (1) (f) du RGPD)<\/li>\n<li>Notre int\u00e9r\u00eat l\u00e9gitime (article 6 (1) (f) du RGPD) consistant en:\n<ul>\n<li>traitement des donn\u00e9es \u00e0 des fins analytiques et statistiques<\/li>\n<li>Sondage sur la satisfaction de la client\u00e8le<\/li>\n<\/ul>\n<\/li>\n<\/ul>\n<ol start=\"3\">\n<li><strong>Fournir des donn\u00e9es:<\/strong><\/li>\n<\/ol>\n<ul>\n<li>Volontaire, mais dans certains cas peut \u00eatre n\u00e9cessaire pour conclure un contrat.<\/li>\n<\/ul>\n<ol start=\"4\">\n<li><strong>L&#039;effet de ne pas fournir de donn\u00e9es:<\/strong><\/li>\n<\/ol>\n<p>En fonction de la finalit\u00e9 pour laquelle les donn\u00e9es sont fournies:<\/p>\n<ul>\n<li>pas de possibilit\u00e9 de s&#039;inscrire dans la boutique<\/li>\n<li>aucune possibilit\u00e9 d&#039;utiliser les services du Store<\/li>\n<li>pas de possibilit\u00e9 de faire des achats dans la boutique<\/li>\n<\/ul>\n<h2>5. P\u00e9riode de traitement<\/h2>\n<p>Nous traiterons vos donn\u00e9es uniquement pendant la p\u00e9riode au cours de laquelle nous disposerons d&#039;une base l\u00e9gale, c&#039;est-\u00e0-dire jusqu&#039;au:<\/p>\n<ul>\n<li>l&#039;obligation l\u00e9gale qui nous oblige \u00e0 traiter vos donn\u00e9es cessera de nous lier<\/li>\n<li>la possibilit\u00e9 de poursuivre des r\u00e9clamations li\u00e9es au contrat conclu par le magasin par les parties cessera<\/li>\n<li>votre opposition au traitement de vos donn\u00e9es personnelles sera accept\u00e9e - si la base du traitement de vos donn\u00e9es \u00e9tait l&#039;int\u00e9r\u00eat l\u00e9gitime de l&#039;administrateur ou si les donn\u00e9es ont \u00e9t\u00e9 trait\u00e9es \u00e0 des fins de marketing direct.<\/li>\n<\/ul>\n<p>- en fonction de ce qui est applicable dans un cas donn\u00e9 et de ce qui se passera au plus tard.<\/p>\n<h2>6. S\u00e9curit\u00e9 des donn\u00e9es<\/h2>\n<p>Lors du traitement de vos donn\u00e9es personnelles, nous utilisons des mesures organisationnelles et techniques conform\u00e9ment \u00e0 la loi applicable, y compris le cryptage de la connexion avec un certificat SSL.<\/p>\n<ol start=\"7\">\n<li><strong>Vos pouvoirs<\/strong><\/li>\n<\/ol>\n<p>Vous avez le droit de demander:<\/p>\n<ul>\n<li>acc\u00e8s \u00e0 vos donn\u00e9es personnelles<\/li>\n<li>les rectifier<\/li>\n<li>suppression<\/li>\n<li>restrictions de traitement<\/li>\n<li>transfert de donn\u00e9es \u00e0 un autre administrateur<\/li>\n<\/ul>\n<p>Et aussi la loi:<\/p>\n<ul>\n<li>vous opposer \u00e0 tout moment au traitement de vos donn\u00e9es:\n<ul>\n<li>pour des raisons li\u00e9es \u00e0 votre situation particuli\u00e8re - au traitement des donn\u00e9es personnelles vous concernant, sur la base de l&#039;art. 6 sec. 1 lit. f RGPD (c&#039;est-\u00e0-dire sur les int\u00e9r\u00eats l\u00e9gitimes poursuivis par l&#039;administrateur),<\/li>\n<li>si les donn\u00e9es personnelles sont trait\u00e9es \u00e0 des fins de marketing direct<\/li>\n<\/ul>\n<\/li>\n<\/ul>\n<p>Veuillez nous contacter si vous souhaitez exercer vos droits.<\/p>\n<p>Si vous pensez que vos donn\u00e9es sont trait\u00e9es ill\u00e9galement, vous pouvez d\u00e9poser une plainte aupr\u00e8s de l&#039;autorit\u00e9 de contr\u00f4le.<\/p>\n<h2>1. Cookies<\/h2>\n<p>Notre boutique, comme la plupart des sites Web, utilise le soi-disant cookies (cookies). Ces fichiers:<\/p>\n<ul>\n<li>sont enregistr\u00e9s dans la m\u00e9moire de votre appareil (ordinateur, t\u00e9l\u00e9phone, etc.)<\/li>\n<li>ils vous permettent, entre autres, d&#039;utiliser toutes les fonctions du Store<\/li>\n<li>ne modifiez pas les param\u00e8tres de votre appareil<\/li>\n<\/ul>\n<p>En utilisant les options appropri\u00e9es de votre navigateur, vous pouvez \u00e0 tout moment:<\/p>\n<ul>\n<li>supprimer les cookies<\/li>\n<li>bloquer l&#039;utilisation des cookies \u00e0 l&#039;avenir<\/li>\n<\/ul>\n<p>Dans ce magasin, les cookies sont utilis\u00e9s aux fins suivantes:<\/p>\n<ul>\n<li>statistique<\/li>\n<\/ul>\n<p>Pour savoir comment g\u00e9rer les cookies, y compris comment les d\u00e9sactiver dans votre navigateur, vous pouvez utiliser le fichier d&#039;aide de votre navigateur. Vous pouvez lire les informations \u00e0 ce sujet en appuyant sur la touche F1 dans le navigateur. En outre, des conseils appropri\u00e9s peuvent \u00eatre trouv\u00e9s sur les sous-pages suivantes, en fonction du navigateur que vous utilisez: Si vous ne d\u00e9sactivez pas l&#039;utilisation de cookies dans les param\u00e8tres de votre navigateur, cela signifie que vous consentez \u00e0 leur utilisation.<\/p>\n<p>Plus d&#039;informations sur les cookies peuvent \u00eatre trouv\u00e9es dans <a href=\"https:\/\/pl.wikipedia.org\/wiki\/HTTP_cookie\">Wikip\u00e9dia<\/a>.<\/p>\n<ol start=\"2\">\n<li><strong>Destinataires de donn\u00e9es, c&#039;est-\u00e0-dire services externes <\/strong><\/li>\n<\/ol>\n<p>Nous utilisons les services d&#039;entit\u00e9s externes auxquelles vos donn\u00e9es peuvent \u00eatre transf\u00e9r\u00e9es. Voici une liste de ces entit\u00e9s:<\/p>\n<ul>\n<li>l&#039;entit\u00e9 livrant les marchandises<\/li>\n<li>fournisseur de paiement:\n<ul>\n<li>PayU<\/li>\n<\/ul>\n<\/li>\n<li>bureau de comptabilit\u00e9<\/li>\n<\/ul>\n<h2>&nbsp;<\/h2>\n<h2>10. Contact avec l&#039;administrateur<\/h2>\n<p>Vous souhaitez exercer vos droits sur les donn\u00e9es personnelles?<\/p>\n<p>Ou peut-\u00eatre souhaitez-vous simplement poser une question concernant notre politique de confidentialit\u00e9?<\/p>\n<p>\u00c9crivez \u00e0 l&#039;adresse e-mail: <strong><a href=\"mailto:biuro@antykilion.pl\">biuro@antykilion.pl<\/a> ou 12337@wp.pl<\/strong><\/p>\n<p><\/p>\t\t\t\t\t\t<\/div>\n\t\t\t\t<\/div>\n\t\t\t\t\t<\/div>\n\t\t<\/div>\n\t\t\t\t\t<\/div>\n\t\t<\/section>\n\t\t\t\t<\/div>","protected":false},"excerpt":{"rendered":"<p>Polityka Prywatno\u015bci Jedna z najwi\u0119kszych galerii Antyk\u00f3w i Sztuki Informacje og\u00f3lne Administratorem danych osobowych zbieranych za po\u015brednictwem strony internetowej: antykilion.pl, jest &nbsp;Galeria Antyki i Sztuka Lion Jacek Myller pod wpisanym adresem Wejherowo 84-200 ul. Klasztorna 7, prowadz\u0105cy dzia\u0142alno\u015b\u0107 wpisan\u0105 do Centralnej Ewidencji i Informacji o Dzia\u0142alno\u015bci Gospodarczej Rzeczypospolitej Polskiej prowadzonej przez ministra w\u0142a\u015bciwego do spraw [&hellip;]<\/p>","protected":false},"author":2,"featured_media":0,"parent":0,"menu_order":0,"comment_status":"closed","ping_status":"closed","template":"elementor_header_footer","meta":{"footnotes":""},"class_list":["post-717","page","type-page","status-publish","hentry","entry","owp-thumbs-layout-horizontal","owp-btn-normal","owp-tabs-layout-horizontal","has-no-thumbnails","has-product-nav"],"aioseo_notices":[],"_links":{"self":[{"href":"https:\/\/antykilion.pl\/fr\/wp-json\/wp\/v2\/pages\/717","targetHints":{"allow":["GET"]}}],"collection":[{"href":"https:\/\/antykilion.pl\/fr\/wp-json\/wp\/v2\/pages"}],"about":[{"href":"https:\/\/antykilion.pl\/fr\/wp-json\/wp\/v2\/types\/page"}],"author":[{"embeddable":true,"href":"https:\/\/antykilion.pl\/fr\/wp-json\/wp\/v2\/users\/2"}],"replies":[{"embeddable":true,"href":"https:\/\/antykilion.pl\/fr\/wp-json\/wp\/v2\/comments?post=717"}],"version-history":[{"count":0,"href":"https:\/\/antykilion.pl\/fr\/wp-json\/wp\/v2\/pages\/717\/revisions"}],"wp:attachment":[{"href":"https:\/\/antykilion.pl\/fr\/wp-json\/wp\/v2\/media?parent=717"}],"curies":[{"name":"wp","href":"https:\/\/api.w.org\/{rel}","templated":true}]}}