{"id":1004,"date":"2020-02-03T08:30:52","date_gmt":"2020-02-03T07:30:52","guid":{"rendered":"https:\/\/antykilion.pl\/?post_type=product&#038;p=1004"},"modified":"2021-09-03T14:16:38","modified_gmt":"2021-09-03T12:16:38","slug":"komoda-klasycystyczna-2-polowa-xviii-wieku","status":"publish","type":"product","link":"https:\/\/antykilion.pl\/fr\/product\/komoda-klasycystyczna-2-polowa-xviii-wieku\/","title":{"rendered":"Commode classique de la 2e moiti\u00e9 du 18e si\u00e8cle"},"content":{"rendered":"","protected":false},"excerpt":{"rendered":"<p>Commode classique de la seconde moiti\u00e9 du XVIIIe si\u00e8cle, \u00e0 c\u00f4t\u00e9s droits, fa\u00e7ades et coins avant coup\u00e9s, avec un dessus allong\u00e9, trois tiroirs, appuy\u00e9s sur des pieds de console, plaqu\u00e9s, d\u00e9cor\u00e9s de veines incrust\u00e9es formant des champs rectangulaires sur les faces des tiroirs.<br \/>\nUn meuble de forme classique, fabriqu\u00e9 \u00e0 la main, en tr\u00e8s bon \u00e9tat.<br \/>\nPlacage de fr\u00eane et autres types d&#039;arbres, ch\u00e2teaux d&#039;origine du 18\u00e8me si\u00e8cle. Poign\u00e9es et enseignes baroques en bronze dor\u00e9.<br \/>\nEtat: tr\u00e8s bon<br \/>\nDimensions: longueur 105 cm, profondeur 57 cm, hauteur 79 cm.<\/p>","protected":false},"featured_media":996,"comment_status":"closed","ping_status":"closed","template":"","meta":[],"product_cat":[26,17],"product_tag":[],"class_list":{"0":"post-1004","1":"product","2":"type-product","3":"status-publish","4":"has-post-thumbnail","6":"product_cat-komody","7":"product_cat-meble","9":"entry","10":"has-media","12":"first","13":"instock","14":"taxable","15":"shipping-taxable","16":"purchasable","17":"product-type-simple","18":"has-product-nav","19":"col","20":"span_1_of_3","21":"owp-content-center","22":"owp-thumbs-layout-horizontal","23":"owp-btn-normal","24":"owp-tabs-layout-horizontal"},"aioseo_notices":[],"_links":{"self":[{"href":"https:\/\/antykilion.pl\/fr\/wp-json\/wp\/v2\/product\/1004","targetHints":{"allow":["GET"]}}],"collection":[{"href":"https:\/\/antykilion.pl\/fr\/wp-json\/wp\/v2\/product"}],"about":[{"href":"https:\/\/antykilion.pl\/fr\/wp-json\/wp\/v2\/types\/product"}],"replies":[{"embeddable":true,"href":"https:\/\/antykilion.pl\/fr\/wp-json\/wp\/v2\/comments?post=1004"}],"wp:featuredmedia":[{"embeddable":true,"href":"https:\/\/antykilion.pl\/fr\/wp-json\/wp\/v2\/media\/996"}],"wp:attachment":[{"href":"https:\/\/antykilion.pl\/fr\/wp-json\/wp\/v2\/media?parent=1004"}],"wp:term":[{"taxonomy":"product_cat","embeddable":true,"href":"https:\/\/antykilion.pl\/fr\/wp-json\/wp\/v2\/product_cat?post=1004"},{"taxonomy":"product_tag","embeddable":true,"href":"https:\/\/antykilion.pl\/fr\/wp-json\/wp\/v2\/product_tag?post=1004"}],"curies":[{"name":"wp","href":"https:\/\/api.w.org\/{rel}","templated":true}]}}