{"id":10165,"date":"2025-12-14T12:08:07","date_gmt":"2025-12-14T11:08:07","guid":{"rendered":"https:\/\/antykilion.pl\/?post_type=product&#038;p=10165"},"modified":"2025-12-14T12:08:09","modified_gmt":"2025-12-14T11:08:09","slug":"obledna-komoda-barokowa-inkrustowana-xviii-ok-1740-r-ogromna-rzadkosc","status":"publish","type":"product","link":"https:\/\/antykilion.pl\/fr\/product\/obledna-komoda-barokowa-inkrustowana-xviii-ok-1740-r-ogromna-rzadkosc\/","title":{"rendered":"Ob\u0142\u0119dna Komoda Barokowa inkrustowana XVIII ok. 1740 r ogromna rzadko\u015b\u0107 !!!"},"content":{"rendered":"","protected":false},"excerpt":{"rendered":"<p>Ob\u0142\u0119dna Komoda Barokowa inkrustowana XVIII ok. 1740 r ogromna rzadko\u015b\u0107 !!!<\/p>\n<p>Komoda o prostych bokach i falistym froncie, trzy-szufladowa, fornirowana orzechem, intarsjowana wst\u0119g\u0105 mahoniow\u0105 tworz\u0105c\u0105 zgeometryzowane, przecinaj\u0105ce si\u0119 pola na froncie i bokach, okucia rocailowe, wsparta na toczonych n\u00f3\u017ckach w formie sp\u0142aszczonych kul. Blat Inkrustowany ko\u015bci\u0105<\/p>\n<p>Komoda o formie i dekoracji charakterystycznej dla \u015brodkowo-europejskich warsztat\u00f3w stolarskich oko\u0142o po\u0142owy XVIII wieku. Ten typ komody d\u0142ugo by\u0142 modny, przez co wytwarzano go od lat 30\/40 XVIII wieku do 60. XIX w. Jeden z najpopularniejszych modeli w naszym stolarstwie.<\/p>\n<p>Typowa pod wzgl\u0119dem formy i dekoracji komoda barokowa. Wykonana rzemie\u015blniczo<\/p>\n<p>Stan: bardzo dobry, po profesjonalnej konserwacji<\/p>\n<p>Pochodzenie: Polska\u00a0 ogromna rzadko\u015b\u0107 mebel inkrustowany<\/p>\n<p>Materia\u0142: sosna; fornir- orzech, drewna owocowe; zamki stalowe, nak\u0142adane, jednoryglowe<\/p>\n<p>Wymiary: d\u0142ugo\u015b\u0107 118 cm, g\u0142\u0119boko\u015b\u0107 67 cm, wysoko\u015b\u0107 87 cm<\/p>\n<p>ob\u0142\u0119dna bez dw\u00f3ch zda\u0144<\/p>\n<p>Polecam bardzo atrakcyjna cena mebla Warto zainwestowa\u0107 w mebel barokowy!!!!<\/p>","protected":false},"featured_media":10166,"comment_status":"closed","ping_status":"closed","template":"","meta":[],"product_cat":[26,17],"product_tag":[],"class_list":{"0":"post-10165","1":"product","2":"type-product","3":"status-publish","4":"has-post-thumbnail","6":"product_cat-komody","7":"product_cat-meble","9":"entry","10":"has-media","12":"first","13":"instock","14":"taxable","15":"shipping-taxable","16":"purchasable","17":"product-type-simple","18":"has-product-nav","19":"col","20":"span_1_of_3","21":"owp-content-center","22":"owp-thumbs-layout-horizontal","23":"owp-btn-normal","24":"owp-tabs-layout-horizontal"},"aioseo_notices":[],"_links":{"self":[{"href":"https:\/\/antykilion.pl\/fr\/wp-json\/wp\/v2\/product\/10165","targetHints":{"allow":["GET"]}}],"collection":[{"href":"https:\/\/antykilion.pl\/fr\/wp-json\/wp\/v2\/product"}],"about":[{"href":"https:\/\/antykilion.pl\/fr\/wp-json\/wp\/v2\/types\/product"}],"replies":[{"embeddable":true,"href":"https:\/\/antykilion.pl\/fr\/wp-json\/wp\/v2\/comments?post=10165"}],"wp:featuredmedia":[{"embeddable":true,"href":"https:\/\/antykilion.pl\/fr\/wp-json\/wp\/v2\/media\/10166"}],"wp:attachment":[{"href":"https:\/\/antykilion.pl\/fr\/wp-json\/wp\/v2\/media?parent=10165"}],"wp:term":[{"taxonomy":"product_cat","embeddable":true,"href":"https:\/\/antykilion.pl\/fr\/wp-json\/wp\/v2\/product_cat?post=10165"},{"taxonomy":"product_tag","embeddable":true,"href":"https:\/\/antykilion.pl\/fr\/wp-json\/wp\/v2\/product_tag?post=10165"}],"curies":[{"name":"wp","href":"https:\/\/api.w.org\/{rel}","templated":true}]}}