{"id":10261,"date":"2025-12-15T15:03:05","date_gmt":"2025-12-15T14:03:05","guid":{"rendered":"https:\/\/antykilion.pl\/?post_type=product&#038;p=10261"},"modified":"2025-12-15T15:03:06","modified_gmt":"2025-12-15T14:03:06","slug":"pistolet-kapiszonowy-dwulufowy-podrozny-xix-w-okolo-1843-r","status":"publish","type":"product","link":"https:\/\/antykilion.pl\/fr\/product\/pistolet-kapiszonowy-dwulufowy-podrozny-xix-w-okolo-1843-r\/","title":{"rendered":"Pistolet kapiszonowy dwulufowy, podr\u00f3\u017cny XIX w oko\u0142o 1843 r"},"content":{"rendered":"","protected":false},"excerpt":{"rendered":"<p>Pistolet kapiszonowy dwulufowy, podr\u00f3\u017cny XIX w oko\u0142o 1843 r<\/p>\n<p>materia\u0142: drewno, stal, mosi\u0105dz; d\u0142. ca\u0142k. 21,5 cm;<\/p>\n<p>XIX w oko\u0142o 1840 r,\u00a0 Niemcy ?<\/p>\n<p>Lufy stalowe, o\u015bmiok\u0105tne, g\u0142adkie; na lufach oraz przy zamku wybite numery: \u201e53\u201d oraz oznaczenie U nad koron\u0105 oraz daty 1843, po drugiej stronie luf zapiski z gramatur\u0105 i numeracje.\u00a0 Zamek skrzynkowy pistonowy, z dwoma kurkami i dwoma j\u0119zyczkami spust\u00f3w w szerokiej, stalowej os\u0142onie. Kolba kr\u00f3tka, g\u0142adka, orzechowa, zako\u0144czona kuli\u015bcie.<\/p>","protected":false},"featured_media":10262,"comment_status":"closed","ping_status":"closed","template":"","meta":[],"product_cat":[70],"product_tag":[],"class_list":{"0":"post-10261","1":"product","2":"type-product","3":"status-publish","4":"has-post-thumbnail","6":"product_cat-bron","8":"entry","9":"has-media","11":"first","12":"instock","13":"taxable","14":"shipping-taxable","15":"purchasable","16":"product-type-simple","17":"has-product-nav","18":"col","19":"span_1_of_3","20":"owp-content-center","21":"owp-thumbs-layout-horizontal","22":"owp-btn-normal","23":"owp-tabs-layout-horizontal"},"aioseo_notices":[],"_links":{"self":[{"href":"https:\/\/antykilion.pl\/fr\/wp-json\/wp\/v2\/product\/10261","targetHints":{"allow":["GET"]}}],"collection":[{"href":"https:\/\/antykilion.pl\/fr\/wp-json\/wp\/v2\/product"}],"about":[{"href":"https:\/\/antykilion.pl\/fr\/wp-json\/wp\/v2\/types\/product"}],"replies":[{"embeddable":true,"href":"https:\/\/antykilion.pl\/fr\/wp-json\/wp\/v2\/comments?post=10261"}],"wp:featuredmedia":[{"embeddable":true,"href":"https:\/\/antykilion.pl\/fr\/wp-json\/wp\/v2\/media\/10262"}],"wp:attachment":[{"href":"https:\/\/antykilion.pl\/fr\/wp-json\/wp\/v2\/media?parent=10261"}],"wp:term":[{"taxonomy":"product_cat","embeddable":true,"href":"https:\/\/antykilion.pl\/fr\/wp-json\/wp\/v2\/product_cat?post=10261"},{"taxonomy":"product_tag","embeddable":true,"href":"https:\/\/antykilion.pl\/fr\/wp-json\/wp\/v2\/product_tag?post=10261"}],"curies":[{"name":"wp","href":"https:\/\/api.w.org\/{rel}","templated":true}]}}