{"id":1076,"date":"2020-02-03T14:40:48","date_gmt":"2020-02-03T13:40:48","guid":{"rendered":"https:\/\/antykilion.pl\/?post_type=product&#038;p=1076"},"modified":"2021-09-03T14:16:56","modified_gmt":"2021-09-03T12:16:56","slug":"komoda-barokowa-z-xviii-wieku-okolo-1740-60-roku-obledna","status":"publish","type":"product","link":"https:\/\/antykilion.pl\/fr\/product\/komoda-barokowa-z-xviii-wieku-okolo-1740-60-roku-obledna\/","title":{"rendered":"Commode baroque du 18\u00e8me si\u00e8cle vers 1740\/60 folle!"},"content":{"rendered":"","protected":false},"excerpt":{"rendered":"<p>Commode baroque du 18\u00e8me si\u00e8cle vers 1740\/60<br \/>\navec des c\u00f4t\u00e9s droits et une fa\u00e7ade ondul\u00e9e, quatre tiroirs, plaqu\u00e9s de noyer, incrust\u00e9s d&#039;un ruban cr\u00e9ant des champs g\u00e9om\u00e9triques entrecrois\u00e9s sur le devant, le dessus et les c\u00f4t\u00e9s. Raccords Rocail, support\u00e9s sur pieds tourn\u00e9s en forme de sph\u00e8res aplaties.<br \/>\nUne commode \u00e0 la forme et \u00e0 la d\u00e9coration caract\u00e9ristiques des ateliers de menuiserie d&#039;Europe centrale vers le milieu du XVIIIe si\u00e8cle<br \/>\nPlacage de divers types de noix, richement incrust\u00e9 d&#039;acajou et de divers types d&#039;arbres,<br \/>\nOrigine Europe centrale Pologne ou Allemagne<br \/>\nDimensions: longueur 120 cm, largeur 58 cm, hauteur 79 cm<br \/>\nParfait \u00e9tat apr\u00e8s entretien il y a plusieurs ann\u00e9es.<br \/>\nCe meuble fou est impressionnant!<\/p>","protected":false},"featured_media":1077,"comment_status":"closed","ping_status":"closed","template":"","meta":[],"product_cat":[26,17],"product_tag":[],"class_list":{"0":"post-1076","1":"product","2":"type-product","3":"status-publish","4":"has-post-thumbnail","6":"product_cat-komody","7":"product_cat-meble","9":"entry","10":"has-media","12":"first","13":"outofstock","14":"taxable","15":"shipping-taxable","16":"purchasable","17":"product-type-simple","18":"has-product-nav","19":"col","20":"span_1_of_3","21":"owp-content-center","22":"owp-thumbs-layout-horizontal","23":"owp-btn-normal","24":"owp-tabs-layout-horizontal"},"aioseo_notices":[],"_links":{"self":[{"href":"https:\/\/antykilion.pl\/fr\/wp-json\/wp\/v2\/product\/1076","targetHints":{"allow":["GET"]}}],"collection":[{"href":"https:\/\/antykilion.pl\/fr\/wp-json\/wp\/v2\/product"}],"about":[{"href":"https:\/\/antykilion.pl\/fr\/wp-json\/wp\/v2\/types\/product"}],"replies":[{"embeddable":true,"href":"https:\/\/antykilion.pl\/fr\/wp-json\/wp\/v2\/comments?post=1076"}],"wp:featuredmedia":[{"embeddable":true,"href":"https:\/\/antykilion.pl\/fr\/wp-json\/wp\/v2\/media\/1077"}],"wp:attachment":[{"href":"https:\/\/antykilion.pl\/fr\/wp-json\/wp\/v2\/media?parent=1076"}],"wp:term":[{"taxonomy":"product_cat","embeddable":true,"href":"https:\/\/antykilion.pl\/fr\/wp-json\/wp\/v2\/product_cat?post=1076"},{"taxonomy":"product_tag","embeddable":true,"href":"https:\/\/antykilion.pl\/fr\/wp-json\/wp\/v2\/product_tag?post=1076"}],"curies":[{"name":"wp","href":"https:\/\/api.w.org\/{rel}","templated":true}]}}